{"id":70,"date":"2023-04-25T15:07:44","date_gmt":"2023-04-25T13:07:44","guid":{"rendered":"http:\/\/jardinsetmaisons.info\/?page_id=70"},"modified":"2023-05-16T13:09:40","modified_gmt":"2023-05-16T11:09:40","slug":"informations-legales","status":"publish","type":"page","link":"https:\/\/jardinsetmaisons.info\/index.php\/informations-legales\/","title":{"rendered":"Informations l\u00e9gales"},"content":{"rendered":"\n<p><strong>PROPRIETE DU SITE<br><\/strong><\/p>\n\n\n\n<p><strong>SARL JARDINS ET MAISONS<\/strong><br>Nicolas BERGER<br>2 rue de l\u2019Egalit\u00e9<br>61290 Longny les Villages<br>Longny au Perche<br>T\u00e9l.: 06 64 20 67 46<br>Courriel :&nbsp;<a href=\"mailto:nicolas@jardinsetmaisons.fr\">nicolas@jardinsetmaisons.fr<\/a><\/p>\n\n\n\n<p>SIRET : 518 500 418 000 18 \u2013 TVA INTRACOMMUNAUTAIRE : FR 51518500418<\/p>\n\n\n\n<p><strong>HEBERGEMENT<br><\/strong><strong>OVH<br><\/strong>Adresse web : www.ovh.com<br>Adresse Postale : 2 rue kellermann BP 80157 59053 ROUBAIX Cedex<br>T\u00e9l\u00e9phone : +33 (0)8 203 203 63<br>Adresse \u00e9lectronique :&nbsp;<a href=\"mailto:support@ovh.com\" target=\"_blank\" rel=\"noreferrer noopener\">support@ovh.com<\/a><\/p>\n\n\n\n<p><strong>CONNCEPTION, REALISATION, IDENTITE GRAPHIQUE DU SITE<br><\/strong>Pascal FLAMAND<br>T\u00e9l\u00e9phone : +33 (0) 664 162 990<br>Adresse \u00e9lectronique :\u00a0<a href=\"mailto:contact@pflamand.com\" target=\"_blank\" rel=\"noreferrer noopener\">contact@pflamand.com<\/a><\/p>\n\n\n\n<p><strong>CREDITS PHOTOS<br><\/strong>Nicolas BERGER &#8211; Pascal FLAMAND<\/p>\n","protected":false},"excerpt":{"rendered":"<p>PROPRIETE DU SITE SARL JARDINS ET MAISONSNicolas BERGER2 rue de l\u2019Egalit\u00e961290 Longny les VillagesLongny au PercheT\u00e9l.: 06 64 20 67 46Courriel :&nbsp;nicolas@jardinsetmaisons.fr SIRET : 518 500 418 000 18 \u2013 TVA INTRACOMMUNAUTAIRE : FR 51518500418 HEBERGEMENTOVHAdresse web : www.ovh.comAdresse Postale : 2 rue kellermann BP 80157 59053 ROUBAIX CedexT\u00e9l\u00e9phone : +33 (0)8 203 203 63Adresse \u00e9lectronique :&nbsp;support@ovh.com CONNCEPTION, REALISATION, IDENTITE GRAPHIQUE DU SITEPascal FLAMANDT\u00e9l\u00e9phone :&hellip; <\/p>\n","protected":false},"author":1,"featured_media":0,"parent":0,"menu_order":0,"comment_status":"closed","ping_status":"closed","template":"","meta":{"ngg_post_thumbnail":0,"footnotes":""},"class_list":["post-70","page","type-page","status-publish","hentry","clearfix"],"yoast_head":"<!-- This site is optimized with the Yoast SEO plugin v26.6 - https:\/\/yoast.com\/wordpress\/plugins\/seo\/ -->\n<title>Informations l\u00e9gales - Jardins et Maisons - Nicolas Berger<\/title>\n<meta name=\"robots\" content=\"index, follow, max-snippet:-1, max-image-preview:large, max-video-preview:-1\" \/>\n<link rel=\"canonical\" href=\"https:\/\/jardinsetmaisons.info\/index.php\/informations-legales\/\" \/>\n<meta property=\"og:locale\" content=\"fr_FR\" \/>\n<meta property=\"og:type\" content=\"article\" \/>\n<meta property=\"og:title\" content=\"Informations l\u00e9gales - Jardins et Maisons - Nicolas Berger\" \/>\n<meta property=\"og:description\" content=\"PROPRIETE DU SITE SARL JARDINS ET MAISONSNicolas BERGER2 rue de l\u2019Egalit\u00e961290 Longny les VillagesLongny au PercheT\u00e9l.: 06 64 20 67 46Courriel :&nbsp;nicolas@jardinsetmaisons.fr SIRET : 518 500 418 000 18 \u2013 TVA INTRACOMMUNAUTAIRE : FR 51518500418 HEBERGEMENTOVHAdresse web : www.ovh.comAdresse Postale : 2 rue kellermann BP 80157 59053 ROUBAIX CedexT\u00e9l\u00e9phone : +33 (0)8 203 203 63Adresse \u00e9lectronique :&nbsp;support@ovh.com CONNCEPTION, REALISATION, IDENTITE GRAPHIQUE DU SITEPascal FLAMANDT\u00e9l\u00e9phone :&hellip;\" \/>\n<meta property=\"og:url\" content=\"https:\/\/jardinsetmaisons.info\/index.php\/informations-legales\/\" \/>\n<meta property=\"og:site_name\" content=\"Jardins et Maisons - Nicolas Berger\" \/>\n<meta property=\"article:modified_time\" content=\"2023-05-16T11:09:40+00:00\" \/>\n<meta name=\"twitter:card\" content=\"summary_large_image\" \/>\n<meta name=\"twitter:label1\" content=\"Dur\u00e9e de lecture estim\u00e9e\" \/>\n\t<meta name=\"twitter:data1\" content=\"1 minute\" \/>\n<script type=\"application\/ld+json\" class=\"yoast-schema-graph\">{\"@context\":\"https:\/\/schema.org\",\"@graph\":[{\"@type\":\"WebPage\",\"@id\":\"https:\/\/jardinsetmaisons.info\/index.php\/informations-legales\/\",\"url\":\"https:\/\/jardinsetmaisons.info\/index.php\/informations-legales\/\",\"name\":\"Informations l\u00e9gales - Jardins et Maisons - Nicolas Berger\",\"isPartOf\":{\"@id\":\"https:\/\/jardinsetmaisons.info\/#website\"},\"datePublished\":\"2023-04-25T13:07:44+00:00\",\"dateModified\":\"2023-05-16T11:09:40+00:00\",\"breadcrumb\":{\"@id\":\"https:\/\/jardinsetmaisons.info\/index.php\/informations-legales\/#breadcrumb\"},\"inLanguage\":\"fr-FR\",\"potentialAction\":[{\"@type\":\"ReadAction\",\"target\":[\"https:\/\/jardinsetmaisons.info\/index.php\/informations-legales\/\"]}]},{\"@type\":\"BreadcrumbList\",\"@id\":\"https:\/\/jardinsetmaisons.info\/index.php\/informations-legales\/#breadcrumb\",\"itemListElement\":[{\"@type\":\"ListItem\",\"position\":1,\"name\":\"Accueil\",\"item\":\"https:\/\/jardinsetmaisons.info\/\"},{\"@type\":\"ListItem\",\"position\":2,\"name\":\"Informations l\u00e9gales\"}]},{\"@type\":\"WebSite\",\"@id\":\"https:\/\/jardinsetmaisons.info\/#website\",\"url\":\"https:\/\/jardinsetmaisons.info\/\",\"name\":\"Jardins et Maisons - Nicolas Berger\",\"description\":\"Jardins et Maisons - Nicolas Berger\",\"potentialAction\":[{\"@type\":\"SearchAction\",\"target\":{\"@type\":\"EntryPoint\",\"urlTemplate\":\"https:\/\/jardinsetmaisons.info\/?s={search_term_string}\"},\"query-input\":{\"@type\":\"PropertyValueSpecification\",\"valueRequired\":true,\"valueName\":\"search_term_string\"}}],\"inLanguage\":\"fr-FR\"}]}<\/script>\n<!-- \/ Yoast SEO plugin. -->","yoast_head_json":{"title":"Informations l\u00e9gales - Jardins et Maisons - Nicolas Berger","robots":{"index":"index","follow":"follow","max-snippet":"max-snippet:-1","max-image-preview":"max-image-preview:large","max-video-preview":"max-video-preview:-1"},"canonical":"https:\/\/jardinsetmaisons.info\/index.php\/informations-legales\/","og_locale":"fr_FR","og_type":"article","og_title":"Informations l\u00e9gales - Jardins et Maisons - Nicolas Berger","og_description":"PROPRIETE DU SITE SARL JARDINS ET MAISONSNicolas BERGER2 rue de l\u2019Egalit\u00e961290 Longny les VillagesLongny au PercheT\u00e9l.: 06 64 20 67 46Courriel :&nbsp;nicolas@jardinsetmaisons.fr SIRET : 518 500 418 000 18 \u2013 TVA INTRACOMMUNAUTAIRE : FR 51518500418 HEBERGEMENTOVHAdresse web : www.ovh.comAdresse Postale : 2 rue kellermann BP 80157 59053 ROUBAIX CedexT\u00e9l\u00e9phone : +33 (0)8 203 203 63Adresse \u00e9lectronique :&nbsp;support@ovh.com CONNCEPTION, REALISATION, IDENTITE GRAPHIQUE DU SITEPascal FLAMANDT\u00e9l\u00e9phone :&hellip;","og_url":"https:\/\/jardinsetmaisons.info\/index.php\/informations-legales\/","og_site_name":"Jardins et Maisons - Nicolas Berger","article_modified_time":"2023-05-16T11:09:40+00:00","twitter_card":"summary_large_image","twitter_misc":{"Dur\u00e9e de lecture estim\u00e9e":"1 minute"},"schema":{"@context":"https:\/\/schema.org","@graph":[{"@type":"WebPage","@id":"https:\/\/jardinsetmaisons.info\/index.php\/informations-legales\/","url":"https:\/\/jardinsetmaisons.info\/index.php\/informations-legales\/","name":"Informations l\u00e9gales - Jardins et Maisons - Nicolas Berger","isPartOf":{"@id":"https:\/\/jardinsetmaisons.info\/#website"},"datePublished":"2023-04-25T13:07:44+00:00","dateModified":"2023-05-16T11:09:40+00:00","breadcrumb":{"@id":"https:\/\/jardinsetmaisons.info\/index.php\/informations-legales\/#breadcrumb"},"inLanguage":"fr-FR","potentialAction":[{"@type":"ReadAction","target":["https:\/\/jardinsetmaisons.info\/index.php\/informations-legales\/"]}]},{"@type":"BreadcrumbList","@id":"https:\/\/jardinsetmaisons.info\/index.php\/informations-legales\/#breadcrumb","itemListElement":[{"@type":"ListItem","position":1,"name":"Accueil","item":"https:\/\/jardinsetmaisons.info\/"},{"@type":"ListItem","position":2,"name":"Informations l\u00e9gales"}]},{"@type":"WebSite","@id":"https:\/\/jardinsetmaisons.info\/#website","url":"https:\/\/jardinsetmaisons.info\/","name":"Jardins et Maisons - Nicolas Berger","description":"Jardins et Maisons - Nicolas Berger","potentialAction":[{"@type":"SearchAction","target":{"@type":"EntryPoint","urlTemplate":"https:\/\/jardinsetmaisons.info\/?s={search_term_string}"},"query-input":{"@type":"PropertyValueSpecification","valueRequired":true,"valueName":"search_term_string"}}],"inLanguage":"fr-FR"}]}},"_links":{"self":[{"href":"https:\/\/jardinsetmaisons.info\/index.php\/wp-json\/wp\/v2\/pages\/70","targetHints":{"allow":["GET"]}}],"collection":[{"href":"https:\/\/jardinsetmaisons.info\/index.php\/wp-json\/wp\/v2\/pages"}],"about":[{"href":"https:\/\/jardinsetmaisons.info\/index.php\/wp-json\/wp\/v2\/types\/page"}],"author":[{"embeddable":true,"href":"https:\/\/jardinsetmaisons.info\/index.php\/wp-json\/wp\/v2\/users\/1"}],"replies":[{"embeddable":true,"href":"https:\/\/jardinsetmaisons.info\/index.php\/wp-json\/wp\/v2\/comments?post=70"}],"version-history":[{"count":4,"href":"https:\/\/jardinsetmaisons.info\/index.php\/wp-json\/wp\/v2\/pages\/70\/revisions"}],"predecessor-version":[{"id":732,"href":"https:\/\/jardinsetmaisons.info\/index.php\/wp-json\/wp\/v2\/pages\/70\/revisions\/732"}],"wp:attachment":[{"href":"https:\/\/jardinsetmaisons.info\/index.php\/wp-json\/wp\/v2\/media?parent=70"}],"curies":[{"name":"wp","href":"https:\/\/api.w.org\/{rel}","templated":true}]}}