{"id":44,"date":"2023-04-25T14:53:23","date_gmt":"2023-04-25T12:53:23","guid":{"rendered":"http:\/\/jardinsetmaisons.info\/?page_id=44"},"modified":"2023-05-16T22:09:18","modified_gmt":"2023-05-16T20:09:18","slug":"notre-equipement","status":"publish","type":"page","link":"https:\/\/jardinsetmaisons.info\/index.php\/notre-equipement\/","title":{"rendered":"Nos \u00e9quipements"},"content":{"rendered":"\n<p><strong>Nos camions<\/strong><\/p>\n\n\n\n<figure class=\"wp-block-image size-full\"><img loading=\"lazy\" decoding=\"async\" width=\"915\" height=\"306\" src=\"http:\/\/jardinsetmaisons.info\/wp-content\/uploads\/2023\/04\/materiel-camions.jpg\" alt=\"\" class=\"wp-image-619\" srcset=\"https:\/\/jardinsetmaisons.info\/wp-content\/uploads\/2023\/04\/materiel-camions.jpg 915w, https:\/\/jardinsetmaisons.info\/wp-content\/uploads\/2023\/04\/materiel-camions-300x100.jpg 300w, https:\/\/jardinsetmaisons.info\/wp-content\/uploads\/2023\/04\/materiel-camions-768x257.jpg 768w\" sizes=\"auto, (max-width: 915px) 100vw, 915px\" \/><\/figure>\n\n\n\n<p><br><strong>Nos tracteurs<\/strong><\/p>\n\n\n\n<figure class=\"wp-block-gallery has-nested-images columns-default is-cropped wp-block-gallery-1 is-layout-flex wp-block-gallery-is-layout-flex\">\n<figure class=\"wp-block-image size-large\"><img loading=\"lazy\" decoding=\"async\" width=\"914\" height=\"250\" data-id=\"622\" src=\"http:\/\/jardinsetmaisons.info\/wp-content\/uploads\/2023\/04\/equipement-tracteurs-02.jpg\" alt=\"\" class=\"wp-image-622\" srcset=\"https:\/\/jardinsetmaisons.info\/wp-content\/uploads\/2023\/04\/equipement-tracteurs-02.jpg 914w, https:\/\/jardinsetmaisons.info\/wp-content\/uploads\/2023\/04\/equipement-tracteurs-02-300x82.jpg 300w, https:\/\/jardinsetmaisons.info\/wp-content\/uploads\/2023\/04\/equipement-tracteurs-02-768x210.jpg 768w\" sizes=\"auto, (max-width: 914px) 100vw, 914px\" \/><\/figure>\n\n\n\n<figure class=\"wp-block-image size-large\"><img loading=\"lazy\" decoding=\"async\" width=\"930\" height=\"254\" data-id=\"620\" src=\"http:\/\/jardinsetmaisons.info\/wp-content\/uploads\/2023\/04\/equipement-tracteurs-03.jpg\" alt=\"\" class=\"wp-image-620\" srcset=\"https:\/\/jardinsetmaisons.info\/wp-content\/uploads\/2023\/04\/equipement-tracteurs-03.jpg 930w, https:\/\/jardinsetmaisons.info\/wp-content\/uploads\/2023\/04\/equipement-tracteurs-03-300x82.jpg 300w, https:\/\/jardinsetmaisons.info\/wp-content\/uploads\/2023\/04\/equipement-tracteurs-03-768x210.jpg 768w\" sizes=\"auto, (max-width: 930px) 100vw, 930px\" \/><\/figure>\n\n\n\n<figure class=\"wp-block-image size-large\"><img loading=\"lazy\" decoding=\"async\" width=\"915\" height=\"317\" data-id=\"621\" src=\"http:\/\/jardinsetmaisons.info\/wp-content\/uploads\/2023\/04\/equipement-tracteurs.jpg\" alt=\"\" class=\"wp-image-621\" srcset=\"https:\/\/jardinsetmaisons.info\/wp-content\/uploads\/2023\/04\/equipement-tracteurs.jpg 915w, https:\/\/jardinsetmaisons.info\/wp-content\/uploads\/2023\/04\/equipement-tracteurs-300x104.jpg 300w, https:\/\/jardinsetmaisons.info\/wp-content\/uploads\/2023\/04\/equipement-tracteurs-768x266.jpg 768w\" sizes=\"auto, (max-width: 915px) 100vw, 915px\" \/><\/figure>\n<\/figure>\n\n\n\n<p><br><strong>Le d\u00e9sherbage m\u00e9canique<\/strong><\/p>\n\n\n\n<figure class=\"wp-block-gallery has-nested-images columns-default is-cropped wp-block-gallery-2 is-layout-flex wp-block-gallery-is-layout-flex\">\n<figure class=\"wp-block-image size-large\"><img loading=\"lazy\" decoding=\"async\" width=\"300\" height=\"200\" data-id=\"600\" src=\"http:\/\/jardinsetmaisons.info\/wp-content\/uploads\/2023\/04\/desherbage-mecanique-01.jpg\" alt=\"\" class=\"wp-image-600\"\/><\/figure>\n\n\n\n<figure class=\"wp-block-image size-large\"><img loading=\"lazy\" decoding=\"async\" width=\"300\" height=\"200\" data-id=\"598\" src=\"http:\/\/jardinsetmaisons.info\/wp-content\/uploads\/2023\/04\/desherbage-mecanique-02.jpg\" alt=\"\" class=\"wp-image-598\"\/><\/figure>\n\n\n\n<figure class=\"wp-block-image size-large\"><img loading=\"lazy\" decoding=\"async\" width=\"300\" height=\"200\" data-id=\"599\" src=\"http:\/\/jardinsetmaisons.info\/wp-content\/uploads\/2023\/04\/desherbage-mecanique-03.jpg\" alt=\"\" class=\"wp-image-599\"\/><\/figure>\n<\/figure>\n\n\n\n<p><br><strong>Broyage en copeaux des bois \u00e9lagu\u00e9s<\/strong><\/p>\n\n\n\n<figure class=\"wp-block-gallery has-nested-images columns-default is-cropped wp-block-gallery-3 is-layout-flex wp-block-gallery-is-layout-flex\">\n<figure class=\"wp-block-image size-large\"><img loading=\"lazy\" decoding=\"async\" width=\"1024\" height=\"645\" data-id=\"799\" src=\"http:\/\/jardinsetmaisons.info\/wp-content\/uploads\/2023\/05\/image-1-1024x645.png\" alt=\"\" class=\"wp-image-799\" srcset=\"https:\/\/jardinsetmaisons.info\/wp-content\/uploads\/2023\/05\/image-1-1024x645.png 1024w, https:\/\/jardinsetmaisons.info\/wp-content\/uploads\/2023\/05\/image-1-300x189.png 300w, https:\/\/jardinsetmaisons.info\/wp-content\/uploads\/2023\/05\/image-1-768x484.png 768w, https:\/\/jardinsetmaisons.info\/wp-content\/uploads\/2023\/05\/image-1.png 1174w\" sizes=\"auto, (max-width: 1024px) 100vw, 1024px\" \/><\/figure>\n\n\n\n<figure class=\"wp-block-image size-large\"><img loading=\"lazy\" decoding=\"async\" width=\"1000\" height=\"763\" data-id=\"801\" src=\"http:\/\/jardinsetmaisons.info\/wp-content\/uploads\/2023\/05\/image-3.png\" alt=\"\" class=\"wp-image-801\" srcset=\"https:\/\/jardinsetmaisons.info\/wp-content\/uploads\/2023\/05\/image-3.png 1000w, https:\/\/jardinsetmaisons.info\/wp-content\/uploads\/2023\/05\/image-3-300x229.png 300w, https:\/\/jardinsetmaisons.info\/wp-content\/uploads\/2023\/05\/image-3-768x586.png 768w\" sizes=\"auto, (max-width: 1000px) 100vw, 1000px\" \/><\/figure>\n\n\n\n<figure class=\"wp-block-image size-large\"><img loading=\"lazy\" decoding=\"async\" width=\"1000\" height=\"667\" data-id=\"802\" src=\"http:\/\/jardinsetmaisons.info\/wp-content\/uploads\/2023\/05\/image-4.png\" alt=\"\" class=\"wp-image-802\" srcset=\"https:\/\/jardinsetmaisons.info\/wp-content\/uploads\/2023\/05\/image-4.png 1000w, https:\/\/jardinsetmaisons.info\/wp-content\/uploads\/2023\/05\/image-4-300x200.png 300w, https:\/\/jardinsetmaisons.info\/wp-content\/uploads\/2023\/05\/image-4-768x512.png 768w\" sizes=\"auto, (max-width: 1000px) 100vw, 1000px\" \/><\/figure>\n<\/figure>\n\n\n\n<p><br><strong>Rognage de souches<\/strong><\/p>\n\n\n\n<figure class=\"wp-block-image size-full\"><img loading=\"lazy\" decoding=\"async\" width=\"300\" height=\"200\" src=\"http:\/\/jardinsetmaisons.info\/wp-content\/uploads\/2023\/04\/materiel-rognage.jpg\" alt=\"\" class=\"wp-image-604\"\/><\/figure>\n\n\n\n<p><br><strong>L&rsquo;\u00e9lagage des branches hautes \u00e0 l&rsquo;aide d&rsquo;une nacelle<\/strong><\/p>\n\n\n\n<figure class=\"wp-block-gallery has-nested-images columns-default is-cropped wp-block-gallery-4 is-layout-flex wp-block-gallery-is-layout-flex\">\n<figure class=\"wp-block-image size-large\"><img loading=\"lazy\" decoding=\"async\" width=\"300\" height=\"200\" data-id=\"608\" src=\"http:\/\/jardinsetmaisons.info\/wp-content\/uploads\/2023\/04\/materiel-nacelle-02.jpg\" alt=\"\" class=\"wp-image-608\"\/><\/figure>\n\n\n\n<figure class=\"wp-block-image size-large\"><img loading=\"lazy\" decoding=\"async\" width=\"300\" height=\"200\" data-id=\"609\" src=\"http:\/\/jardinsetmaisons.info\/wp-content\/uploads\/2023\/04\/materiel-nacelle-03.jpg\" alt=\"\" class=\"wp-image-609\"\/><\/figure>\n\n\n\n<figure class=\"wp-block-image size-large\"><img loading=\"lazy\" decoding=\"async\" width=\"300\" height=\"200\" data-id=\"607\" src=\"http:\/\/jardinsetmaisons.info\/wp-content\/uploads\/2023\/04\/materiel-nacelle-04.jpg\" alt=\"\" class=\"wp-image-607\"\/><\/figure>\n<\/figure>\n\n\n\n<p><br><strong>Tron\u00e7onneuses<\/strong><br><\/p>\n\n\n\n<figure class=\"wp-block-image size-full\"><img loading=\"lazy\" decoding=\"async\" width=\"930\" height=\"254\" src=\"http:\/\/jardinsetmaisons.info\/wp-content\/uploads\/2023\/04\/equipement-tronconneuses.jpg\" alt=\"\" class=\"wp-image-623\" srcset=\"https:\/\/jardinsetmaisons.info\/wp-content\/uploads\/2023\/04\/equipement-tronconneuses.jpg 930w, https:\/\/jardinsetmaisons.info\/wp-content\/uploads\/2023\/04\/equipement-tronconneuses-300x82.jpg 300w, https:\/\/jardinsetmaisons.info\/wp-content\/uploads\/2023\/04\/equipement-tronconneuses-768x210.jpg 768w\" sizes=\"auto, (max-width: 930px) 100vw, 930px\" \/><\/figure>\n\n\n\n<p><br><strong>Fauchage et taille \u00e0 l&rsquo;aide d&rsquo;une \u00e9pareuse<\/strong><br><\/p>\n\n\n\n<figure class=\"wp-block-gallery has-nested-images columns-default is-cropped wp-block-gallery-5 is-layout-flex wp-block-gallery-is-layout-flex\">\n<figure class=\"wp-block-image size-full\"><img loading=\"lazy\" decoding=\"async\" width=\"1000\" height=\"750\" data-id=\"777\" src=\"http:\/\/jardinsetmaisons.info\/wp-content\/uploads\/2023\/05\/equipement-epareuse-2.jpg\" alt=\"\" class=\"wp-image-777\" srcset=\"https:\/\/jardinsetmaisons.info\/wp-content\/uploads\/2023\/05\/equipement-epareuse-2.jpg 1000w, https:\/\/jardinsetmaisons.info\/wp-content\/uploads\/2023\/05\/equipement-epareuse-2-300x225.jpg 300w, https:\/\/jardinsetmaisons.info\/wp-content\/uploads\/2023\/05\/equipement-epareuse-2-768x576.jpg 768w\" sizes=\"auto, (max-width: 1000px) 100vw, 1000px\" \/><\/figure>\n\n\n\n<figure class=\"wp-block-image size-large\"><img loading=\"lazy\" decoding=\"async\" width=\"1000\" height=\"750\" data-id=\"795\" src=\"http:\/\/jardinsetmaisons.info\/wp-content\/uploads\/2023\/05\/image.png\" alt=\"\" class=\"wp-image-795\" srcset=\"https:\/\/jardinsetmaisons.info\/wp-content\/uploads\/2023\/05\/image.png 1000w, https:\/\/jardinsetmaisons.info\/wp-content\/uploads\/2023\/05\/image-300x225.png 300w, https:\/\/jardinsetmaisons.info\/wp-content\/uploads\/2023\/05\/image-768x576.png 768w\" sizes=\"auto, (max-width: 1000px) 100vw, 1000px\" \/><\/figure>\n\n\n\n<figure class=\"wp-block-image size-large\"><img loading=\"lazy\" decoding=\"async\" width=\"300\" height=\"200\" data-id=\"613\" src=\"http:\/\/jardinsetmaisons.info\/wp-content\/uploads\/2023\/04\/materiel-fauchage.jpg\" alt=\"\" class=\"wp-image-613\"\/><\/figure>\n<\/figure>\n\n\n\n<p><\/p>\n\n\n\n<p><strong>Tonte m\u00e9canique ou robotis\u00e9e<\/strong><br><\/p>\n\n\n\n<figure class=\"wp-block-image size-full\"><img loading=\"lazy\" decoding=\"async\" width=\"300\" height=\"200\" src=\"http:\/\/jardinsetmaisons.info\/wp-content\/uploads\/2023\/04\/materiel-tondeuse-remorque-1.jpg\" alt=\"\" class=\"wp-image-615\"\/><\/figure>\n\n\n\n<p><\/p>\n\n\n\n<p><strong>Souffleuse<\/strong><br><\/p>\n\n\n\n<figure class=\"wp-block-image size-full\"><img loading=\"lazy\" decoding=\"async\" width=\"300\" height=\"200\" src=\"http:\/\/jardinsetmaisons.info\/wp-content\/uploads\/2023\/04\/materiel-souffleuse.jpg\" alt=\"\" class=\"wp-image-616\"\/><\/figure>\n\n\n\n<p><br><strong>Trancheuse<\/strong><\/p>\n\n\n\n<figure class=\"wp-block-image size-full is-resized\"><img decoding=\"async\" src=\"http:\/\/jardinsetmaisons.info\/wp-content\/uploads\/2023\/05\/equipement-trancheuse.jpg\" alt=\"\" class=\"wp-image-770\" width=\"300\" srcset=\"https:\/\/jardinsetmaisons.info\/wp-content\/uploads\/2023\/05\/equipement-trancheuse.jpg 1003w, https:\/\/jardinsetmaisons.info\/wp-content\/uploads\/2023\/05\/equipement-trancheuse-300x228.jpg 300w, https:\/\/jardinsetmaisons.info\/wp-content\/uploads\/2023\/05\/equipement-trancheuse-768x583.jpg 768w\" sizes=\"(max-width: 1003px) 100vw, 1003px\" \/><\/figure>\n\n\n\n<p><\/p>\n","protected":false},"excerpt":{"rendered":"<p>Nos camions Nos tracteurs Le d\u00e9sherbage m\u00e9canique Broyage en copeaux des bois \u00e9lagu\u00e9s Rognage de souches L&rsquo;\u00e9lagage des branches hautes \u00e0 l&rsquo;aide d&rsquo;une nacelle Tron\u00e7onneuses Fauchage et taille \u00e0 l&rsquo;aide d&rsquo;une \u00e9pareuse Tonte m\u00e9canique ou robotis\u00e9e Souffleuse Trancheuse<\/p>\n","protected":false},"author":1,"featured_media":0,"parent":0,"menu_order":0,"comment_status":"closed","ping_status":"closed","template":"","meta":{"ngg_post_thumbnail":0,"footnotes":""},"class_list":["post-44","page","type-page","status-publish","hentry","clearfix"],"yoast_head":"<!-- This site is optimized with the Yoast SEO plugin v26.6 - https:\/\/yoast.com\/wordpress\/plugins\/seo\/ -->\n<title>Nos \u00e9quipements - Jardins et Maisons - Nicolas Berger<\/title>\n<meta name=\"robots\" content=\"index, follow, max-snippet:-1, max-image-preview:large, max-video-preview:-1\" \/>\n<link rel=\"canonical\" href=\"https:\/\/jardinsetmaisons.info\/index.php\/notre-equipement\/\" \/>\n<meta property=\"og:locale\" content=\"fr_FR\" \/>\n<meta property=\"og:type\" content=\"article\" \/>\n<meta property=\"og:title\" content=\"Nos \u00e9quipements - Jardins et Maisons - Nicolas Berger\" \/>\n<meta property=\"og:description\" content=\"Nos camions Nos tracteurs Le d\u00e9sherbage m\u00e9canique Broyage en copeaux des bois \u00e9lagu\u00e9s Rognage de souches L&rsquo;\u00e9lagage des branches hautes \u00e0 l&rsquo;aide d&rsquo;une nacelle Tron\u00e7onneuses Fauchage et taille \u00e0 l&rsquo;aide d&rsquo;une \u00e9pareuse Tonte m\u00e9canique ou robotis\u00e9e Souffleuse Trancheuse\" \/>\n<meta property=\"og:url\" content=\"https:\/\/jardinsetmaisons.info\/index.php\/notre-equipement\/\" \/>\n<meta property=\"og:site_name\" content=\"Jardins et Maisons - Nicolas Berger\" \/>\n<meta property=\"article:modified_time\" content=\"2023-05-16T20:09:18+00:00\" \/>\n<meta property=\"og:image\" content=\"http:\/\/jardinsetmaisons.info\/wp-content\/uploads\/2023\/04\/materiel-camions.jpg\" \/>\n<meta name=\"twitter:card\" content=\"summary_large_image\" \/>\n<meta name=\"twitter:label1\" content=\"Dur\u00e9e de lecture estim\u00e9e\" \/>\n\t<meta name=\"twitter:data1\" content=\"5 minutes\" \/>\n<script type=\"application\/ld+json\" class=\"yoast-schema-graph\">{\"@context\":\"https:\/\/schema.org\",\"@graph\":[{\"@type\":\"WebPage\",\"@id\":\"https:\/\/jardinsetmaisons.info\/index.php\/notre-equipement\/\",\"url\":\"https:\/\/jardinsetmaisons.info\/index.php\/notre-equipement\/\",\"name\":\"Nos \u00e9quipements - Jardins et Maisons - Nicolas Berger\",\"isPartOf\":{\"@id\":\"https:\/\/jardinsetmaisons.info\/#website\"},\"primaryImageOfPage\":{\"@id\":\"https:\/\/jardinsetmaisons.info\/index.php\/notre-equipement\/#primaryimage\"},\"image\":{\"@id\":\"https:\/\/jardinsetmaisons.info\/index.php\/notre-equipement\/#primaryimage\"},\"thumbnailUrl\":\"http:\/\/jardinsetmaisons.info\/wp-content\/uploads\/2023\/04\/materiel-camions.jpg\",\"datePublished\":\"2023-04-25T12:53:23+00:00\",\"dateModified\":\"2023-05-16T20:09:18+00:00\",\"breadcrumb\":{\"@id\":\"https:\/\/jardinsetmaisons.info\/index.php\/notre-equipement\/#breadcrumb\"},\"inLanguage\":\"fr-FR\",\"potentialAction\":[{\"@type\":\"ReadAction\",\"target\":[\"https:\/\/jardinsetmaisons.info\/index.php\/notre-equipement\/\"]}]},{\"@type\":\"ImageObject\",\"inLanguage\":\"fr-FR\",\"@id\":\"https:\/\/jardinsetmaisons.info\/index.php\/notre-equipement\/#primaryimage\",\"url\":\"https:\/\/jardinsetmaisons.info\/wp-content\/uploads\/2023\/04\/materiel-camions.jpg\",\"contentUrl\":\"https:\/\/jardinsetmaisons.info\/wp-content\/uploads\/2023\/04\/materiel-camions.jpg\",\"width\":915,\"height\":306},{\"@type\":\"BreadcrumbList\",\"@id\":\"https:\/\/jardinsetmaisons.info\/index.php\/notre-equipement\/#breadcrumb\",\"itemListElement\":[{\"@type\":\"ListItem\",\"position\":1,\"name\":\"Accueil\",\"item\":\"https:\/\/jardinsetmaisons.info\/\"},{\"@type\":\"ListItem\",\"position\":2,\"name\":\"Nos \u00e9quipements\"}]},{\"@type\":\"WebSite\",\"@id\":\"https:\/\/jardinsetmaisons.info\/#website\",\"url\":\"https:\/\/jardinsetmaisons.info\/\",\"name\":\"Jardins et Maisons - Nicolas Berger\",\"description\":\"Jardins et Maisons - Nicolas Berger\",\"potentialAction\":[{\"@type\":\"SearchAction\",\"target\":{\"@type\":\"EntryPoint\",\"urlTemplate\":\"https:\/\/jardinsetmaisons.info\/?s={search_term_string}\"},\"query-input\":{\"@type\":\"PropertyValueSpecification\",\"valueRequired\":true,\"valueName\":\"search_term_string\"}}],\"inLanguage\":\"fr-FR\"}]}<\/script>\n<!-- \/ Yoast SEO plugin. -->","yoast_head_json":{"title":"Nos \u00e9quipements - Jardins et Maisons - Nicolas Berger","robots":{"index":"index","follow":"follow","max-snippet":"max-snippet:-1","max-image-preview":"max-image-preview:large","max-video-preview":"max-video-preview:-1"},"canonical":"https:\/\/jardinsetmaisons.info\/index.php\/notre-equipement\/","og_locale":"fr_FR","og_type":"article","og_title":"Nos \u00e9quipements - Jardins et Maisons - Nicolas Berger","og_description":"Nos camions Nos tracteurs Le d\u00e9sherbage m\u00e9canique Broyage en copeaux des bois \u00e9lagu\u00e9s Rognage de souches L&rsquo;\u00e9lagage des branches hautes \u00e0 l&rsquo;aide d&rsquo;une nacelle Tron\u00e7onneuses Fauchage et taille \u00e0 l&rsquo;aide d&rsquo;une \u00e9pareuse Tonte m\u00e9canique ou robotis\u00e9e Souffleuse Trancheuse","og_url":"https:\/\/jardinsetmaisons.info\/index.php\/notre-equipement\/","og_site_name":"Jardins et Maisons - Nicolas Berger","article_modified_time":"2023-05-16T20:09:18+00:00","og_image":[{"url":"http:\/\/jardinsetmaisons.info\/wp-content\/uploads\/2023\/04\/materiel-camions.jpg","type":"","width":"","height":""}],"twitter_card":"summary_large_image","twitter_misc":{"Dur\u00e9e de lecture estim\u00e9e":"5 minutes"},"schema":{"@context":"https:\/\/schema.org","@graph":[{"@type":"WebPage","@id":"https:\/\/jardinsetmaisons.info\/index.php\/notre-equipement\/","url":"https:\/\/jardinsetmaisons.info\/index.php\/notre-equipement\/","name":"Nos \u00e9quipements - Jardins et Maisons - Nicolas Berger","isPartOf":{"@id":"https:\/\/jardinsetmaisons.info\/#website"},"primaryImageOfPage":{"@id":"https:\/\/jardinsetmaisons.info\/index.php\/notre-equipement\/#primaryimage"},"image":{"@id":"https:\/\/jardinsetmaisons.info\/index.php\/notre-equipement\/#primaryimage"},"thumbnailUrl":"http:\/\/jardinsetmaisons.info\/wp-content\/uploads\/2023\/04\/materiel-camions.jpg","datePublished":"2023-04-25T12:53:23+00:00","dateModified":"2023-05-16T20:09:18+00:00","breadcrumb":{"@id":"https:\/\/jardinsetmaisons.info\/index.php\/notre-equipement\/#breadcrumb"},"inLanguage":"fr-FR","potentialAction":[{"@type":"ReadAction","target":["https:\/\/jardinsetmaisons.info\/index.php\/notre-equipement\/"]}]},{"@type":"ImageObject","inLanguage":"fr-FR","@id":"https:\/\/jardinsetmaisons.info\/index.php\/notre-equipement\/#primaryimage","url":"https:\/\/jardinsetmaisons.info\/wp-content\/uploads\/2023\/04\/materiel-camions.jpg","contentUrl":"https:\/\/jardinsetmaisons.info\/wp-content\/uploads\/2023\/04\/materiel-camions.jpg","width":915,"height":306},{"@type":"BreadcrumbList","@id":"https:\/\/jardinsetmaisons.info\/index.php\/notre-equipement\/#breadcrumb","itemListElement":[{"@type":"ListItem","position":1,"name":"Accueil","item":"https:\/\/jardinsetmaisons.info\/"},{"@type":"ListItem","position":2,"name":"Nos \u00e9quipements"}]},{"@type":"WebSite","@id":"https:\/\/jardinsetmaisons.info\/#website","url":"https:\/\/jardinsetmaisons.info\/","name":"Jardins et Maisons - Nicolas Berger","description":"Jardins et Maisons - Nicolas Berger","potentialAction":[{"@type":"SearchAction","target":{"@type":"EntryPoint","urlTemplate":"https:\/\/jardinsetmaisons.info\/?s={search_term_string}"},"query-input":{"@type":"PropertyValueSpecification","valueRequired":true,"valueName":"search_term_string"}}],"inLanguage":"fr-FR"}]}},"_links":{"self":[{"href":"https:\/\/jardinsetmaisons.info\/index.php\/wp-json\/wp\/v2\/pages\/44","targetHints":{"allow":["GET"]}}],"collection":[{"href":"https:\/\/jardinsetmaisons.info\/index.php\/wp-json\/wp\/v2\/pages"}],"about":[{"href":"https:\/\/jardinsetmaisons.info\/index.php\/wp-json\/wp\/v2\/types\/page"}],"author":[{"embeddable":true,"href":"https:\/\/jardinsetmaisons.info\/index.php\/wp-json\/wp\/v2\/users\/1"}],"replies":[{"embeddable":true,"href":"https:\/\/jardinsetmaisons.info\/index.php\/wp-json\/wp\/v2\/comments?post=44"}],"version-history":[{"count":21,"href":"https:\/\/jardinsetmaisons.info\/index.php\/wp-json\/wp\/v2\/pages\/44\/revisions"}],"predecessor-version":[{"id":803,"href":"https:\/\/jardinsetmaisons.info\/index.php\/wp-json\/wp\/v2\/pages\/44\/revisions\/803"}],"wp:attachment":[{"href":"https:\/\/jardinsetmaisons.info\/index.php\/wp-json\/wp\/v2\/media?parent=44"}],"curies":[{"name":"wp","href":"https:\/\/api.w.org\/{rel}","templated":true}]}}