{"id":36,"date":"2023-04-25T14:49:53","date_gmt":"2023-04-25T12:49:53","guid":{"rendered":"http:\/\/jardinsetmaisons.info\/?page_id=36"},"modified":"2023-04-26T17:21:14","modified_gmt":"2023-04-26T15:21:14","slug":"eclairage","status":"publish","type":"page","link":"https:\/\/jardinsetmaisons.info\/index.php\/eclairage\/","title":{"rendered":"Eclairage"},"content":{"rendered":"\n<p><strong>Multifonctionnel, l\u2019\u00e9clairage paysager permet de mettre en valeur des \u00e9l\u00e9ments architecturaux ou des v\u00e9g\u00e9taux et de cr\u00e9er des jeux d\u2019ombre et de texture.<\/strong><br><br>Illuminer un arbre ou un massif, d\u00e9limiter un chemin avec des spots, \u00e9clairer la terrasse ou le jardin, l\u2019\u00e9clairage n\u2019est pas seulement une question de s\u00e9curit\u00e9 mais aussi d\u2019esth\u00e9tique. <\/p>\n\n\n\n<p>Nous installons, param\u00e9trons, et assurons la maintenance d\u2019\u00e9quipements d\u2019\u00e9clairage et de robotique. <\/p>\n\n\n\n<p><strong>Nos comp\u00e9tences sont \u00e0 la fois esth\u00e9tiques et techniques<\/strong>. Esth\u00e9tiques, car nous cr\u00e9ons des ambiances lumineuses qui apportent des jeux de lumi\u00e8res entre d\u00e9cor min\u00e9ral et sc\u00e8ne v\u00e9g\u00e9tale. Techniques, car nous concevons des syst\u00e8mes complets d\u2019\u00e9clairage et d\u2019automatisme de confort au sein des jardins Nous privil\u00e9gions des <strong>mat\u00e9riels \u00e9lectriques fiables<\/strong> dans le temps et <strong>peu \u00e9nergivores<\/strong>.<\/p>\n\n\n\n<p><br><\/p>\n\n\n\n<p><\/p>\n","protected":false},"excerpt":{"rendered":"<p>Multifonctionnel, l\u2019\u00e9clairage paysager permet de mettre en valeur des \u00e9l\u00e9ments architecturaux ou des v\u00e9g\u00e9taux et de cr\u00e9er des jeux d\u2019ombre et de texture. Illuminer un arbre ou un massif, d\u00e9limiter un chemin avec des spots, \u00e9clairer la terrasse ou le jardin, l\u2019\u00e9clairage n\u2019est pas seulement une question de s\u00e9curit\u00e9 mais aussi d\u2019esth\u00e9tique. Nous installons, param\u00e9trons, et assurons la maintenance d\u2019\u00e9quipements d\u2019\u00e9clairage et de robotique. Nos&hellip; <\/p>\n","protected":false},"author":1,"featured_media":0,"parent":0,"menu_order":0,"comment_status":"closed","ping_status":"closed","template":"","meta":{"ngg_post_thumbnail":0,"footnotes":""},"class_list":["post-36","page","type-page","status-publish","hentry","clearfix"],"yoast_head":"<!-- This site is optimized with the Yoast SEO plugin v26.6 - https:\/\/yoast.com\/wordpress\/plugins\/seo\/ -->\n<title>Eclairage - Jardins et Maisons - Nicolas Berger<\/title>\n<meta name=\"description\" content=\"Multifonctionnel, l\u2019\u00e9clairage paysager permet de mettre en valeur des \u00e9l\u00e9ments architecturaux ou des v\u00e9g\u00e9taux et de cr\u00e9er des jeux d\u2019ombre et de texture.\" \/>\n<meta name=\"robots\" content=\"index, follow, max-snippet:-1, max-image-preview:large, max-video-preview:-1\" \/>\n<link rel=\"canonical\" href=\"https:\/\/jardinsetmaisons.info\/index.php\/eclairage\/\" \/>\n<meta property=\"og:locale\" content=\"fr_FR\" \/>\n<meta property=\"og:type\" content=\"article\" \/>\n<meta property=\"og:title\" content=\"Eclairage - Jardins et Maisons - Nicolas Berger\" \/>\n<meta property=\"og:description\" content=\"Multifonctionnel, l\u2019\u00e9clairage paysager permet de mettre en valeur des \u00e9l\u00e9ments architecturaux ou des v\u00e9g\u00e9taux et de cr\u00e9er des jeux d\u2019ombre et de texture.\" \/>\n<meta property=\"og:url\" content=\"https:\/\/jardinsetmaisons.info\/index.php\/eclairage\/\" \/>\n<meta property=\"og:site_name\" content=\"Jardins et Maisons - Nicolas Berger\" \/>\n<meta property=\"article:modified_time\" content=\"2023-04-26T15:21:14+00:00\" \/>\n<meta name=\"twitter:card\" content=\"summary_large_image\" \/>\n<meta name=\"twitter:label1\" content=\"Dur\u00e9e de lecture estim\u00e9e\" \/>\n\t<meta name=\"twitter:data1\" content=\"1 minute\" \/>\n<script type=\"application\/ld+json\" class=\"yoast-schema-graph\">{\"@context\":\"https:\/\/schema.org\",\"@graph\":[{\"@type\":\"WebPage\",\"@id\":\"https:\/\/jardinsetmaisons.info\/index.php\/eclairage\/\",\"url\":\"https:\/\/jardinsetmaisons.info\/index.php\/eclairage\/\",\"name\":\"Eclairage - Jardins et Maisons - Nicolas Berger\",\"isPartOf\":{\"@id\":\"https:\/\/jardinsetmaisons.info\/#website\"},\"datePublished\":\"2023-04-25T12:49:53+00:00\",\"dateModified\":\"2023-04-26T15:21:14+00:00\",\"description\":\"Multifonctionnel, l\u2019\u00e9clairage paysager permet de mettre en valeur des \u00e9l\u00e9ments architecturaux ou des v\u00e9g\u00e9taux et de cr\u00e9er des jeux d\u2019ombre et de texture.\",\"breadcrumb\":{\"@id\":\"https:\/\/jardinsetmaisons.info\/index.php\/eclairage\/#breadcrumb\"},\"inLanguage\":\"fr-FR\",\"potentialAction\":[{\"@type\":\"ReadAction\",\"target\":[\"https:\/\/jardinsetmaisons.info\/index.php\/eclairage\/\"]}]},{\"@type\":\"BreadcrumbList\",\"@id\":\"https:\/\/jardinsetmaisons.info\/index.php\/eclairage\/#breadcrumb\",\"itemListElement\":[{\"@type\":\"ListItem\",\"position\":1,\"name\":\"Accueil\",\"item\":\"https:\/\/jardinsetmaisons.info\/\"},{\"@type\":\"ListItem\",\"position\":2,\"name\":\"Eclairage\"}]},{\"@type\":\"WebSite\",\"@id\":\"https:\/\/jardinsetmaisons.info\/#website\",\"url\":\"https:\/\/jardinsetmaisons.info\/\",\"name\":\"Jardins et Maisons - Nicolas Berger\",\"description\":\"Jardins et Maisons - Nicolas Berger\",\"potentialAction\":[{\"@type\":\"SearchAction\",\"target\":{\"@type\":\"EntryPoint\",\"urlTemplate\":\"https:\/\/jardinsetmaisons.info\/?s={search_term_string}\"},\"query-input\":{\"@type\":\"PropertyValueSpecification\",\"valueRequired\":true,\"valueName\":\"search_term_string\"}}],\"inLanguage\":\"fr-FR\"}]}<\/script>\n<!-- \/ Yoast SEO plugin. -->","yoast_head_json":{"title":"Eclairage - Jardins et Maisons - Nicolas Berger","description":"Multifonctionnel, l\u2019\u00e9clairage paysager permet de mettre en valeur des \u00e9l\u00e9ments architecturaux ou des v\u00e9g\u00e9taux et de cr\u00e9er des jeux d\u2019ombre et de texture.","robots":{"index":"index","follow":"follow","max-snippet":"max-snippet:-1","max-image-preview":"max-image-preview:large","max-video-preview":"max-video-preview:-1"},"canonical":"https:\/\/jardinsetmaisons.info\/index.php\/eclairage\/","og_locale":"fr_FR","og_type":"article","og_title":"Eclairage - Jardins et Maisons - Nicolas Berger","og_description":"Multifonctionnel, l\u2019\u00e9clairage paysager permet de mettre en valeur des \u00e9l\u00e9ments architecturaux ou des v\u00e9g\u00e9taux et de cr\u00e9er des jeux d\u2019ombre et de texture.","og_url":"https:\/\/jardinsetmaisons.info\/index.php\/eclairage\/","og_site_name":"Jardins et Maisons - Nicolas Berger","article_modified_time":"2023-04-26T15:21:14+00:00","twitter_card":"summary_large_image","twitter_misc":{"Dur\u00e9e de lecture estim\u00e9e":"1 minute"},"schema":{"@context":"https:\/\/schema.org","@graph":[{"@type":"WebPage","@id":"https:\/\/jardinsetmaisons.info\/index.php\/eclairage\/","url":"https:\/\/jardinsetmaisons.info\/index.php\/eclairage\/","name":"Eclairage - Jardins et Maisons - Nicolas Berger","isPartOf":{"@id":"https:\/\/jardinsetmaisons.info\/#website"},"datePublished":"2023-04-25T12:49:53+00:00","dateModified":"2023-04-26T15:21:14+00:00","description":"Multifonctionnel, l\u2019\u00e9clairage paysager permet de mettre en valeur des \u00e9l\u00e9ments architecturaux ou des v\u00e9g\u00e9taux et de cr\u00e9er des jeux d\u2019ombre et de texture.","breadcrumb":{"@id":"https:\/\/jardinsetmaisons.info\/index.php\/eclairage\/#breadcrumb"},"inLanguage":"fr-FR","potentialAction":[{"@type":"ReadAction","target":["https:\/\/jardinsetmaisons.info\/index.php\/eclairage\/"]}]},{"@type":"BreadcrumbList","@id":"https:\/\/jardinsetmaisons.info\/index.php\/eclairage\/#breadcrumb","itemListElement":[{"@type":"ListItem","position":1,"name":"Accueil","item":"https:\/\/jardinsetmaisons.info\/"},{"@type":"ListItem","position":2,"name":"Eclairage"}]},{"@type":"WebSite","@id":"https:\/\/jardinsetmaisons.info\/#website","url":"https:\/\/jardinsetmaisons.info\/","name":"Jardins et Maisons - Nicolas Berger","description":"Jardins et Maisons - Nicolas Berger","potentialAction":[{"@type":"SearchAction","target":{"@type":"EntryPoint","urlTemplate":"https:\/\/jardinsetmaisons.info\/?s={search_term_string}"},"query-input":{"@type":"PropertyValueSpecification","valueRequired":true,"valueName":"search_term_string"}}],"inLanguage":"fr-FR"}]}},"_links":{"self":[{"href":"https:\/\/jardinsetmaisons.info\/index.php\/wp-json\/wp\/v2\/pages\/36","targetHints":{"allow":["GET"]}}],"collection":[{"href":"https:\/\/jardinsetmaisons.info\/index.php\/wp-json\/wp\/v2\/pages"}],"about":[{"href":"https:\/\/jardinsetmaisons.info\/index.php\/wp-json\/wp\/v2\/types\/page"}],"author":[{"embeddable":true,"href":"https:\/\/jardinsetmaisons.info\/index.php\/wp-json\/wp\/v2\/users\/1"}],"replies":[{"embeddable":true,"href":"https:\/\/jardinsetmaisons.info\/index.php\/wp-json\/wp\/v2\/comments?post=36"}],"version-history":[{"count":3,"href":"https:\/\/jardinsetmaisons.info\/index.php\/wp-json\/wp\/v2\/pages\/36\/revisions"}],"predecessor-version":[{"id":181,"href":"https:\/\/jardinsetmaisons.info\/index.php\/wp-json\/wp\/v2\/pages\/36\/revisions\/181"}],"wp:attachment":[{"href":"https:\/\/jardinsetmaisons.info\/index.php\/wp-json\/wp\/v2\/media?parent=36"}],"curies":[{"name":"wp","href":"https:\/\/api.w.org\/{rel}","templated":true}]}}