{"id":34,"date":"2023-04-25T14:49:16","date_gmt":"2023-04-25T12:49:16","guid":{"rendered":"http:\/\/jardinsetmaisons.info\/?page_id=34"},"modified":"2023-04-26T16:05:26","modified_gmt":"2023-04-26T14:05:26","slug":"arrosage-automatique","status":"publish","type":"page","link":"https:\/\/jardinsetmaisons.info\/index.php\/arrosage-automatique\/","title":{"rendered":"Arrosage"},"content":{"rendered":"\n<p><strong>La mise en place d\u2019un arrosage int\u00e9gr\u00e9 dans votre jardin vous assure confort et tranquillit\u00e9 d\u2019esprit toute l\u2019ann\u00e9e. Vos pelouses, massifs et jardini\u00e8res sont toujours irrigu\u00e9s et vous pouvez vous absenter en toute tranquillit\u00e9.<\/strong><\/p>\n\n\n\n<p><strong>Le syst\u00e8me d\u2019arrosage automatique&nbsp;<\/strong><\/p>\n\n\n<div class=\"wp-block-image\">\n<figure class=\"alignleft size-full\"><img loading=\"lazy\" decoding=\"async\" width=\"599\" height=\"365\" src=\"http:\/\/jardinsetmaisons.info\/wp-content\/uploads\/2023\/04\/arrosage.jpg\" alt=\"\" class=\"wp-image-146\" srcset=\"https:\/\/jardinsetmaisons.info\/wp-content\/uploads\/2023\/04\/arrosage.jpg 599w, https:\/\/jardinsetmaisons.info\/wp-content\/uploads\/2023\/04\/arrosage-300x183.jpg 300w\" sizes=\"auto, (max-width: 599px) 100vw, 599px\" \/><\/figure>\n<\/div>\n\n\n<p>La mise en place d\u2019un arrosage automatique vous garantit une <strong>meilleure gestion de l\u2019eau pour votre gazon et vos plantes<\/strong>. Les syst\u00e8mes d\u2019arrosage automatiques vous donnent la libert\u00e9 de choisir le jour, la dur\u00e9e, la fr\u00e9quence et la quantit\u00e9 d\u2019eau pour arroser vos plantes. Cette auto gestion fonctionne gr\u00e2ce aux \u00e9lectrovannes et programmateurs int\u00e9gr\u00e9s.<\/p>\n\n\n\n<p>La mise en eau, et la mise hors gel des installations vous \u00e9vitent le changement de pi\u00e8ces inutiles et limitent les risques de fuite d\u2019eau.<\/p>\n\n\n\n<p>Il existe une large gamme de syst\u00e8mes d\u2019arrosage pour r\u00e9pondre \u00e0 vos envies et aux besoins des arbres, arbustes et fleurs de votre jardin\u00a0: arrosage goutte \u00e0 goutte, arrosage de surface, arrosage enterr\u00e9, etc.<br><br><strong>Dans une d\u00e9marche de d\u00e9veloppement durable et d\u2019\u00e9conomie sur le long terme, nous partageons avec vous notre exp\u00e9rience et les meilleures astuces pour r\u00e9duire la consommation d\u2019eau dans l\u2019entretien de votre jardin (puits, r\u00e9cup\u00e9rateur d\u2019eau\u2026\u00a0)<\/strong><\/p>\n","protected":false},"excerpt":{"rendered":"<p>La mise en place d\u2019un arrosage int\u00e9gr\u00e9 dans votre jardin vous assure confort et tranquillit\u00e9 d\u2019esprit toute l\u2019ann\u00e9e. Vos pelouses, massifs et jardini\u00e8res sont toujours irrigu\u00e9s et vous pouvez vous absenter en toute tranquillit\u00e9. Le syst\u00e8me d\u2019arrosage automatique&nbsp; La mise en place d\u2019un arrosage automatique vous garantit une meilleure gestion de l\u2019eau pour votre gazon et vos plantes. Les syst\u00e8mes d\u2019arrosage automatiques vous donnent la&hellip; <\/p>\n","protected":false},"author":1,"featured_media":0,"parent":0,"menu_order":0,"comment_status":"closed","ping_status":"closed","template":"","meta":{"ngg_post_thumbnail":0,"footnotes":""},"class_list":["post-34","page","type-page","status-publish","hentry","clearfix"],"yoast_head":"<!-- This site is optimized with the Yoast SEO plugin v26.6 - https:\/\/yoast.com\/wordpress\/plugins\/seo\/ -->\n<title>Arrosage - Jardins et Maisons - Nicolas Berger<\/title>\n<meta name=\"robots\" content=\"index, follow, max-snippet:-1, max-image-preview:large, max-video-preview:-1\" \/>\n<link rel=\"canonical\" href=\"https:\/\/jardinsetmaisons.info\/index.php\/arrosage-automatique\/\" \/>\n<meta property=\"og:locale\" content=\"fr_FR\" \/>\n<meta property=\"og:type\" content=\"article\" \/>\n<meta property=\"og:title\" content=\"Arrosage - Jardins et Maisons - Nicolas Berger\" \/>\n<meta property=\"og:description\" content=\"La mise en place d\u2019un arrosage int\u00e9gr\u00e9 dans votre jardin vous assure confort et tranquillit\u00e9 d\u2019esprit toute l\u2019ann\u00e9e. Vos pelouses, massifs et jardini\u00e8res sont toujours irrigu\u00e9s et vous pouvez vous absenter en toute tranquillit\u00e9. Le syst\u00e8me d\u2019arrosage automatique&nbsp; La mise en place d\u2019un arrosage automatique vous garantit une meilleure gestion de l\u2019eau pour votre gazon et vos plantes. Les syst\u00e8mes d\u2019arrosage automatiques vous donnent la&hellip;\" \/>\n<meta property=\"og:url\" content=\"https:\/\/jardinsetmaisons.info\/index.php\/arrosage-automatique\/\" \/>\n<meta property=\"og:site_name\" content=\"Jardins et Maisons - Nicolas Berger\" \/>\n<meta property=\"article:modified_time\" content=\"2023-04-26T14:05:26+00:00\" \/>\n<meta property=\"og:image\" content=\"http:\/\/jardinsetmaisons.info\/wp-content\/uploads\/2023\/04\/arrosage.jpg\" \/>\n<meta name=\"twitter:card\" content=\"summary_large_image\" \/>\n<meta name=\"twitter:label1\" content=\"Dur\u00e9e de lecture estim\u00e9e\" \/>\n\t<meta name=\"twitter:data1\" content=\"2 minutes\" \/>\n<script type=\"application\/ld+json\" class=\"yoast-schema-graph\">{\"@context\":\"https:\/\/schema.org\",\"@graph\":[{\"@type\":\"WebPage\",\"@id\":\"https:\/\/jardinsetmaisons.info\/index.php\/arrosage-automatique\/\",\"url\":\"https:\/\/jardinsetmaisons.info\/index.php\/arrosage-automatique\/\",\"name\":\"Arrosage - Jardins et Maisons - Nicolas Berger\",\"isPartOf\":{\"@id\":\"https:\/\/jardinsetmaisons.info\/#website\"},\"primaryImageOfPage\":{\"@id\":\"https:\/\/jardinsetmaisons.info\/index.php\/arrosage-automatique\/#primaryimage\"},\"image\":{\"@id\":\"https:\/\/jardinsetmaisons.info\/index.php\/arrosage-automatique\/#primaryimage\"},\"thumbnailUrl\":\"http:\/\/jardinsetmaisons.info\/wp-content\/uploads\/2023\/04\/arrosage.jpg\",\"datePublished\":\"2023-04-25T12:49:16+00:00\",\"dateModified\":\"2023-04-26T14:05:26+00:00\",\"breadcrumb\":{\"@id\":\"https:\/\/jardinsetmaisons.info\/index.php\/arrosage-automatique\/#breadcrumb\"},\"inLanguage\":\"fr-FR\",\"potentialAction\":[{\"@type\":\"ReadAction\",\"target\":[\"https:\/\/jardinsetmaisons.info\/index.php\/arrosage-automatique\/\"]}]},{\"@type\":\"ImageObject\",\"inLanguage\":\"fr-FR\",\"@id\":\"https:\/\/jardinsetmaisons.info\/index.php\/arrosage-automatique\/#primaryimage\",\"url\":\"https:\/\/jardinsetmaisons.info\/wp-content\/uploads\/2023\/04\/arrosage.jpg\",\"contentUrl\":\"https:\/\/jardinsetmaisons.info\/wp-content\/uploads\/2023\/04\/arrosage.jpg\",\"width\":599,\"height\":365},{\"@type\":\"BreadcrumbList\",\"@id\":\"https:\/\/jardinsetmaisons.info\/index.php\/arrosage-automatique\/#breadcrumb\",\"itemListElement\":[{\"@type\":\"ListItem\",\"position\":1,\"name\":\"Accueil\",\"item\":\"https:\/\/jardinsetmaisons.info\/\"},{\"@type\":\"ListItem\",\"position\":2,\"name\":\"Arrosage\"}]},{\"@type\":\"WebSite\",\"@id\":\"https:\/\/jardinsetmaisons.info\/#website\",\"url\":\"https:\/\/jardinsetmaisons.info\/\",\"name\":\"Jardins et Maisons - Nicolas Berger\",\"description\":\"Jardins et Maisons - Nicolas Berger\",\"potentialAction\":[{\"@type\":\"SearchAction\",\"target\":{\"@type\":\"EntryPoint\",\"urlTemplate\":\"https:\/\/jardinsetmaisons.info\/?s={search_term_string}\"},\"query-input\":{\"@type\":\"PropertyValueSpecification\",\"valueRequired\":true,\"valueName\":\"search_term_string\"}}],\"inLanguage\":\"fr-FR\"}]}<\/script>\n<!-- \/ Yoast SEO plugin. -->","yoast_head_json":{"title":"Arrosage - Jardins et Maisons - Nicolas Berger","robots":{"index":"index","follow":"follow","max-snippet":"max-snippet:-1","max-image-preview":"max-image-preview:large","max-video-preview":"max-video-preview:-1"},"canonical":"https:\/\/jardinsetmaisons.info\/index.php\/arrosage-automatique\/","og_locale":"fr_FR","og_type":"article","og_title":"Arrosage - Jardins et Maisons - Nicolas Berger","og_description":"La mise en place d\u2019un arrosage int\u00e9gr\u00e9 dans votre jardin vous assure confort et tranquillit\u00e9 d\u2019esprit toute l\u2019ann\u00e9e. Vos pelouses, massifs et jardini\u00e8res sont toujours irrigu\u00e9s et vous pouvez vous absenter en toute tranquillit\u00e9. Le syst\u00e8me d\u2019arrosage automatique&nbsp; La mise en place d\u2019un arrosage automatique vous garantit une meilleure gestion de l\u2019eau pour votre gazon et vos plantes. Les syst\u00e8mes d\u2019arrosage automatiques vous donnent la&hellip;","og_url":"https:\/\/jardinsetmaisons.info\/index.php\/arrosage-automatique\/","og_site_name":"Jardins et Maisons - Nicolas Berger","article_modified_time":"2023-04-26T14:05:26+00:00","og_image":[{"url":"http:\/\/jardinsetmaisons.info\/wp-content\/uploads\/2023\/04\/arrosage.jpg","type":"","width":"","height":""}],"twitter_card":"summary_large_image","twitter_misc":{"Dur\u00e9e de lecture estim\u00e9e":"2 minutes"},"schema":{"@context":"https:\/\/schema.org","@graph":[{"@type":"WebPage","@id":"https:\/\/jardinsetmaisons.info\/index.php\/arrosage-automatique\/","url":"https:\/\/jardinsetmaisons.info\/index.php\/arrosage-automatique\/","name":"Arrosage - Jardins et Maisons - Nicolas Berger","isPartOf":{"@id":"https:\/\/jardinsetmaisons.info\/#website"},"primaryImageOfPage":{"@id":"https:\/\/jardinsetmaisons.info\/index.php\/arrosage-automatique\/#primaryimage"},"image":{"@id":"https:\/\/jardinsetmaisons.info\/index.php\/arrosage-automatique\/#primaryimage"},"thumbnailUrl":"http:\/\/jardinsetmaisons.info\/wp-content\/uploads\/2023\/04\/arrosage.jpg","datePublished":"2023-04-25T12:49:16+00:00","dateModified":"2023-04-26T14:05:26+00:00","breadcrumb":{"@id":"https:\/\/jardinsetmaisons.info\/index.php\/arrosage-automatique\/#breadcrumb"},"inLanguage":"fr-FR","potentialAction":[{"@type":"ReadAction","target":["https:\/\/jardinsetmaisons.info\/index.php\/arrosage-automatique\/"]}]},{"@type":"ImageObject","inLanguage":"fr-FR","@id":"https:\/\/jardinsetmaisons.info\/index.php\/arrosage-automatique\/#primaryimage","url":"https:\/\/jardinsetmaisons.info\/wp-content\/uploads\/2023\/04\/arrosage.jpg","contentUrl":"https:\/\/jardinsetmaisons.info\/wp-content\/uploads\/2023\/04\/arrosage.jpg","width":599,"height":365},{"@type":"BreadcrumbList","@id":"https:\/\/jardinsetmaisons.info\/index.php\/arrosage-automatique\/#breadcrumb","itemListElement":[{"@type":"ListItem","position":1,"name":"Accueil","item":"https:\/\/jardinsetmaisons.info\/"},{"@type":"ListItem","position":2,"name":"Arrosage"}]},{"@type":"WebSite","@id":"https:\/\/jardinsetmaisons.info\/#website","url":"https:\/\/jardinsetmaisons.info\/","name":"Jardins et Maisons - Nicolas Berger","description":"Jardins et Maisons - Nicolas Berger","potentialAction":[{"@type":"SearchAction","target":{"@type":"EntryPoint","urlTemplate":"https:\/\/jardinsetmaisons.info\/?s={search_term_string}"},"query-input":{"@type":"PropertyValueSpecification","valueRequired":true,"valueName":"search_term_string"}}],"inLanguage":"fr-FR"}]}},"_links":{"self":[{"href":"https:\/\/jardinsetmaisons.info\/index.php\/wp-json\/wp\/v2\/pages\/34","targetHints":{"allow":["GET"]}}],"collection":[{"href":"https:\/\/jardinsetmaisons.info\/index.php\/wp-json\/wp\/v2\/pages"}],"about":[{"href":"https:\/\/jardinsetmaisons.info\/index.php\/wp-json\/wp\/v2\/types\/page"}],"author":[{"embeddable":true,"href":"https:\/\/jardinsetmaisons.info\/index.php\/wp-json\/wp\/v2\/users\/1"}],"replies":[{"embeddable":true,"href":"https:\/\/jardinsetmaisons.info\/index.php\/wp-json\/wp\/v2\/comments?post=34"}],"version-history":[{"count":9,"href":"https:\/\/jardinsetmaisons.info\/index.php\/wp-json\/wp\/v2\/pages\/34\/revisions"}],"predecessor-version":[{"id":150,"href":"https:\/\/jardinsetmaisons.info\/index.php\/wp-json\/wp\/v2\/pages\/34\/revisions\/150"}],"wp:attachment":[{"href":"https:\/\/jardinsetmaisons.info\/index.php\/wp-json\/wp\/v2\/media?parent=34"}],"curies":[{"name":"wp","href":"https:\/\/api.w.org\/{rel}","templated":true}]}}