{"id":32,"date":"2023-04-25T14:48:25","date_gmt":"2023-04-25T12:48:25","guid":{"rendered":"http:\/\/jardinsetmaisons.info\/?page_id=32"},"modified":"2023-04-26T16:12:05","modified_gmt":"2023-04-26T14:12:05","slug":"elagage","status":"publish","type":"page","link":"https:\/\/jardinsetmaisons.info\/index.php\/elagage\/","title":{"rendered":"Elagage"},"content":{"rendered":"\n<p><strong>En fonction du projet, et des emplacements du v\u00e9g\u00e9tal les \u00e9lagueurs peuvent proc\u00e9der \u00e0 diff\u00e9rents types de coupes.<\/strong><br><br><\/p>\n\n\n<div class=\"wp-block-image\">\n<figure class=\"alignright size-full is-resized\"><img loading=\"lazy\" decoding=\"async\" src=\"http:\/\/jardinsetmaisons.info\/wp-content\/uploads\/2023\/04\/entretien-elagage-particuliers.jpg\" alt=\"\" class=\"wp-image-154\" width=\"324\" height=\"501\" srcset=\"https:\/\/jardinsetmaisons.info\/wp-content\/uploads\/2023\/04\/entretien-elagage-particuliers.jpg 500w, https:\/\/jardinsetmaisons.info\/wp-content\/uploads\/2023\/04\/entretien-elagage-particuliers-194x300.jpg 194w\" sizes=\"auto, (max-width: 324px) 100vw, 324px\" \/><\/figure>\n<\/div>\n\n\n<p><strong>Les principales techniques utilis\u00e9es sont les suivantes :<\/strong><\/p>\n\n\n\n<p>>> <strong>Taille douce ou naturelle<\/strong><br><br>Une taille qui respecte la nature puisqu\u2019il s\u2019agit de laisser l\u2019arbre \u00e9voluer \u00e0 sa guise. Le principe est simple, enlever 30% environ des branches de l\u2019arbre, de mani\u00e8re \u00e0 \u00e9viter la prise au vent. <strong>L\u2019arbre ayant moins de branchages et donc de feuilles \u00e0 alimenter, sera plus robuste en cas de s\u00e8cheresse \u00e9galement.<\/strong><\/p>\n\n\n\n<p>>> <strong>Taille de formation<\/strong><br><br>Ce type de taille permettra de <strong>contr\u00f4ler l\u2019\u00e9volution des jeunes arbres<\/strong>. Cela s\u2019applique uniquement pour les arbres plant\u00e9s depuis quatre ans environ.<\/p>\n\n\n\n<p>>><strong>Taille en plateau-rideau<\/strong><br><br>Une taille qui file droit ! En effet, la taille en \u00ab\u00a0<strong>plateau-rideau\u00a0<\/strong>\u00bb permet un <strong>alignement parfait des arbres<\/strong>. Souvent utilis\u00e9 dans les rues par les collectivit\u00e9s, jusqu\u2019\u00e0 quatre fois par an, ce type de coupe peut avoir un effet esth\u00e9tique impressionnant au sein des espaces verts de votre entreprise. Il est utilis\u00e9 \u00e9galement si des camions de livraison roulent \u00e0 proximit\u00e9 de ces derniers. <strong>Il faut alors \u00e9laguer au minimum deux fois par an, et cela peut se faire \u00e0 n\u2019importe quelle saison.<\/strong><\/p>\n","protected":false},"excerpt":{"rendered":"<p>En fonction du projet, et des emplacements du v\u00e9g\u00e9tal les \u00e9lagueurs peuvent proc\u00e9der \u00e0 diff\u00e9rents types de coupes. Les principales techniques utilis\u00e9es sont les suivantes : >> Taille douce ou naturelle Une taille qui respecte la nature puisqu\u2019il s\u2019agit de laisser l\u2019arbre \u00e9voluer \u00e0 sa guise. Le principe est simple, enlever 30% environ des branches de l\u2019arbre, de mani\u00e8re \u00e0 \u00e9viter la prise au vent.&hellip; <\/p>\n","protected":false},"author":1,"featured_media":0,"parent":0,"menu_order":0,"comment_status":"closed","ping_status":"closed","template":"","meta":{"ngg_post_thumbnail":0,"footnotes":""},"class_list":["post-32","page","type-page","status-publish","hentry","clearfix"],"yoast_head":"<!-- This site is optimized with the Yoast SEO plugin v26.6 - https:\/\/yoast.com\/wordpress\/plugins\/seo\/ -->\n<title>Elagage - Jardins et Maisons - Nicolas Berger<\/title>\n<meta name=\"robots\" content=\"index, follow, max-snippet:-1, max-image-preview:large, max-video-preview:-1\" \/>\n<link rel=\"canonical\" href=\"https:\/\/jardinsetmaisons.info\/index.php\/elagage\/\" \/>\n<meta property=\"og:locale\" content=\"fr_FR\" \/>\n<meta property=\"og:type\" content=\"article\" \/>\n<meta property=\"og:title\" content=\"Elagage - Jardins et Maisons - Nicolas Berger\" \/>\n<meta property=\"og:description\" content=\"En fonction du projet, et des emplacements du v\u00e9g\u00e9tal les \u00e9lagueurs peuvent proc\u00e9der \u00e0 diff\u00e9rents types de coupes. Les principales techniques utilis\u00e9es sont les suivantes : &gt;&gt; Taille douce ou naturelle Une taille qui respecte la nature puisqu\u2019il s\u2019agit de laisser l\u2019arbre \u00e9voluer \u00e0 sa guise. Le principe est simple, enlever 30% environ des branches de l\u2019arbre, de mani\u00e8re \u00e0 \u00e9viter la prise au vent.&hellip;\" \/>\n<meta property=\"og:url\" content=\"https:\/\/jardinsetmaisons.info\/index.php\/elagage\/\" \/>\n<meta property=\"og:site_name\" content=\"Jardins et Maisons - Nicolas Berger\" \/>\n<meta property=\"article:modified_time\" content=\"2023-04-26T14:12:05+00:00\" \/>\n<meta property=\"og:image\" content=\"http:\/\/jardinsetmaisons.info\/wp-content\/uploads\/2023\/04\/entretien-elagage-particuliers.jpg\" \/>\n<meta name=\"twitter:card\" content=\"summary_large_image\" \/>\n<meta name=\"twitter:label1\" content=\"Dur\u00e9e de lecture estim\u00e9e\" \/>\n\t<meta name=\"twitter:data1\" content=\"2 minutes\" \/>\n<script type=\"application\/ld+json\" class=\"yoast-schema-graph\">{\"@context\":\"https:\/\/schema.org\",\"@graph\":[{\"@type\":\"WebPage\",\"@id\":\"https:\/\/jardinsetmaisons.info\/index.php\/elagage\/\",\"url\":\"https:\/\/jardinsetmaisons.info\/index.php\/elagage\/\",\"name\":\"Elagage - Jardins et Maisons - Nicolas Berger\",\"isPartOf\":{\"@id\":\"https:\/\/jardinsetmaisons.info\/#website\"},\"primaryImageOfPage\":{\"@id\":\"https:\/\/jardinsetmaisons.info\/index.php\/elagage\/#primaryimage\"},\"image\":{\"@id\":\"https:\/\/jardinsetmaisons.info\/index.php\/elagage\/#primaryimage\"},\"thumbnailUrl\":\"http:\/\/jardinsetmaisons.info\/wp-content\/uploads\/2023\/04\/entretien-elagage-particuliers.jpg\",\"datePublished\":\"2023-04-25T12:48:25+00:00\",\"dateModified\":\"2023-04-26T14:12:05+00:00\",\"breadcrumb\":{\"@id\":\"https:\/\/jardinsetmaisons.info\/index.php\/elagage\/#breadcrumb\"},\"inLanguage\":\"fr-FR\",\"potentialAction\":[{\"@type\":\"ReadAction\",\"target\":[\"https:\/\/jardinsetmaisons.info\/index.php\/elagage\/\"]}]},{\"@type\":\"ImageObject\",\"inLanguage\":\"fr-FR\",\"@id\":\"https:\/\/jardinsetmaisons.info\/index.php\/elagage\/#primaryimage\",\"url\":\"https:\/\/jardinsetmaisons.info\/wp-content\/uploads\/2023\/04\/entretien-elagage-particuliers.jpg\",\"contentUrl\":\"https:\/\/jardinsetmaisons.info\/wp-content\/uploads\/2023\/04\/entretien-elagage-particuliers.jpg\",\"width\":500,\"height\":773},{\"@type\":\"BreadcrumbList\",\"@id\":\"https:\/\/jardinsetmaisons.info\/index.php\/elagage\/#breadcrumb\",\"itemListElement\":[{\"@type\":\"ListItem\",\"position\":1,\"name\":\"Accueil\",\"item\":\"https:\/\/jardinsetmaisons.info\/\"},{\"@type\":\"ListItem\",\"position\":2,\"name\":\"Elagage\"}]},{\"@type\":\"WebSite\",\"@id\":\"https:\/\/jardinsetmaisons.info\/#website\",\"url\":\"https:\/\/jardinsetmaisons.info\/\",\"name\":\"Jardins et Maisons - Nicolas Berger\",\"description\":\"Jardins et Maisons - Nicolas Berger\",\"potentialAction\":[{\"@type\":\"SearchAction\",\"target\":{\"@type\":\"EntryPoint\",\"urlTemplate\":\"https:\/\/jardinsetmaisons.info\/?s={search_term_string}\"},\"query-input\":{\"@type\":\"PropertyValueSpecification\",\"valueRequired\":true,\"valueName\":\"search_term_string\"}}],\"inLanguage\":\"fr-FR\"}]}<\/script>\n<!-- \/ Yoast SEO plugin. -->","yoast_head_json":{"title":"Elagage - Jardins et Maisons - Nicolas Berger","robots":{"index":"index","follow":"follow","max-snippet":"max-snippet:-1","max-image-preview":"max-image-preview:large","max-video-preview":"max-video-preview:-1"},"canonical":"https:\/\/jardinsetmaisons.info\/index.php\/elagage\/","og_locale":"fr_FR","og_type":"article","og_title":"Elagage - Jardins et Maisons - Nicolas Berger","og_description":"En fonction du projet, et des emplacements du v\u00e9g\u00e9tal les \u00e9lagueurs peuvent proc\u00e9der \u00e0 diff\u00e9rents types de coupes. Les principales techniques utilis\u00e9es sont les suivantes : >> Taille douce ou naturelle Une taille qui respecte la nature puisqu\u2019il s\u2019agit de laisser l\u2019arbre \u00e9voluer \u00e0 sa guise. Le principe est simple, enlever 30% environ des branches de l\u2019arbre, de mani\u00e8re \u00e0 \u00e9viter la prise au vent.&hellip;","og_url":"https:\/\/jardinsetmaisons.info\/index.php\/elagage\/","og_site_name":"Jardins et Maisons - Nicolas Berger","article_modified_time":"2023-04-26T14:12:05+00:00","og_image":[{"url":"http:\/\/jardinsetmaisons.info\/wp-content\/uploads\/2023\/04\/entretien-elagage-particuliers.jpg","type":"","width":"","height":""}],"twitter_card":"summary_large_image","twitter_misc":{"Dur\u00e9e de lecture estim\u00e9e":"2 minutes"},"schema":{"@context":"https:\/\/schema.org","@graph":[{"@type":"WebPage","@id":"https:\/\/jardinsetmaisons.info\/index.php\/elagage\/","url":"https:\/\/jardinsetmaisons.info\/index.php\/elagage\/","name":"Elagage - Jardins et Maisons - Nicolas Berger","isPartOf":{"@id":"https:\/\/jardinsetmaisons.info\/#website"},"primaryImageOfPage":{"@id":"https:\/\/jardinsetmaisons.info\/index.php\/elagage\/#primaryimage"},"image":{"@id":"https:\/\/jardinsetmaisons.info\/index.php\/elagage\/#primaryimage"},"thumbnailUrl":"http:\/\/jardinsetmaisons.info\/wp-content\/uploads\/2023\/04\/entretien-elagage-particuliers.jpg","datePublished":"2023-04-25T12:48:25+00:00","dateModified":"2023-04-26T14:12:05+00:00","breadcrumb":{"@id":"https:\/\/jardinsetmaisons.info\/index.php\/elagage\/#breadcrumb"},"inLanguage":"fr-FR","potentialAction":[{"@type":"ReadAction","target":["https:\/\/jardinsetmaisons.info\/index.php\/elagage\/"]}]},{"@type":"ImageObject","inLanguage":"fr-FR","@id":"https:\/\/jardinsetmaisons.info\/index.php\/elagage\/#primaryimage","url":"https:\/\/jardinsetmaisons.info\/wp-content\/uploads\/2023\/04\/entretien-elagage-particuliers.jpg","contentUrl":"https:\/\/jardinsetmaisons.info\/wp-content\/uploads\/2023\/04\/entretien-elagage-particuliers.jpg","width":500,"height":773},{"@type":"BreadcrumbList","@id":"https:\/\/jardinsetmaisons.info\/index.php\/elagage\/#breadcrumb","itemListElement":[{"@type":"ListItem","position":1,"name":"Accueil","item":"https:\/\/jardinsetmaisons.info\/"},{"@type":"ListItem","position":2,"name":"Elagage"}]},{"@type":"WebSite","@id":"https:\/\/jardinsetmaisons.info\/#website","url":"https:\/\/jardinsetmaisons.info\/","name":"Jardins et Maisons - Nicolas Berger","description":"Jardins et Maisons - Nicolas Berger","potentialAction":[{"@type":"SearchAction","target":{"@type":"EntryPoint","urlTemplate":"https:\/\/jardinsetmaisons.info\/?s={search_term_string}"},"query-input":{"@type":"PropertyValueSpecification","valueRequired":true,"valueName":"search_term_string"}}],"inLanguage":"fr-FR"}]}},"_links":{"self":[{"href":"https:\/\/jardinsetmaisons.info\/index.php\/wp-json\/wp\/v2\/pages\/32","targetHints":{"allow":["GET"]}}],"collection":[{"href":"https:\/\/jardinsetmaisons.info\/index.php\/wp-json\/wp\/v2\/pages"}],"about":[{"href":"https:\/\/jardinsetmaisons.info\/index.php\/wp-json\/wp\/v2\/types\/page"}],"author":[{"embeddable":true,"href":"https:\/\/jardinsetmaisons.info\/index.php\/wp-json\/wp\/v2\/users\/1"}],"replies":[{"embeddable":true,"href":"https:\/\/jardinsetmaisons.info\/index.php\/wp-json\/wp\/v2\/comments?post=32"}],"version-history":[{"count":6,"href":"https:\/\/jardinsetmaisons.info\/index.php\/wp-json\/wp\/v2\/pages\/32\/revisions"}],"predecessor-version":[{"id":160,"href":"https:\/\/jardinsetmaisons.info\/index.php\/wp-json\/wp\/v2\/pages\/32\/revisions\/160"}],"wp:attachment":[{"href":"https:\/\/jardinsetmaisons.info\/index.php\/wp-json\/wp\/v2\/media?parent=32"}],"curies":[{"name":"wp","href":"https:\/\/api.w.org\/{rel}","templated":true}]}}