{"id":316,"date":"2023-04-28T16:28:48","date_gmt":"2023-04-28T14:28:48","guid":{"rendered":"http:\/\/jardinsetmaisons.info\/?page_id=316"},"modified":"2023-06-08T17:48:39","modified_gmt":"2023-06-08T15:48:39","slug":"00-realisation-dune-folie","status":"publish","type":"page","link":"https:\/\/jardinsetmaisons.info\/index.php\/00-realisation-dune-folie\/","title":{"rendered":"Histoire d&rsquo;une \u00ab\u00a0Folie\u00a0\u00bb"},"content":{"rendered":"<div class=\"wp-block-image\">\n<figure class=\"alignleft size-large is-resized\"><img loading=\"lazy\" decoding=\"async\" src=\"http:\/\/jardinsetmaisons.info\/wp-content\/uploads\/2023\/06\/05-grotte-amenagement-04-607x1024.jpg\" alt=\"\" class=\"wp-image-940\" width=\"333\" height=\"561\" srcset=\"https:\/\/jardinsetmaisons.info\/wp-content\/uploads\/2023\/06\/05-grotte-amenagement-04-607x1024.jpg 607w, https:\/\/jardinsetmaisons.info\/wp-content\/uploads\/2023\/06\/05-grotte-amenagement-04-178x300.jpg 178w, https:\/\/jardinsetmaisons.info\/wp-content\/uploads\/2023\/06\/05-grotte-amenagement-04-768x1296.jpg 768w, https:\/\/jardinsetmaisons.info\/wp-content\/uploads\/2023\/06\/05-grotte-amenagement-04.jpg 889w\" sizes=\"auto, (max-width: 333px) 100vw, 333px\" \/><\/figure>\n<\/div>\n\n\n<h2 class=\"wp-block-heading\"><br>\u00ab\u00a0Le r\u00eave de la grotte<\/h2>\n\n\n\n<p><em>\u00ab&nbsp;Pour \u00e9chapper \u00e0 la grisaille des jours, mieux vaut tenter maladroitement d\u2019apprivoiser un r\u00eave que de s\u2019efforcer obstin\u00e9ment d\u2019\u00e9crire la vie&nbsp;\u00bb.<\/em><\/p>\n\n\n\n<p>Cette phrase d\u2019Alain Galan, lorsque je l\u2019ai lue dans son roman \u00ab&nbsp;Chafouine&nbsp;\u00bb, paru en 2018, a \u00e9t\u00e9 un choc, tant elle \u00e9clairait une partie souterraine de moi-m\u00eame, cach\u00e9e, mais si importante qu\u2019elle m\u2019apparait aujourd\u2019hui comme ayant &nbsp;d\u00e9termin\u00e9 nombre de choix d\u00e9nu\u00e9s, a priori, de toute rationalit\u00e9.<\/p>\n\n\n\n<p>\u00ab&nbsp;Echapper \u00e0 la grisaille&nbsp;\u00bb, \u00ab&nbsp;apprivoiser un r\u00eave&nbsp;\u00bb\u2026 C\u2019est au fond, de fa\u00e7on intuitive, se lancer dans l\u2019inconnu, dans l\u2019\u00e9tranget\u00e9, \u00e0 la poursuite de quelque chose que l\u2019on ne connait pas encore, sans en analyser les raisons ni estimer le prix \u00e0 payer. C\u2019est l\u2019exercice grisant d\u2019une libert\u00e9 \u00e0 saisir.<\/p>\n\n\n\n<p>S\u2019il s\u2019agit d\u2019un coup de foudre amoureux, c\u2019est normal. On est alors pouss\u00e9 violemment l\u2019un vers l\u2019autre sans se conna\u00eetre.<\/p>\n\n\n\n<p>Mais pour le reste\u2026 Qu\u2019est-ce qui pousse, de fa\u00e7on impulsive, \u00e0 s\u2019engager dans une voie inconnue, sans examen pr\u00e9alable des implications et des risques, pour faire quelque chose que l\u2019on n\u2019a &nbsp;encore jamais fait, pour vivre une situation in\u00e9dite, ou encore pour sortir de sa zone de confort, comme disent les psychologues&nbsp;?\u2026.<\/p>\n\n\n\n<p>Un exemple&nbsp;? Prenez une envie de grotte (parlons plut\u00f4t de nymph\u00e9e, c\u2019est plus \u00e9l\u00e9gant et pr\u00eate moins \u00e0 des jeux de mots scatologiques). Depuis la pr\u00e9histoire, et sauf \u00e0 v\u00e9n\u00e9rer quelque sainte \u00ab&nbsp;grottesque&nbsp;\u00bb, ou sauf \u00e0 cultiver une attirance romantique pour les fontaines miraculeuses ou les folies de jardin&nbsp;\u00bb XVIII \u00e8me, tout le monde (ou presque) vous dira qu\u2019une grotte ne sert \u00e0 rien &#8211; contrairement \u00e0 une piscine ou un court de tennis &#8211;&nbsp; et qu\u2019il serait pure folie que de vouloir doter sa propri\u00e9t\u00e9 d\u2019une telle construction.<\/p>\n\n\n\n<p>Pourtant, si, comme moi, vous avez cette envie, sans trop l\u2019analyser, depuis plusieurs d\u00e9cennies, et que, brusquement, s\u2019offre \u00e0 vous l\u2019opportunit\u00e9 d\u2019\u00e9difier un nymph\u00e9e dans votre jardin, vous serez, comme moi, immanquablement confront\u00e9 \u00e0 des interrogations sur le sens de ce projet. Vous ne vous jetterez peut-\u00eatre pas sur le divan d\u2019un psychanalyste. Quoique, beaucoup vous diront qu\u2019une envie de grotte, \u00ab&nbsp;c\u2019est loin d\u2019\u00eatre neutre\u2026&nbsp;\u00bb.&nbsp; Mais vous serez condamn\u00e9 \u00e0 un minimum d\u2019introspection. Car, construire sa grotte, c\u2019est \u00ab&nbsp;apprivoiser un r\u00eave&nbsp;\u00bb.<\/p>\n\n\n\n<p>Pourquoi cr\u00e9er un tel univers, a priori d\u00e9di\u00e9 au culte de l\u2019inutile&nbsp;? Quel imaginaire personnel abriter en ce lieu&nbsp;? Quels esprits y accueillir et vouloir y honorer&nbsp;? De fa\u00e7on visible ou invisible&nbsp;? Est-il destin\u00e9 \u00e0 une fr\u00e9quentation solitaire ou plut\u00f4t \u00e0 un partage d\u2019\u00e9motions&nbsp;? Comment rendre le myst\u00e8re et le soup\u00e7on d\u2019effroi qui, de fa\u00e7on incontournable, doivent accompagner la face sacr\u00e9e&nbsp;de cette sorte d\u2019oratoire personnel ?<\/p>\n\n\n\n<p>Faire son nymph\u00e9e, c\u2019est creuser profond \u2026 pour remonter dans son subconscient, aux sources de l\u2019\u00e9merveillement.<\/p>\n\n\n\n<p>Et puis, si, pass\u00e9s l\u2019enchantement et l\u2019excitation de la cr\u00e9ation et de la r\u00e9alisation, il ne reste de ce d\u00e9lire qu\u2019un intrigant ornement de jardin, un &nbsp;bel endroit frais et myst\u00e9rieux o\u00f9 faire la sieste ou prendre l\u2019ap\u00e9ro les soirs d\u2019\u00e9t\u00e9 avec des amis, si la fontaine&nbsp; se fait rafra\u00eechissoir pour quelques flacons de liquide ambr\u00e9 et p\u00e9tillant, si les nymphes, faunes, satyres&nbsp; et autres monstres qui y demeurent n\u2019ont plus pour mission que d\u2019assurer la sensualit\u00e9 du d\u00e9cor et d\u2019accueillir quelque fl\u00fbtiste jouant \u00ab&nbsp;l\u2019apr\u00e8s-midi d\u2019un faune&nbsp;\u00bb, ce ne serait pas un drame\u2026 <\/p>\n\n\n\n<h2 class=\"wp-block-heading\">Anne-Jos\u00e9 L\u00a0\u00bb<br><\/h2>\n\n\n\n<figure class=\"wp-block-video\"><video height=\"480\" style=\"aspect-ratio: 640 \/ 480;\" width=\"640\" controls src=\"http:\/\/jardinsetmaisons.info\/wp-content\/uploads\/2023\/06\/Grotte.mp4\"><\/video><\/figure>\n\n\n\nngg_shortcode_0_placeholder\n","protected":false},"excerpt":{"rendered":"<p>\u00ab\u00a0Le r\u00eave de la grotte \u00ab&nbsp;Pour \u00e9chapper \u00e0 la grisaille des jours, mieux vaut tenter maladroitement d\u2019apprivoiser un r\u00eave que de s\u2019efforcer obstin\u00e9ment d\u2019\u00e9crire la vie&nbsp;\u00bb. Cette phrase d\u2019Alain Galan, lorsque je l\u2019ai lue dans son roman \u00ab&nbsp;Chafouine&nbsp;\u00bb, paru en 2018, a \u00e9t\u00e9 un choc, tant elle \u00e9clairait une partie souterraine de moi-m\u00eame, cach\u00e9e, mais si importante qu\u2019elle m\u2019apparait aujourd\u2019hui comme ayant &nbsp;d\u00e9termin\u00e9 nombre de&hellip; <\/p>\n","protected":false},"author":1,"featured_media":0,"parent":0,"menu_order":0,"comment_status":"closed","ping_status":"closed","template":"","meta":{"ngg_post_thumbnail":0,"footnotes":""},"class_list":["post-316","page","type-page","status-publish","hentry","clearfix"],"yoast_head":"<!-- This site is optimized with the Yoast SEO plugin v26.6 - https:\/\/yoast.com\/wordpress\/plugins\/seo\/ -->\n<title>Histoire d&#039;une &quot;Folie&quot; - Jardins et Maisons - Nicolas Berger<\/title>\n<meta name=\"robots\" content=\"index, follow, max-snippet:-1, max-image-preview:large, max-video-preview:-1\" \/>\n<link rel=\"canonical\" href=\"https:\/\/jardinsetmaisons.info\/index.php\/00-realisation-dune-folie\/\" \/>\n<meta property=\"og:locale\" content=\"fr_FR\" \/>\n<meta property=\"og:type\" content=\"article\" \/>\n<meta property=\"og:title\" content=\"Histoire d&#039;une &quot;Folie&quot; - Jardins et Maisons - Nicolas Berger\" \/>\n<meta property=\"og:description\" content=\"\u00ab\u00a0Le r\u00eave de la grotte \u00ab&nbsp;Pour \u00e9chapper \u00e0 la grisaille des jours, mieux vaut tenter maladroitement d\u2019apprivoiser un r\u00eave que de s\u2019efforcer obstin\u00e9ment d\u2019\u00e9crire la vie&nbsp;\u00bb. Cette phrase d\u2019Alain Galan, lorsque je l\u2019ai lue dans son roman \u00ab&nbsp;Chafouine&nbsp;\u00bb, paru en 2018, a \u00e9t\u00e9 un choc, tant elle \u00e9clairait une partie souterraine de moi-m\u00eame, cach\u00e9e, mais si importante qu\u2019elle m\u2019apparait aujourd\u2019hui comme ayant &nbsp;d\u00e9termin\u00e9 nombre de&hellip;\" \/>\n<meta property=\"og:url\" content=\"https:\/\/jardinsetmaisons.info\/index.php\/00-realisation-dune-folie\/\" \/>\n<meta property=\"og:site_name\" content=\"Jardins et Maisons - Nicolas Berger\" \/>\n<meta property=\"article:modified_time\" content=\"2023-06-08T15:48:39+00:00\" \/>\n<meta property=\"og:image\" content=\"http:\/\/jardinsetmaisons.info\/wp-content\/uploads\/2023\/06\/05-grotte-amenagement-04-607x1024.jpg\" \/>\n<meta name=\"twitter:card\" content=\"summary_large_image\" \/>\n<meta name=\"twitter:label1\" content=\"Dur\u00e9e de lecture estim\u00e9e\" \/>\n\t<meta name=\"twitter:data1\" content=\"3 minutes\" \/>\n<script type=\"application\/ld+json\" class=\"yoast-schema-graph\">{\"@context\":\"https:\/\/schema.org\",\"@graph\":[{\"@type\":\"WebPage\",\"@id\":\"https:\/\/jardinsetmaisons.info\/index.php\/00-realisation-dune-folie\/\",\"url\":\"https:\/\/jardinsetmaisons.info\/index.php\/00-realisation-dune-folie\/\",\"name\":\"Histoire d'une \\\"Folie\\\" - Jardins et Maisons - Nicolas Berger\",\"isPartOf\":{\"@id\":\"https:\/\/jardinsetmaisons.info\/#website\"},\"primaryImageOfPage\":{\"@id\":\"https:\/\/jardinsetmaisons.info\/index.php\/00-realisation-dune-folie\/#primaryimage\"},\"image\":{\"@id\":\"https:\/\/jardinsetmaisons.info\/index.php\/00-realisation-dune-folie\/#primaryimage\"},\"thumbnailUrl\":\"http:\/\/jardinsetmaisons.info\/wp-content\/uploads\/2023\/06\/05-grotte-amenagement-04-607x1024.jpg\",\"datePublished\":\"2023-04-28T14:28:48+00:00\",\"dateModified\":\"2023-06-08T15:48:39+00:00\",\"breadcrumb\":{\"@id\":\"https:\/\/jardinsetmaisons.info\/index.php\/00-realisation-dune-folie\/#breadcrumb\"},\"inLanguage\":\"fr-FR\",\"potentialAction\":[{\"@type\":\"ReadAction\",\"target\":[\"https:\/\/jardinsetmaisons.info\/index.php\/00-realisation-dune-folie\/\"]}]},{\"@type\":\"ImageObject\",\"inLanguage\":\"fr-FR\",\"@id\":\"https:\/\/jardinsetmaisons.info\/index.php\/00-realisation-dune-folie\/#primaryimage\",\"url\":\"https:\/\/jardinsetmaisons.info\/wp-content\/uploads\/2023\/06\/05-grotte-amenagement-04.jpg\",\"contentUrl\":\"https:\/\/jardinsetmaisons.info\/wp-content\/uploads\/2023\/06\/05-grotte-amenagement-04.jpg\",\"width\":889,\"height\":1500},{\"@type\":\"BreadcrumbList\",\"@id\":\"https:\/\/jardinsetmaisons.info\/index.php\/00-realisation-dune-folie\/#breadcrumb\",\"itemListElement\":[{\"@type\":\"ListItem\",\"position\":1,\"name\":\"Accueil\",\"item\":\"https:\/\/jardinsetmaisons.info\/\"},{\"@type\":\"ListItem\",\"position\":2,\"name\":\"Histoire d&rsquo;une \u00ab\u00a0Folie\u00a0\u00bb\"}]},{\"@type\":\"WebSite\",\"@id\":\"https:\/\/jardinsetmaisons.info\/#website\",\"url\":\"https:\/\/jardinsetmaisons.info\/\",\"name\":\"Jardins et Maisons - Nicolas Berger\",\"description\":\"Jardins et Maisons - Nicolas Berger\",\"potentialAction\":[{\"@type\":\"SearchAction\",\"target\":{\"@type\":\"EntryPoint\",\"urlTemplate\":\"https:\/\/jardinsetmaisons.info\/?s={search_term_string}\"},\"query-input\":{\"@type\":\"PropertyValueSpecification\",\"valueRequired\":true,\"valueName\":\"search_term_string\"}}],\"inLanguage\":\"fr-FR\"}]}<\/script>\n<!-- \/ Yoast SEO plugin. -->","yoast_head_json":{"title":"Histoire d'une \"Folie\" - Jardins et Maisons - Nicolas Berger","robots":{"index":"index","follow":"follow","max-snippet":"max-snippet:-1","max-image-preview":"max-image-preview:large","max-video-preview":"max-video-preview:-1"},"canonical":"https:\/\/jardinsetmaisons.info\/index.php\/00-realisation-dune-folie\/","og_locale":"fr_FR","og_type":"article","og_title":"Histoire d'une \"Folie\" - Jardins et Maisons - Nicolas Berger","og_description":"\u00ab\u00a0Le r\u00eave de la grotte \u00ab&nbsp;Pour \u00e9chapper \u00e0 la grisaille des jours, mieux vaut tenter maladroitement d\u2019apprivoiser un r\u00eave que de s\u2019efforcer obstin\u00e9ment d\u2019\u00e9crire la vie&nbsp;\u00bb. Cette phrase d\u2019Alain Galan, lorsque je l\u2019ai lue dans son roman \u00ab&nbsp;Chafouine&nbsp;\u00bb, paru en 2018, a \u00e9t\u00e9 un choc, tant elle \u00e9clairait une partie souterraine de moi-m\u00eame, cach\u00e9e, mais si importante qu\u2019elle m\u2019apparait aujourd\u2019hui comme ayant &nbsp;d\u00e9termin\u00e9 nombre de&hellip;","og_url":"https:\/\/jardinsetmaisons.info\/index.php\/00-realisation-dune-folie\/","og_site_name":"Jardins et Maisons - Nicolas Berger","article_modified_time":"2023-06-08T15:48:39+00:00","og_image":[{"url":"http:\/\/jardinsetmaisons.info\/wp-content\/uploads\/2023\/06\/05-grotte-amenagement-04-607x1024.jpg","type":"","width":"","height":""}],"twitter_card":"summary_large_image","twitter_misc":{"Dur\u00e9e de lecture estim\u00e9e":"3 minutes"},"schema":{"@context":"https:\/\/schema.org","@graph":[{"@type":"WebPage","@id":"https:\/\/jardinsetmaisons.info\/index.php\/00-realisation-dune-folie\/","url":"https:\/\/jardinsetmaisons.info\/index.php\/00-realisation-dune-folie\/","name":"Histoire d'une \"Folie\" - Jardins et Maisons - Nicolas Berger","isPartOf":{"@id":"https:\/\/jardinsetmaisons.info\/#website"},"primaryImageOfPage":{"@id":"https:\/\/jardinsetmaisons.info\/index.php\/00-realisation-dune-folie\/#primaryimage"},"image":{"@id":"https:\/\/jardinsetmaisons.info\/index.php\/00-realisation-dune-folie\/#primaryimage"},"thumbnailUrl":"http:\/\/jardinsetmaisons.info\/wp-content\/uploads\/2023\/06\/05-grotte-amenagement-04-607x1024.jpg","datePublished":"2023-04-28T14:28:48+00:00","dateModified":"2023-06-08T15:48:39+00:00","breadcrumb":{"@id":"https:\/\/jardinsetmaisons.info\/index.php\/00-realisation-dune-folie\/#breadcrumb"},"inLanguage":"fr-FR","potentialAction":[{"@type":"ReadAction","target":["https:\/\/jardinsetmaisons.info\/index.php\/00-realisation-dune-folie\/"]}]},{"@type":"ImageObject","inLanguage":"fr-FR","@id":"https:\/\/jardinsetmaisons.info\/index.php\/00-realisation-dune-folie\/#primaryimage","url":"https:\/\/jardinsetmaisons.info\/wp-content\/uploads\/2023\/06\/05-grotte-amenagement-04.jpg","contentUrl":"https:\/\/jardinsetmaisons.info\/wp-content\/uploads\/2023\/06\/05-grotte-amenagement-04.jpg","width":889,"height":1500},{"@type":"BreadcrumbList","@id":"https:\/\/jardinsetmaisons.info\/index.php\/00-realisation-dune-folie\/#breadcrumb","itemListElement":[{"@type":"ListItem","position":1,"name":"Accueil","item":"https:\/\/jardinsetmaisons.info\/"},{"@type":"ListItem","position":2,"name":"Histoire d&rsquo;une \u00ab\u00a0Folie\u00a0\u00bb"}]},{"@type":"WebSite","@id":"https:\/\/jardinsetmaisons.info\/#website","url":"https:\/\/jardinsetmaisons.info\/","name":"Jardins et Maisons - Nicolas Berger","description":"Jardins et Maisons - Nicolas Berger","potentialAction":[{"@type":"SearchAction","target":{"@type":"EntryPoint","urlTemplate":"https:\/\/jardinsetmaisons.info\/?s={search_term_string}"},"query-input":{"@type":"PropertyValueSpecification","valueRequired":true,"valueName":"search_term_string"}}],"inLanguage":"fr-FR"}]}},"_links":{"self":[{"href":"https:\/\/jardinsetmaisons.info\/index.php\/wp-json\/wp\/v2\/pages\/316","targetHints":{"allow":["GET"]}}],"collection":[{"href":"https:\/\/jardinsetmaisons.info\/index.php\/wp-json\/wp\/v2\/pages"}],"about":[{"href":"https:\/\/jardinsetmaisons.info\/index.php\/wp-json\/wp\/v2\/types\/page"}],"author":[{"embeddable":true,"href":"https:\/\/jardinsetmaisons.info\/index.php\/wp-json\/wp\/v2\/users\/1"}],"replies":[{"embeddable":true,"href":"https:\/\/jardinsetmaisons.info\/index.php\/wp-json\/wp\/v2\/comments?post=316"}],"version-history":[{"count":14,"href":"https:\/\/jardinsetmaisons.info\/index.php\/wp-json\/wp\/v2\/pages\/316\/revisions"}],"predecessor-version":[{"id":993,"href":"https:\/\/jardinsetmaisons.info\/index.php\/wp-json\/wp\/v2\/pages\/316\/revisions\/993"}],"wp:attachment":[{"href":"https:\/\/jardinsetmaisons.info\/index.php\/wp-json\/wp\/v2\/media?parent=316"}],"curies":[{"name":"wp","href":"https:\/\/api.w.org\/{rel}","templated":true}]}}