{"id":28,"date":"2023-04-25T14:47:20","date_gmt":"2023-04-25T12:47:20","guid":{"rendered":"http:\/\/jardinsetmaisons.info\/?page_id=28"},"modified":"2023-04-25T17:42:13","modified_gmt":"2023-04-25T15:42:13","slug":"entretien","status":"publish","type":"page","link":"https:\/\/jardinsetmaisons.info\/index.php\/entretien\/","title":{"rendered":"Entretien"},"content":{"rendered":"\n<p>L\u2019entretien<strong> de jardin<\/strong>&nbsp;doit \u00eatre r\u00e9gulier pour ma\u00eetriser la pousse des plantations autant que le co\u00fbt engendr\u00e9. Nous proposons des contrats d\u2019entretien&nbsp;pour vous lib\u00e9rer des corv\u00e9es et profiter pleinement de votre jardin. Nous pouvons \u00e9galement vous proposer des interventions ponctuelles de mani\u00e8re \u00e0 vous soulager.<br>Du plus petit, au plus grand jardin,&nbsp;nous adaptons le personnel et le mat\u00e9riel afin d&rsquo;\u00eatre plus comp\u00e9titifs et disponibles&nbsp;pour vous&nbsp;!&nbsp;<br>&nbsp;<\/p>\n\n\n\n<h2 class=\"wp-block-heading\"><strong>Entretien pelouse et gazon<\/strong><\/h2>\n\n\n\n<p>Il ne suffit pas de semer une pelouse, il faut \u00e9galement prendre en consid\u00e9ration un ensemble de t\u00e2ches \u00e0 effectuer toute l\u2019ann\u00e9e pour l\u2019entretenir et la tonte est un \u00e9l\u00e9ment essentiel.<br>Nos contrats de tonte sont pluriels :<\/p>\n\n\n\n<p>&gt;&gt; La tonte traditionnelle  s&rsquo;appuyant sur des tondeuses de type thermique,<br><br>&gt;&gt;<strong> La tonte robotis\u00e9e<\/strong> avec la mise en oeuvre d&rsquo;une machine \u00e9lectrique avec batterie et contr\u00f4le \u00e0 distance, qui garantira une tonte r\u00e9guli\u00e8re et uniforme tout au long de la saison. <strong>Vous souhaitez en savoir plus sur le sujet, d\u00e9couvrir les formules que nous proposons<\/strong>; <a href=\"https:\/\/jardinsetmaisons.info\/index.php\/contact\/\">contactez-nous<\/a>.<br><\/p>\n\n\n\n<figure class=\"wp-block-image size-large is-resized\"><img loading=\"lazy\" decoding=\"async\" src=\"http:\/\/jardinsetmaisons.info\/wp-content\/uploads\/2023\/04\/robot-tonte-1024x440.jpg\" alt=\"\" class=\"wp-image-120\" width=\"1024\" height=\"440\" srcset=\"https:\/\/jardinsetmaisons.info\/wp-content\/uploads\/2023\/04\/robot-tonte-1024x440.jpg 1024w, https:\/\/jardinsetmaisons.info\/wp-content\/uploads\/2023\/04\/robot-tonte-300x129.jpg 300w, https:\/\/jardinsetmaisons.info\/wp-content\/uploads\/2023\/04\/robot-tonte-768x330.jpg 768w, https:\/\/jardinsetmaisons.info\/wp-content\/uploads\/2023\/04\/robot-tonte.jpg 1200w\" sizes=\"auto, (max-width: 1024px) 100vw, 1024px\" \/><\/figure>\n\n\n\n<p><br><\/p>\n\n\n\n<h2 class=\"wp-block-heading\"><strong>Entretien des arbres<\/strong><\/h2>\n\n\n\n<p><strong>L\u2019\u00e9lagage et l\u2019abattage<\/strong> m\u00e9ritent une r\u00e9elle expertise technique car ils pr\u00e9sentent des risques.&nbsp;Nous disposons d\u2019une \u00e9quipe&nbsp;<strong>d\u2019\u00e9lagueurs \/ grimpeurs qualifi\u00e9s<\/strong>&nbsp;et exp\u00e9riment\u00e9s pour r\u00e9aliser les travaux les plus p\u00e9rilleux sur vos arbres.&nbsp;<br><br>Le bois pourra \u00eatre laiss\u00e9 sur place ou \u00e9vacu\u00e9 si vous le souhaitez.<\/p>\n\n\n\n<p><strong>L\u2019entretien des arbres fruitiers <\/strong>aura pour but d\u2019am\u00e9liorer le rendement et la qualit\u00e9 des fruits. <strong>La taille se fait g\u00e9n\u00e9ralement en automne ou en hiver<\/strong>. Nous pourrons \u00e9galement d\u00e9barrasser vos arbres et arbustes des&nbsp;maladies et des parasites&nbsp;qui nuisent \u00e0 leur sant\u00e9 et d\u00e9gradent la&nbsp;qualit\u00e9 des fruits.<br><br><br><\/p>\n\n\n\n<h2 class=\"wp-block-heading\"><strong>Entretien des fleurs et des plantations<\/strong><\/h2>\n\n\n\n<p>Apr\u00e8s le temps du fleurissement vient le temps de l\u2019entretien. L\u2019arrachage, la coupe, le nettoyage&#8230; vous ne voulez pas vous en charger&nbsp;? Nous sommes l\u00e0 pour vous&nbsp;!<\/p>\n\n\n\n<h2 class=\"wp-block-heading\"><br><br><strong>Entretien du jardin\u00a0: terrasses, bassins, syst\u00e8me d\u2019arrosage<\/strong><\/h2>\n\n\n\n<p>Nettoyer les sols des terrasses avec de l\u2019eau \u00e0 haute pression, enlever le d\u00e9p\u00f4t au fond du bassin, r\u00e9parer l\u2019arrosage automatique\u2026<\/p>\n","protected":false},"excerpt":{"rendered":"<p>L\u2019entretien de jardin&nbsp;doit \u00eatre r\u00e9gulier pour ma\u00eetriser la pousse des plantations autant que le co\u00fbt engendr\u00e9. Nous proposons des contrats d\u2019entretien&nbsp;pour vous lib\u00e9rer des corv\u00e9es et profiter pleinement de votre jardin. Nous pouvons \u00e9galement vous proposer des interventions ponctuelles de mani\u00e8re \u00e0 vous soulager.Du plus petit, au plus grand jardin,&nbsp;nous adaptons le personnel et le mat\u00e9riel afin d&rsquo;\u00eatre plus comp\u00e9titifs et disponibles&nbsp;pour vous&nbsp;!&nbsp;&nbsp; Entretien pelouse&hellip; <\/p>\n","protected":false},"author":1,"featured_media":0,"parent":0,"menu_order":0,"comment_status":"closed","ping_status":"closed","template":"","meta":{"ngg_post_thumbnail":0,"footnotes":""},"class_list":["post-28","page","type-page","status-publish","hentry","clearfix"],"yoast_head":"<!-- This site is optimized with the Yoast SEO plugin v26.6 - https:\/\/yoast.com\/wordpress\/plugins\/seo\/ -->\n<title>Entretien - Jardins et Maisons - Nicolas Berger<\/title>\n<meta name=\"robots\" content=\"index, follow, max-snippet:-1, max-image-preview:large, max-video-preview:-1\" \/>\n<link rel=\"canonical\" href=\"https:\/\/jardinsetmaisons.info\/index.php\/entretien\/\" \/>\n<meta property=\"og:locale\" content=\"fr_FR\" \/>\n<meta property=\"og:type\" content=\"article\" \/>\n<meta property=\"og:title\" content=\"Entretien - Jardins et Maisons - Nicolas Berger\" \/>\n<meta property=\"og:description\" content=\"L\u2019entretien de jardin&nbsp;doit \u00eatre r\u00e9gulier pour ma\u00eetriser la pousse des plantations autant que le co\u00fbt engendr\u00e9. Nous proposons des contrats d\u2019entretien&nbsp;pour vous lib\u00e9rer des corv\u00e9es et profiter pleinement de votre jardin. Nous pouvons \u00e9galement vous proposer des interventions ponctuelles de mani\u00e8re \u00e0 vous soulager.Du plus petit, au plus grand jardin,&nbsp;nous adaptons le personnel et le mat\u00e9riel afin d&rsquo;\u00eatre plus comp\u00e9titifs et disponibles&nbsp;pour vous&nbsp;!&nbsp;&nbsp; Entretien pelouse&hellip;\" \/>\n<meta property=\"og:url\" content=\"https:\/\/jardinsetmaisons.info\/index.php\/entretien\/\" \/>\n<meta property=\"og:site_name\" content=\"Jardins et Maisons - Nicolas Berger\" \/>\n<meta property=\"article:modified_time\" content=\"2023-04-25T15:42:13+00:00\" \/>\n<meta property=\"og:image\" content=\"http:\/\/jardinsetmaisons.info\/wp-content\/uploads\/2023\/04\/robot-tonte-1024x440.jpg\" \/>\n<meta name=\"twitter:card\" content=\"summary_large_image\" \/>\n<meta name=\"twitter:label1\" content=\"Dur\u00e9e de lecture estim\u00e9e\" \/>\n\t<meta name=\"twitter:data1\" content=\"2 minutes\" \/>\n<script type=\"application\/ld+json\" class=\"yoast-schema-graph\">{\"@context\":\"https:\/\/schema.org\",\"@graph\":[{\"@type\":\"WebPage\",\"@id\":\"https:\/\/jardinsetmaisons.info\/index.php\/entretien\/\",\"url\":\"https:\/\/jardinsetmaisons.info\/index.php\/entretien\/\",\"name\":\"Entretien - Jardins et Maisons - Nicolas Berger\",\"isPartOf\":{\"@id\":\"https:\/\/jardinsetmaisons.info\/#website\"},\"primaryImageOfPage\":{\"@id\":\"https:\/\/jardinsetmaisons.info\/index.php\/entretien\/#primaryimage\"},\"image\":{\"@id\":\"https:\/\/jardinsetmaisons.info\/index.php\/entretien\/#primaryimage\"},\"thumbnailUrl\":\"http:\/\/jardinsetmaisons.info\/wp-content\/uploads\/2023\/04\/robot-tonte-1024x440.jpg\",\"datePublished\":\"2023-04-25T12:47:20+00:00\",\"dateModified\":\"2023-04-25T15:42:13+00:00\",\"breadcrumb\":{\"@id\":\"https:\/\/jardinsetmaisons.info\/index.php\/entretien\/#breadcrumb\"},\"inLanguage\":\"fr-FR\",\"potentialAction\":[{\"@type\":\"ReadAction\",\"target\":[\"https:\/\/jardinsetmaisons.info\/index.php\/entretien\/\"]}]},{\"@type\":\"ImageObject\",\"inLanguage\":\"fr-FR\",\"@id\":\"https:\/\/jardinsetmaisons.info\/index.php\/entretien\/#primaryimage\",\"url\":\"https:\/\/jardinsetmaisons.info\/wp-content\/uploads\/2023\/04\/robot-tonte.jpg\",\"contentUrl\":\"https:\/\/jardinsetmaisons.info\/wp-content\/uploads\/2023\/04\/robot-tonte.jpg\",\"width\":1200,\"height\":516},{\"@type\":\"BreadcrumbList\",\"@id\":\"https:\/\/jardinsetmaisons.info\/index.php\/entretien\/#breadcrumb\",\"itemListElement\":[{\"@type\":\"ListItem\",\"position\":1,\"name\":\"Accueil\",\"item\":\"https:\/\/jardinsetmaisons.info\/\"},{\"@type\":\"ListItem\",\"position\":2,\"name\":\"Entretien\"}]},{\"@type\":\"WebSite\",\"@id\":\"https:\/\/jardinsetmaisons.info\/#website\",\"url\":\"https:\/\/jardinsetmaisons.info\/\",\"name\":\"Jardins et Maisons - Nicolas Berger\",\"description\":\"Jardins et Maisons - Nicolas Berger\",\"potentialAction\":[{\"@type\":\"SearchAction\",\"target\":{\"@type\":\"EntryPoint\",\"urlTemplate\":\"https:\/\/jardinsetmaisons.info\/?s={search_term_string}\"},\"query-input\":{\"@type\":\"PropertyValueSpecification\",\"valueRequired\":true,\"valueName\":\"search_term_string\"}}],\"inLanguage\":\"fr-FR\"}]}<\/script>\n<!-- \/ Yoast SEO plugin. -->","yoast_head_json":{"title":"Entretien - Jardins et Maisons - Nicolas Berger","robots":{"index":"index","follow":"follow","max-snippet":"max-snippet:-1","max-image-preview":"max-image-preview:large","max-video-preview":"max-video-preview:-1"},"canonical":"https:\/\/jardinsetmaisons.info\/index.php\/entretien\/","og_locale":"fr_FR","og_type":"article","og_title":"Entretien - Jardins et Maisons - Nicolas Berger","og_description":"L\u2019entretien de jardin&nbsp;doit \u00eatre r\u00e9gulier pour ma\u00eetriser la pousse des plantations autant que le co\u00fbt engendr\u00e9. Nous proposons des contrats d\u2019entretien&nbsp;pour vous lib\u00e9rer des corv\u00e9es et profiter pleinement de votre jardin. Nous pouvons \u00e9galement vous proposer des interventions ponctuelles de mani\u00e8re \u00e0 vous soulager.Du plus petit, au plus grand jardin,&nbsp;nous adaptons le personnel et le mat\u00e9riel afin d&rsquo;\u00eatre plus comp\u00e9titifs et disponibles&nbsp;pour vous&nbsp;!&nbsp;&nbsp; Entretien pelouse&hellip;","og_url":"https:\/\/jardinsetmaisons.info\/index.php\/entretien\/","og_site_name":"Jardins et Maisons - Nicolas Berger","article_modified_time":"2023-04-25T15:42:13+00:00","og_image":[{"url":"http:\/\/jardinsetmaisons.info\/wp-content\/uploads\/2023\/04\/robot-tonte-1024x440.jpg","type":"","width":"","height":""}],"twitter_card":"summary_large_image","twitter_misc":{"Dur\u00e9e de lecture estim\u00e9e":"2 minutes"},"schema":{"@context":"https:\/\/schema.org","@graph":[{"@type":"WebPage","@id":"https:\/\/jardinsetmaisons.info\/index.php\/entretien\/","url":"https:\/\/jardinsetmaisons.info\/index.php\/entretien\/","name":"Entretien - Jardins et Maisons - Nicolas Berger","isPartOf":{"@id":"https:\/\/jardinsetmaisons.info\/#website"},"primaryImageOfPage":{"@id":"https:\/\/jardinsetmaisons.info\/index.php\/entretien\/#primaryimage"},"image":{"@id":"https:\/\/jardinsetmaisons.info\/index.php\/entretien\/#primaryimage"},"thumbnailUrl":"http:\/\/jardinsetmaisons.info\/wp-content\/uploads\/2023\/04\/robot-tonte-1024x440.jpg","datePublished":"2023-04-25T12:47:20+00:00","dateModified":"2023-04-25T15:42:13+00:00","breadcrumb":{"@id":"https:\/\/jardinsetmaisons.info\/index.php\/entretien\/#breadcrumb"},"inLanguage":"fr-FR","potentialAction":[{"@type":"ReadAction","target":["https:\/\/jardinsetmaisons.info\/index.php\/entretien\/"]}]},{"@type":"ImageObject","inLanguage":"fr-FR","@id":"https:\/\/jardinsetmaisons.info\/index.php\/entretien\/#primaryimage","url":"https:\/\/jardinsetmaisons.info\/wp-content\/uploads\/2023\/04\/robot-tonte.jpg","contentUrl":"https:\/\/jardinsetmaisons.info\/wp-content\/uploads\/2023\/04\/robot-tonte.jpg","width":1200,"height":516},{"@type":"BreadcrumbList","@id":"https:\/\/jardinsetmaisons.info\/index.php\/entretien\/#breadcrumb","itemListElement":[{"@type":"ListItem","position":1,"name":"Accueil","item":"https:\/\/jardinsetmaisons.info\/"},{"@type":"ListItem","position":2,"name":"Entretien"}]},{"@type":"WebSite","@id":"https:\/\/jardinsetmaisons.info\/#website","url":"https:\/\/jardinsetmaisons.info\/","name":"Jardins et Maisons - Nicolas Berger","description":"Jardins et Maisons - Nicolas Berger","potentialAction":[{"@type":"SearchAction","target":{"@type":"EntryPoint","urlTemplate":"https:\/\/jardinsetmaisons.info\/?s={search_term_string}"},"query-input":{"@type":"PropertyValueSpecification","valueRequired":true,"valueName":"search_term_string"}}],"inLanguage":"fr-FR"}]}},"_links":{"self":[{"href":"https:\/\/jardinsetmaisons.info\/index.php\/wp-json\/wp\/v2\/pages\/28","targetHints":{"allow":["GET"]}}],"collection":[{"href":"https:\/\/jardinsetmaisons.info\/index.php\/wp-json\/wp\/v2\/pages"}],"about":[{"href":"https:\/\/jardinsetmaisons.info\/index.php\/wp-json\/wp\/v2\/types\/page"}],"author":[{"embeddable":true,"href":"https:\/\/jardinsetmaisons.info\/index.php\/wp-json\/wp\/v2\/users\/1"}],"replies":[{"embeddable":true,"href":"https:\/\/jardinsetmaisons.info\/index.php\/wp-json\/wp\/v2\/comments?post=28"}],"version-history":[{"count":12,"href":"https:\/\/jardinsetmaisons.info\/index.php\/wp-json\/wp\/v2\/pages\/28\/revisions"}],"predecessor-version":[{"id":136,"href":"https:\/\/jardinsetmaisons.info\/index.php\/wp-json\/wp\/v2\/pages\/28\/revisions\/136"}],"wp:attachment":[{"href":"https:\/\/jardinsetmaisons.info\/index.php\/wp-json\/wp\/v2\/media?parent=28"}],"curies":[{"name":"wp","href":"https:\/\/api.w.org\/{rel}","templated":true}]}}