{"id":273,"date":"2023-04-26T23:27:54","date_gmt":"2023-04-26T21:27:54","guid":{"rendered":"http:\/\/jardinsetmaisons.info\/?page_id=273"},"modified":"2023-06-08T16:25:56","modified_gmt":"2023-06-08T14:25:56","slug":"07-reamenagement-dun-jardin-de-ville","status":"publish","type":"page","link":"https:\/\/jardinsetmaisons.info\/index.php\/07-reamenagement-dun-jardin-de-ville\/","title":{"rendered":"R\u00e9am\u00e9nagement d&rsquo;un jardin de ville"},"content":{"rendered":"\n<p><strong>Restructuration d&rsquo;un jardin de ville existant. R\u00e9am\u00e9nagement avec des voliges en m\u00e9tal pour d\u00e9limiter les massifs. Cr\u00e9ation de jardini\u00e8res en m\u00e9tal. Pose de gazon de placage.<\/strong><br><br><\/p>\n\n\n\nngg_shortcode_0_placeholder\n","protected":false},"excerpt":{"rendered":"<p>Restructuration d&rsquo;un jardin de ville existant. R\u00e9am\u00e9nagement avec des voliges en m\u00e9tal pour d\u00e9limiter les massifs. Cr\u00e9ation de jardini\u00e8res en m\u00e9tal. Pose de gazon de placage.<\/p>\n","protected":false},"author":1,"featured_media":0,"parent":0,"menu_order":0,"comment_status":"closed","ping_status":"closed","template":"","meta":{"ngg_post_thumbnail":0,"footnotes":""},"class_list":["post-273","page","type-page","status-publish","hentry","clearfix"],"yoast_head":"<!-- This site is optimized with the Yoast SEO plugin v26.6 - https:\/\/yoast.com\/wordpress\/plugins\/seo\/ -->\n<title>R\u00e9am\u00e9nagement d&#039;un jardin de ville - Jardins et Maisons - Nicolas Berger<\/title>\n<meta name=\"robots\" content=\"index, follow, max-snippet:-1, max-image-preview:large, max-video-preview:-1\" \/>\n<link rel=\"canonical\" href=\"https:\/\/jardinsetmaisons.info\/index.php\/07-reamenagement-dun-jardin-de-ville\/\" \/>\n<meta property=\"og:locale\" content=\"fr_FR\" \/>\n<meta property=\"og:type\" content=\"article\" \/>\n<meta property=\"og:title\" content=\"R\u00e9am\u00e9nagement d&#039;un jardin de ville - Jardins et Maisons - Nicolas Berger\" \/>\n<meta property=\"og:description\" content=\"Restructuration d&rsquo;un jardin de ville existant. R\u00e9am\u00e9nagement avec des voliges en m\u00e9tal pour d\u00e9limiter les massifs. Cr\u00e9ation de jardini\u00e8res en m\u00e9tal. Pose de gazon de placage.\" \/>\n<meta property=\"og:url\" content=\"https:\/\/jardinsetmaisons.info\/index.php\/07-reamenagement-dun-jardin-de-ville\/\" \/>\n<meta property=\"og:site_name\" content=\"Jardins et Maisons - Nicolas Berger\" \/>\n<meta property=\"article:modified_time\" content=\"2023-06-08T14:25:56+00:00\" \/>\n<meta name=\"twitter:card\" content=\"summary_large_image\" \/>\n<meta name=\"twitter:label1\" content=\"Dur\u00e9e de lecture estim\u00e9e\" \/>\n\t<meta name=\"twitter:data1\" content=\"1 minute\" \/>\n<script type=\"application\/ld+json\" class=\"yoast-schema-graph\">{\"@context\":\"https:\/\/schema.org\",\"@graph\":[{\"@type\":\"WebPage\",\"@id\":\"https:\/\/jardinsetmaisons.info\/index.php\/07-reamenagement-dun-jardin-de-ville\/\",\"url\":\"https:\/\/jardinsetmaisons.info\/index.php\/07-reamenagement-dun-jardin-de-ville\/\",\"name\":\"R\u00e9am\u00e9nagement d'un jardin de ville - Jardins et Maisons - Nicolas Berger\",\"isPartOf\":{\"@id\":\"https:\/\/jardinsetmaisons.info\/#website\"},\"datePublished\":\"2023-04-26T21:27:54+00:00\",\"dateModified\":\"2023-06-08T14:25:56+00:00\",\"breadcrumb\":{\"@id\":\"https:\/\/jardinsetmaisons.info\/index.php\/07-reamenagement-dun-jardin-de-ville\/#breadcrumb\"},\"inLanguage\":\"fr-FR\",\"potentialAction\":[{\"@type\":\"ReadAction\",\"target\":[\"https:\/\/jardinsetmaisons.info\/index.php\/07-reamenagement-dun-jardin-de-ville\/\"]}]},{\"@type\":\"BreadcrumbList\",\"@id\":\"https:\/\/jardinsetmaisons.info\/index.php\/07-reamenagement-dun-jardin-de-ville\/#breadcrumb\",\"itemListElement\":[{\"@type\":\"ListItem\",\"position\":1,\"name\":\"Accueil\",\"item\":\"https:\/\/jardinsetmaisons.info\/\"},{\"@type\":\"ListItem\",\"position\":2,\"name\":\"R\u00e9am\u00e9nagement d&rsquo;un jardin de ville\"}]},{\"@type\":\"WebSite\",\"@id\":\"https:\/\/jardinsetmaisons.info\/#website\",\"url\":\"https:\/\/jardinsetmaisons.info\/\",\"name\":\"Jardins et Maisons - Nicolas Berger\",\"description\":\"Jardins et Maisons - Nicolas Berger\",\"potentialAction\":[{\"@type\":\"SearchAction\",\"target\":{\"@type\":\"EntryPoint\",\"urlTemplate\":\"https:\/\/jardinsetmaisons.info\/?s={search_term_string}\"},\"query-input\":{\"@type\":\"PropertyValueSpecification\",\"valueRequired\":true,\"valueName\":\"search_term_string\"}}],\"inLanguage\":\"fr-FR\"}]}<\/script>\n<!-- \/ Yoast SEO plugin. -->","yoast_head_json":{"title":"R\u00e9am\u00e9nagement d'un jardin de ville - Jardins et Maisons - Nicolas Berger","robots":{"index":"index","follow":"follow","max-snippet":"max-snippet:-1","max-image-preview":"max-image-preview:large","max-video-preview":"max-video-preview:-1"},"canonical":"https:\/\/jardinsetmaisons.info\/index.php\/07-reamenagement-dun-jardin-de-ville\/","og_locale":"fr_FR","og_type":"article","og_title":"R\u00e9am\u00e9nagement d'un jardin de ville - Jardins et Maisons - Nicolas Berger","og_description":"Restructuration d&rsquo;un jardin de ville existant. R\u00e9am\u00e9nagement avec des voliges en m\u00e9tal pour d\u00e9limiter les massifs. Cr\u00e9ation de jardini\u00e8res en m\u00e9tal. Pose de gazon de placage.","og_url":"https:\/\/jardinsetmaisons.info\/index.php\/07-reamenagement-dun-jardin-de-ville\/","og_site_name":"Jardins et Maisons - Nicolas Berger","article_modified_time":"2023-06-08T14:25:56+00:00","twitter_card":"summary_large_image","twitter_misc":{"Dur\u00e9e de lecture estim\u00e9e":"1 minute"},"schema":{"@context":"https:\/\/schema.org","@graph":[{"@type":"WebPage","@id":"https:\/\/jardinsetmaisons.info\/index.php\/07-reamenagement-dun-jardin-de-ville\/","url":"https:\/\/jardinsetmaisons.info\/index.php\/07-reamenagement-dun-jardin-de-ville\/","name":"R\u00e9am\u00e9nagement d'un jardin de ville - Jardins et Maisons - Nicolas Berger","isPartOf":{"@id":"https:\/\/jardinsetmaisons.info\/#website"},"datePublished":"2023-04-26T21:27:54+00:00","dateModified":"2023-06-08T14:25:56+00:00","breadcrumb":{"@id":"https:\/\/jardinsetmaisons.info\/index.php\/07-reamenagement-dun-jardin-de-ville\/#breadcrumb"},"inLanguage":"fr-FR","potentialAction":[{"@type":"ReadAction","target":["https:\/\/jardinsetmaisons.info\/index.php\/07-reamenagement-dun-jardin-de-ville\/"]}]},{"@type":"BreadcrumbList","@id":"https:\/\/jardinsetmaisons.info\/index.php\/07-reamenagement-dun-jardin-de-ville\/#breadcrumb","itemListElement":[{"@type":"ListItem","position":1,"name":"Accueil","item":"https:\/\/jardinsetmaisons.info\/"},{"@type":"ListItem","position":2,"name":"R\u00e9am\u00e9nagement d&rsquo;un jardin de ville"}]},{"@type":"WebSite","@id":"https:\/\/jardinsetmaisons.info\/#website","url":"https:\/\/jardinsetmaisons.info\/","name":"Jardins et Maisons - Nicolas Berger","description":"Jardins et Maisons - Nicolas Berger","potentialAction":[{"@type":"SearchAction","target":{"@type":"EntryPoint","urlTemplate":"https:\/\/jardinsetmaisons.info\/?s={search_term_string}"},"query-input":{"@type":"PropertyValueSpecification","valueRequired":true,"valueName":"search_term_string"}}],"inLanguage":"fr-FR"}]}},"_links":{"self":[{"href":"https:\/\/jardinsetmaisons.info\/index.php\/wp-json\/wp\/v2\/pages\/273","targetHints":{"allow":["GET"]}}],"collection":[{"href":"https:\/\/jardinsetmaisons.info\/index.php\/wp-json\/wp\/v2\/pages"}],"about":[{"href":"https:\/\/jardinsetmaisons.info\/index.php\/wp-json\/wp\/v2\/types\/page"}],"author":[{"embeddable":true,"href":"https:\/\/jardinsetmaisons.info\/index.php\/wp-json\/wp\/v2\/users\/1"}],"replies":[{"embeddable":true,"href":"https:\/\/jardinsetmaisons.info\/index.php\/wp-json\/wp\/v2\/comments?post=273"}],"version-history":[{"count":5,"href":"https:\/\/jardinsetmaisons.info\/index.php\/wp-json\/wp\/v2\/pages\/273\/revisions"}],"predecessor-version":[{"id":964,"href":"https:\/\/jardinsetmaisons.info\/index.php\/wp-json\/wp\/v2\/pages\/273\/revisions\/964"}],"wp:attachment":[{"href":"https:\/\/jardinsetmaisons.info\/index.php\/wp-json\/wp\/v2\/media?parent=273"}],"curies":[{"name":"wp","href":"https:\/\/api.w.org\/{rel}","templated":true}]}}