{"id":256,"date":"2023-04-26T23:17:56","date_gmt":"2023-04-26T21:17:56","guid":{"rendered":"http:\/\/jardinsetmaisons.info\/?page_id=256"},"modified":"2023-06-08T16:24:53","modified_gmt":"2023-06-08T14:24:53","slug":"03-potager-au-chateau","status":"publish","type":"page","link":"https:\/\/jardinsetmaisons.info\/index.php\/03-potager-au-chateau\/","title":{"rendered":"Potager au ch\u00e2teau"},"content":{"rendered":"\n<p><strong>Reprise d&rsquo;un ancien jardin \u00e0 la fran\u00e7aise, abandonn\u00e9 et laiss\u00e9 en friche pendant tr\u00e8s longtemps. Nettoyage, apport de terre, plantation de vivaces et gramin\u00e9es pour limiter l&rsquo;entretien. Taille des massifs de buis pour retrouver leurs formes d&rsquo;origine.<\/strong><br><br><\/p>\n\n\n\nngg_shortcode_0_placeholder\n","protected":false},"excerpt":{"rendered":"<p>Reprise d&rsquo;un ancien jardin \u00e0 la fran\u00e7aise, abandonn\u00e9 et laiss\u00e9 en friche pendant tr\u00e8s longtemps. Nettoyage, apport de terre, plantation de vivaces et gramin\u00e9es pour limiter l&rsquo;entretien. Taille des massifs de buis pour retrouver leurs formes d&rsquo;origine.<\/p>\n","protected":false},"author":1,"featured_media":0,"parent":0,"menu_order":0,"comment_status":"closed","ping_status":"closed","template":"","meta":{"ngg_post_thumbnail":0,"footnotes":""},"class_list":["post-256","page","type-page","status-publish","hentry","clearfix"],"yoast_head":"<!-- This site is optimized with the Yoast SEO plugin v26.6 - https:\/\/yoast.com\/wordpress\/plugins\/seo\/ -->\n<title>Potager au ch\u00e2teau - Jardins et Maisons - Nicolas Berger<\/title>\n<meta name=\"robots\" content=\"index, follow, max-snippet:-1, max-image-preview:large, max-video-preview:-1\" \/>\n<link rel=\"canonical\" href=\"https:\/\/jardinsetmaisons.info\/index.php\/03-potager-au-chateau\/\" \/>\n<meta property=\"og:locale\" content=\"fr_FR\" \/>\n<meta property=\"og:type\" content=\"article\" \/>\n<meta property=\"og:title\" content=\"Potager au ch\u00e2teau - Jardins et Maisons - Nicolas Berger\" \/>\n<meta property=\"og:description\" content=\"Reprise d&rsquo;un ancien jardin \u00e0 la fran\u00e7aise, abandonn\u00e9 et laiss\u00e9 en friche pendant tr\u00e8s longtemps. Nettoyage, apport de terre, plantation de vivaces et gramin\u00e9es pour limiter l&rsquo;entretien. Taille des massifs de buis pour retrouver leurs formes d&rsquo;origine.\" \/>\n<meta property=\"og:url\" content=\"https:\/\/jardinsetmaisons.info\/index.php\/03-potager-au-chateau\/\" \/>\n<meta property=\"og:site_name\" content=\"Jardins et Maisons - Nicolas Berger\" \/>\n<meta property=\"article:modified_time\" content=\"2023-06-08T14:24:53+00:00\" \/>\n<meta name=\"twitter:card\" content=\"summary_large_image\" \/>\n<meta name=\"twitter:label1\" content=\"Dur\u00e9e de lecture estim\u00e9e\" \/>\n\t<meta name=\"twitter:data1\" content=\"1 minute\" \/>\n<script type=\"application\/ld+json\" class=\"yoast-schema-graph\">{\"@context\":\"https:\/\/schema.org\",\"@graph\":[{\"@type\":\"WebPage\",\"@id\":\"https:\/\/jardinsetmaisons.info\/index.php\/03-potager-au-chateau\/\",\"url\":\"https:\/\/jardinsetmaisons.info\/index.php\/03-potager-au-chateau\/\",\"name\":\"Potager au ch\u00e2teau - Jardins et Maisons - Nicolas Berger\",\"isPartOf\":{\"@id\":\"https:\/\/jardinsetmaisons.info\/#website\"},\"datePublished\":\"2023-04-26T21:17:56+00:00\",\"dateModified\":\"2023-06-08T14:24:53+00:00\",\"breadcrumb\":{\"@id\":\"https:\/\/jardinsetmaisons.info\/index.php\/03-potager-au-chateau\/#breadcrumb\"},\"inLanguage\":\"fr-FR\",\"potentialAction\":[{\"@type\":\"ReadAction\",\"target\":[\"https:\/\/jardinsetmaisons.info\/index.php\/03-potager-au-chateau\/\"]}]},{\"@type\":\"BreadcrumbList\",\"@id\":\"https:\/\/jardinsetmaisons.info\/index.php\/03-potager-au-chateau\/#breadcrumb\",\"itemListElement\":[{\"@type\":\"ListItem\",\"position\":1,\"name\":\"Accueil\",\"item\":\"https:\/\/jardinsetmaisons.info\/\"},{\"@type\":\"ListItem\",\"position\":2,\"name\":\"Potager au ch\u00e2teau\"}]},{\"@type\":\"WebSite\",\"@id\":\"https:\/\/jardinsetmaisons.info\/#website\",\"url\":\"https:\/\/jardinsetmaisons.info\/\",\"name\":\"Jardins et Maisons - Nicolas Berger\",\"description\":\"Jardins et Maisons - Nicolas Berger\",\"potentialAction\":[{\"@type\":\"SearchAction\",\"target\":{\"@type\":\"EntryPoint\",\"urlTemplate\":\"https:\/\/jardinsetmaisons.info\/?s={search_term_string}\"},\"query-input\":{\"@type\":\"PropertyValueSpecification\",\"valueRequired\":true,\"valueName\":\"search_term_string\"}}],\"inLanguage\":\"fr-FR\"}]}<\/script>\n<!-- \/ Yoast SEO plugin. -->","yoast_head_json":{"title":"Potager au ch\u00e2teau - Jardins et Maisons - Nicolas Berger","robots":{"index":"index","follow":"follow","max-snippet":"max-snippet:-1","max-image-preview":"max-image-preview:large","max-video-preview":"max-video-preview:-1"},"canonical":"https:\/\/jardinsetmaisons.info\/index.php\/03-potager-au-chateau\/","og_locale":"fr_FR","og_type":"article","og_title":"Potager au ch\u00e2teau - Jardins et Maisons - Nicolas Berger","og_description":"Reprise d&rsquo;un ancien jardin \u00e0 la fran\u00e7aise, abandonn\u00e9 et laiss\u00e9 en friche pendant tr\u00e8s longtemps. Nettoyage, apport de terre, plantation de vivaces et gramin\u00e9es pour limiter l&rsquo;entretien. Taille des massifs de buis pour retrouver leurs formes d&rsquo;origine.","og_url":"https:\/\/jardinsetmaisons.info\/index.php\/03-potager-au-chateau\/","og_site_name":"Jardins et Maisons - Nicolas Berger","article_modified_time":"2023-06-08T14:24:53+00:00","twitter_card":"summary_large_image","twitter_misc":{"Dur\u00e9e de lecture estim\u00e9e":"1 minute"},"schema":{"@context":"https:\/\/schema.org","@graph":[{"@type":"WebPage","@id":"https:\/\/jardinsetmaisons.info\/index.php\/03-potager-au-chateau\/","url":"https:\/\/jardinsetmaisons.info\/index.php\/03-potager-au-chateau\/","name":"Potager au ch\u00e2teau - Jardins et Maisons - Nicolas Berger","isPartOf":{"@id":"https:\/\/jardinsetmaisons.info\/#website"},"datePublished":"2023-04-26T21:17:56+00:00","dateModified":"2023-06-08T14:24:53+00:00","breadcrumb":{"@id":"https:\/\/jardinsetmaisons.info\/index.php\/03-potager-au-chateau\/#breadcrumb"},"inLanguage":"fr-FR","potentialAction":[{"@type":"ReadAction","target":["https:\/\/jardinsetmaisons.info\/index.php\/03-potager-au-chateau\/"]}]},{"@type":"BreadcrumbList","@id":"https:\/\/jardinsetmaisons.info\/index.php\/03-potager-au-chateau\/#breadcrumb","itemListElement":[{"@type":"ListItem","position":1,"name":"Accueil","item":"https:\/\/jardinsetmaisons.info\/"},{"@type":"ListItem","position":2,"name":"Potager au ch\u00e2teau"}]},{"@type":"WebSite","@id":"https:\/\/jardinsetmaisons.info\/#website","url":"https:\/\/jardinsetmaisons.info\/","name":"Jardins et Maisons - Nicolas Berger","description":"Jardins et Maisons - Nicolas Berger","potentialAction":[{"@type":"SearchAction","target":{"@type":"EntryPoint","urlTemplate":"https:\/\/jardinsetmaisons.info\/?s={search_term_string}"},"query-input":{"@type":"PropertyValueSpecification","valueRequired":true,"valueName":"search_term_string"}}],"inLanguage":"fr-FR"}]}},"_links":{"self":[{"href":"https:\/\/jardinsetmaisons.info\/index.php\/wp-json\/wp\/v2\/pages\/256","targetHints":{"allow":["GET"]}}],"collection":[{"href":"https:\/\/jardinsetmaisons.info\/index.php\/wp-json\/wp\/v2\/pages"}],"about":[{"href":"https:\/\/jardinsetmaisons.info\/index.php\/wp-json\/wp\/v2\/types\/page"}],"author":[{"embeddable":true,"href":"https:\/\/jardinsetmaisons.info\/index.php\/wp-json\/wp\/v2\/users\/1"}],"replies":[{"embeddable":true,"href":"https:\/\/jardinsetmaisons.info\/index.php\/wp-json\/wp\/v2\/comments?post=256"}],"version-history":[{"count":6,"href":"https:\/\/jardinsetmaisons.info\/index.php\/wp-json\/wp\/v2\/pages\/256\/revisions"}],"predecessor-version":[{"id":960,"href":"https:\/\/jardinsetmaisons.info\/index.php\/wp-json\/wp\/v2\/pages\/256\/revisions\/960"}],"wp:attachment":[{"href":"https:\/\/jardinsetmaisons.info\/index.php\/wp-json\/wp\/v2\/media?parent=256"}],"curies":[{"name":"wp","href":"https:\/\/api.w.org\/{rel}","templated":true}]}}