{"id":245,"date":"2023-04-26T23:10:38","date_gmt":"2023-04-26T21:10:38","guid":{"rendered":"http:\/\/jardinsetmaisons.info\/?page_id=245"},"modified":"2023-06-08T16:24:33","modified_gmt":"2023-06-08T14:24:33","slug":"02-amenagement-des-berges-dun-etang","status":"publish","type":"page","link":"https:\/\/jardinsetmaisons.info\/index.php\/02-amenagement-des-berges-dun-etang\/","title":{"rendered":"Am\u00e9nagement des berges d&rsquo;un \u00e9tang"},"content":{"rendered":"\n<p><strong>Terrassement, remodelage, drainage, enrochement, am\u00e9nagement des berges de l&rsquo;\u00e9tang, cr\u00e9ation de massifs, engazonnement, passage de gaines techniques, \u00e9clairage furent l&rsquo;essentiel de nos missions pour ce chantier.<\/strong><br><\/p>\n\n\n\nngg_shortcode_0_placeholder\n","protected":false},"excerpt":{"rendered":"<p>Terrassement, remodelage, drainage, enrochement, am\u00e9nagement des berges de l&rsquo;\u00e9tang, cr\u00e9ation de massifs, engazonnement, passage de gaines techniques, \u00e9clairage furent l&rsquo;essentiel de nos missions pour ce chantier.<\/p>\n","protected":false},"author":1,"featured_media":0,"parent":0,"menu_order":0,"comment_status":"closed","ping_status":"closed","template":"","meta":{"ngg_post_thumbnail":0,"footnotes":""},"class_list":["post-245","page","type-page","status-publish","hentry","clearfix"],"yoast_head":"<!-- This site is optimized with the Yoast SEO plugin v26.6 - https:\/\/yoast.com\/wordpress\/plugins\/seo\/ -->\n<title>Am\u00e9nagement des berges d&#039;un \u00e9tang - Jardins et Maisons - Nicolas Berger<\/title>\n<meta name=\"robots\" content=\"index, follow, max-snippet:-1, max-image-preview:large, max-video-preview:-1\" \/>\n<link rel=\"canonical\" href=\"https:\/\/jardinsetmaisons.info\/index.php\/02-amenagement-des-berges-dun-etang\/\" \/>\n<meta property=\"og:locale\" content=\"fr_FR\" \/>\n<meta property=\"og:type\" content=\"article\" \/>\n<meta property=\"og:title\" content=\"Am\u00e9nagement des berges d&#039;un \u00e9tang - Jardins et Maisons - Nicolas Berger\" \/>\n<meta property=\"og:description\" content=\"Terrassement, remodelage, drainage, enrochement, am\u00e9nagement des berges de l&rsquo;\u00e9tang, cr\u00e9ation de massifs, engazonnement, passage de gaines techniques, \u00e9clairage furent l&rsquo;essentiel de nos missions pour ce chantier.\" \/>\n<meta property=\"og:url\" content=\"https:\/\/jardinsetmaisons.info\/index.php\/02-amenagement-des-berges-dun-etang\/\" \/>\n<meta property=\"og:site_name\" content=\"Jardins et Maisons - Nicolas Berger\" \/>\n<meta property=\"article:modified_time\" content=\"2023-06-08T14:24:33+00:00\" \/>\n<meta name=\"twitter:card\" content=\"summary_large_image\" \/>\n<meta name=\"twitter:label1\" content=\"Dur\u00e9e de lecture estim\u00e9e\" \/>\n\t<meta name=\"twitter:data1\" content=\"1 minute\" \/>\n<script type=\"application\/ld+json\" class=\"yoast-schema-graph\">{\"@context\":\"https:\/\/schema.org\",\"@graph\":[{\"@type\":\"WebPage\",\"@id\":\"https:\/\/jardinsetmaisons.info\/index.php\/02-amenagement-des-berges-dun-etang\/\",\"url\":\"https:\/\/jardinsetmaisons.info\/index.php\/02-amenagement-des-berges-dun-etang\/\",\"name\":\"Am\u00e9nagement des berges d'un \u00e9tang - Jardins et Maisons - Nicolas Berger\",\"isPartOf\":{\"@id\":\"https:\/\/jardinsetmaisons.info\/#website\"},\"datePublished\":\"2023-04-26T21:10:38+00:00\",\"dateModified\":\"2023-06-08T14:24:33+00:00\",\"breadcrumb\":{\"@id\":\"https:\/\/jardinsetmaisons.info\/index.php\/02-amenagement-des-berges-dun-etang\/#breadcrumb\"},\"inLanguage\":\"fr-FR\",\"potentialAction\":[{\"@type\":\"ReadAction\",\"target\":[\"https:\/\/jardinsetmaisons.info\/index.php\/02-amenagement-des-berges-dun-etang\/\"]}]},{\"@type\":\"BreadcrumbList\",\"@id\":\"https:\/\/jardinsetmaisons.info\/index.php\/02-amenagement-des-berges-dun-etang\/#breadcrumb\",\"itemListElement\":[{\"@type\":\"ListItem\",\"position\":1,\"name\":\"Accueil\",\"item\":\"https:\/\/jardinsetmaisons.info\/\"},{\"@type\":\"ListItem\",\"position\":2,\"name\":\"Am\u00e9nagement des berges d&rsquo;un \u00e9tang\"}]},{\"@type\":\"WebSite\",\"@id\":\"https:\/\/jardinsetmaisons.info\/#website\",\"url\":\"https:\/\/jardinsetmaisons.info\/\",\"name\":\"Jardins et Maisons - Nicolas Berger\",\"description\":\"Jardins et Maisons - Nicolas Berger\",\"potentialAction\":[{\"@type\":\"SearchAction\",\"target\":{\"@type\":\"EntryPoint\",\"urlTemplate\":\"https:\/\/jardinsetmaisons.info\/?s={search_term_string}\"},\"query-input\":{\"@type\":\"PropertyValueSpecification\",\"valueRequired\":true,\"valueName\":\"search_term_string\"}}],\"inLanguage\":\"fr-FR\"}]}<\/script>\n<!-- \/ Yoast SEO plugin. -->","yoast_head_json":{"title":"Am\u00e9nagement des berges d'un \u00e9tang - Jardins et Maisons - Nicolas Berger","robots":{"index":"index","follow":"follow","max-snippet":"max-snippet:-1","max-image-preview":"max-image-preview:large","max-video-preview":"max-video-preview:-1"},"canonical":"https:\/\/jardinsetmaisons.info\/index.php\/02-amenagement-des-berges-dun-etang\/","og_locale":"fr_FR","og_type":"article","og_title":"Am\u00e9nagement des berges d'un \u00e9tang - Jardins et Maisons - Nicolas Berger","og_description":"Terrassement, remodelage, drainage, enrochement, am\u00e9nagement des berges de l&rsquo;\u00e9tang, cr\u00e9ation de massifs, engazonnement, passage de gaines techniques, \u00e9clairage furent l&rsquo;essentiel de nos missions pour ce chantier.","og_url":"https:\/\/jardinsetmaisons.info\/index.php\/02-amenagement-des-berges-dun-etang\/","og_site_name":"Jardins et Maisons - Nicolas Berger","article_modified_time":"2023-06-08T14:24:33+00:00","twitter_card":"summary_large_image","twitter_misc":{"Dur\u00e9e de lecture estim\u00e9e":"1 minute"},"schema":{"@context":"https:\/\/schema.org","@graph":[{"@type":"WebPage","@id":"https:\/\/jardinsetmaisons.info\/index.php\/02-amenagement-des-berges-dun-etang\/","url":"https:\/\/jardinsetmaisons.info\/index.php\/02-amenagement-des-berges-dun-etang\/","name":"Am\u00e9nagement des berges d'un \u00e9tang - Jardins et Maisons - Nicolas Berger","isPartOf":{"@id":"https:\/\/jardinsetmaisons.info\/#website"},"datePublished":"2023-04-26T21:10:38+00:00","dateModified":"2023-06-08T14:24:33+00:00","breadcrumb":{"@id":"https:\/\/jardinsetmaisons.info\/index.php\/02-amenagement-des-berges-dun-etang\/#breadcrumb"},"inLanguage":"fr-FR","potentialAction":[{"@type":"ReadAction","target":["https:\/\/jardinsetmaisons.info\/index.php\/02-amenagement-des-berges-dun-etang\/"]}]},{"@type":"BreadcrumbList","@id":"https:\/\/jardinsetmaisons.info\/index.php\/02-amenagement-des-berges-dun-etang\/#breadcrumb","itemListElement":[{"@type":"ListItem","position":1,"name":"Accueil","item":"https:\/\/jardinsetmaisons.info\/"},{"@type":"ListItem","position":2,"name":"Am\u00e9nagement des berges d&rsquo;un \u00e9tang"}]},{"@type":"WebSite","@id":"https:\/\/jardinsetmaisons.info\/#website","url":"https:\/\/jardinsetmaisons.info\/","name":"Jardins et Maisons - Nicolas Berger","description":"Jardins et Maisons - Nicolas Berger","potentialAction":[{"@type":"SearchAction","target":{"@type":"EntryPoint","urlTemplate":"https:\/\/jardinsetmaisons.info\/?s={search_term_string}"},"query-input":{"@type":"PropertyValueSpecification","valueRequired":true,"valueName":"search_term_string"}}],"inLanguage":"fr-FR"}]}},"_links":{"self":[{"href":"https:\/\/jardinsetmaisons.info\/index.php\/wp-json\/wp\/v2\/pages\/245","targetHints":{"allow":["GET"]}}],"collection":[{"href":"https:\/\/jardinsetmaisons.info\/index.php\/wp-json\/wp\/v2\/pages"}],"about":[{"href":"https:\/\/jardinsetmaisons.info\/index.php\/wp-json\/wp\/v2\/types\/page"}],"author":[{"embeddable":true,"href":"https:\/\/jardinsetmaisons.info\/index.php\/wp-json\/wp\/v2\/users\/1"}],"replies":[{"embeddable":true,"href":"https:\/\/jardinsetmaisons.info\/index.php\/wp-json\/wp\/v2\/comments?post=245"}],"version-history":[{"count":7,"href":"https:\/\/jardinsetmaisons.info\/index.php\/wp-json\/wp\/v2\/pages\/245\/revisions"}],"predecessor-version":[{"id":959,"href":"https:\/\/jardinsetmaisons.info\/index.php\/wp-json\/wp\/v2\/pages\/245\/revisions\/959"}],"wp:attachment":[{"href":"https:\/\/jardinsetmaisons.info\/index.php\/wp-json\/wp\/v2\/media?parent=245"}],"curies":[{"name":"wp","href":"https:\/\/api.w.org\/{rel}","templated":true}]}}