{"id":243,"date":"2023-04-26T23:09:30","date_gmt":"2023-04-26T21:09:30","guid":{"rendered":"http:\/\/jardinsetmaisons.info\/?page_id=243"},"modified":"2023-06-08T16:23:54","modified_gmt":"2023-06-08T14:23:54","slug":"01-creation-et-amenagement-dun-parc","status":"publish","type":"page","link":"https:\/\/jardinsetmaisons.info\/index.php\/01-creation-et-amenagement-dun-parc\/","title":{"rendered":"Cr\u00e9ation et am\u00e9nagement d&rsquo;un parc"},"content":{"rendered":"\n<p><strong>Partir d&rsquo;un p\u00e2turage et le transformer en parc, en cr\u00e9ant de nombreux espaces avec des atmosph\u00e8res diff\u00e9rentes, c&rsquo;est le challenge auquel nous avons d\u00fb r\u00e9pondre pour faire de cet endroit ce qu&rsquo;il est aujourd&rsquo;hui.<br>Cela passa par le remodelage du terrain, la cr\u00e9ation d&rsquo;un potager, de parterres de vivaces, la plantation d&rsquo;essences rares, les am\u00e9nagements autour de l&rsquo;\u00e9tang, des berges du bief, l&rsquo;\u00e9clairage, la fabrication de ponts, de cl\u00f4tures et de plein d&rsquo;autres choses&#8230; depuis 20 ans de confiance et de fid\u00e9lit\u00e9.<\/strong><br><\/p>\n\n\n\nngg_shortcode_0_placeholder\n","protected":false},"excerpt":{"rendered":"<p>Partir d&rsquo;un p\u00e2turage et le transformer en parc, en cr\u00e9ant de nombreux espaces avec des atmosph\u00e8res diff\u00e9rentes, c&rsquo;est le challenge auquel nous avons d\u00fb r\u00e9pondre pour faire de cet endroit ce qu&rsquo;il est aujourd&rsquo;hui.Cela passa par le remodelage du terrain, la cr\u00e9ation d&rsquo;un potager, de parterres de vivaces, la plantation d&rsquo;essences rares, les am\u00e9nagements autour de l&rsquo;\u00e9tang, des berges du bief, l&rsquo;\u00e9clairage, la fabrication de&hellip; <\/p>\n","protected":false},"author":1,"featured_media":0,"parent":0,"menu_order":0,"comment_status":"closed","ping_status":"closed","template":"","meta":{"ngg_post_thumbnail":0,"footnotes":""},"class_list":["post-243","page","type-page","status-publish","hentry","clearfix"],"yoast_head":"<!-- This site is optimized with the Yoast SEO plugin v26.6 - https:\/\/yoast.com\/wordpress\/plugins\/seo\/ -->\n<title>Cr\u00e9ation et am\u00e9nagement d&#039;un parc - Jardins et Maisons - Nicolas Berger<\/title>\n<meta name=\"robots\" content=\"index, follow, max-snippet:-1, max-image-preview:large, max-video-preview:-1\" \/>\n<link rel=\"canonical\" href=\"https:\/\/jardinsetmaisons.info\/index.php\/01-creation-et-amenagement-dun-parc\/\" \/>\n<meta property=\"og:locale\" content=\"fr_FR\" \/>\n<meta property=\"og:type\" content=\"article\" \/>\n<meta property=\"og:title\" content=\"Cr\u00e9ation et am\u00e9nagement d&#039;un parc - Jardins et Maisons - Nicolas Berger\" \/>\n<meta property=\"og:description\" content=\"Partir d&rsquo;un p\u00e2turage et le transformer en parc, en cr\u00e9ant de nombreux espaces avec des atmosph\u00e8res diff\u00e9rentes, c&rsquo;est le challenge auquel nous avons d\u00fb r\u00e9pondre pour faire de cet endroit ce qu&rsquo;il est aujourd&rsquo;hui.Cela passa par le remodelage du terrain, la cr\u00e9ation d&rsquo;un potager, de parterres de vivaces, la plantation d&rsquo;essences rares, les am\u00e9nagements autour de l&rsquo;\u00e9tang, des berges du bief, l&rsquo;\u00e9clairage, la fabrication de&hellip;\" \/>\n<meta property=\"og:url\" content=\"https:\/\/jardinsetmaisons.info\/index.php\/01-creation-et-amenagement-dun-parc\/\" \/>\n<meta property=\"og:site_name\" content=\"Jardins et Maisons - Nicolas Berger\" \/>\n<meta property=\"article:modified_time\" content=\"2023-06-08T14:23:54+00:00\" \/>\n<meta name=\"twitter:card\" content=\"summary_large_image\" \/>\n<meta name=\"twitter:label1\" content=\"Dur\u00e9e de lecture estim\u00e9e\" \/>\n\t<meta name=\"twitter:data1\" content=\"1 minute\" \/>\n<script type=\"application\/ld+json\" class=\"yoast-schema-graph\">{\"@context\":\"https:\/\/schema.org\",\"@graph\":[{\"@type\":\"WebPage\",\"@id\":\"https:\/\/jardinsetmaisons.info\/index.php\/01-creation-et-amenagement-dun-parc\/\",\"url\":\"https:\/\/jardinsetmaisons.info\/index.php\/01-creation-et-amenagement-dun-parc\/\",\"name\":\"Cr\u00e9ation et am\u00e9nagement d'un parc - Jardins et Maisons - Nicolas Berger\",\"isPartOf\":{\"@id\":\"https:\/\/jardinsetmaisons.info\/#website\"},\"datePublished\":\"2023-04-26T21:09:30+00:00\",\"dateModified\":\"2023-06-08T14:23:54+00:00\",\"breadcrumb\":{\"@id\":\"https:\/\/jardinsetmaisons.info\/index.php\/01-creation-et-amenagement-dun-parc\/#breadcrumb\"},\"inLanguage\":\"fr-FR\",\"potentialAction\":[{\"@type\":\"ReadAction\",\"target\":[\"https:\/\/jardinsetmaisons.info\/index.php\/01-creation-et-amenagement-dun-parc\/\"]}]},{\"@type\":\"BreadcrumbList\",\"@id\":\"https:\/\/jardinsetmaisons.info\/index.php\/01-creation-et-amenagement-dun-parc\/#breadcrumb\",\"itemListElement\":[{\"@type\":\"ListItem\",\"position\":1,\"name\":\"Accueil\",\"item\":\"https:\/\/jardinsetmaisons.info\/\"},{\"@type\":\"ListItem\",\"position\":2,\"name\":\"Cr\u00e9ation et am\u00e9nagement d&rsquo;un parc\"}]},{\"@type\":\"WebSite\",\"@id\":\"https:\/\/jardinsetmaisons.info\/#website\",\"url\":\"https:\/\/jardinsetmaisons.info\/\",\"name\":\"Jardins et Maisons - Nicolas Berger\",\"description\":\"Jardins et Maisons - Nicolas Berger\",\"potentialAction\":[{\"@type\":\"SearchAction\",\"target\":{\"@type\":\"EntryPoint\",\"urlTemplate\":\"https:\/\/jardinsetmaisons.info\/?s={search_term_string}\"},\"query-input\":{\"@type\":\"PropertyValueSpecification\",\"valueRequired\":true,\"valueName\":\"search_term_string\"}}],\"inLanguage\":\"fr-FR\"}]}<\/script>\n<!-- \/ Yoast SEO plugin. -->","yoast_head_json":{"title":"Cr\u00e9ation et am\u00e9nagement d'un parc - Jardins et Maisons - Nicolas Berger","robots":{"index":"index","follow":"follow","max-snippet":"max-snippet:-1","max-image-preview":"max-image-preview:large","max-video-preview":"max-video-preview:-1"},"canonical":"https:\/\/jardinsetmaisons.info\/index.php\/01-creation-et-amenagement-dun-parc\/","og_locale":"fr_FR","og_type":"article","og_title":"Cr\u00e9ation et am\u00e9nagement d'un parc - Jardins et Maisons - Nicolas Berger","og_description":"Partir d&rsquo;un p\u00e2turage et le transformer en parc, en cr\u00e9ant de nombreux espaces avec des atmosph\u00e8res diff\u00e9rentes, c&rsquo;est le challenge auquel nous avons d\u00fb r\u00e9pondre pour faire de cet endroit ce qu&rsquo;il est aujourd&rsquo;hui.Cela passa par le remodelage du terrain, la cr\u00e9ation d&rsquo;un potager, de parterres de vivaces, la plantation d&rsquo;essences rares, les am\u00e9nagements autour de l&rsquo;\u00e9tang, des berges du bief, l&rsquo;\u00e9clairage, la fabrication de&hellip;","og_url":"https:\/\/jardinsetmaisons.info\/index.php\/01-creation-et-amenagement-dun-parc\/","og_site_name":"Jardins et Maisons - Nicolas Berger","article_modified_time":"2023-06-08T14:23:54+00:00","twitter_card":"summary_large_image","twitter_misc":{"Dur\u00e9e de lecture estim\u00e9e":"1 minute"},"schema":{"@context":"https:\/\/schema.org","@graph":[{"@type":"WebPage","@id":"https:\/\/jardinsetmaisons.info\/index.php\/01-creation-et-amenagement-dun-parc\/","url":"https:\/\/jardinsetmaisons.info\/index.php\/01-creation-et-amenagement-dun-parc\/","name":"Cr\u00e9ation et am\u00e9nagement d'un parc - Jardins et Maisons - Nicolas Berger","isPartOf":{"@id":"https:\/\/jardinsetmaisons.info\/#website"},"datePublished":"2023-04-26T21:09:30+00:00","dateModified":"2023-06-08T14:23:54+00:00","breadcrumb":{"@id":"https:\/\/jardinsetmaisons.info\/index.php\/01-creation-et-amenagement-dun-parc\/#breadcrumb"},"inLanguage":"fr-FR","potentialAction":[{"@type":"ReadAction","target":["https:\/\/jardinsetmaisons.info\/index.php\/01-creation-et-amenagement-dun-parc\/"]}]},{"@type":"BreadcrumbList","@id":"https:\/\/jardinsetmaisons.info\/index.php\/01-creation-et-amenagement-dun-parc\/#breadcrumb","itemListElement":[{"@type":"ListItem","position":1,"name":"Accueil","item":"https:\/\/jardinsetmaisons.info\/"},{"@type":"ListItem","position":2,"name":"Cr\u00e9ation et am\u00e9nagement d&rsquo;un parc"}]},{"@type":"WebSite","@id":"https:\/\/jardinsetmaisons.info\/#website","url":"https:\/\/jardinsetmaisons.info\/","name":"Jardins et Maisons - Nicolas Berger","description":"Jardins et Maisons - Nicolas Berger","potentialAction":[{"@type":"SearchAction","target":{"@type":"EntryPoint","urlTemplate":"https:\/\/jardinsetmaisons.info\/?s={search_term_string}"},"query-input":{"@type":"PropertyValueSpecification","valueRequired":true,"valueName":"search_term_string"}}],"inLanguage":"fr-FR"}]}},"_links":{"self":[{"href":"https:\/\/jardinsetmaisons.info\/index.php\/wp-json\/wp\/v2\/pages\/243","targetHints":{"allow":["GET"]}}],"collection":[{"href":"https:\/\/jardinsetmaisons.info\/index.php\/wp-json\/wp\/v2\/pages"}],"about":[{"href":"https:\/\/jardinsetmaisons.info\/index.php\/wp-json\/wp\/v2\/types\/page"}],"author":[{"embeddable":true,"href":"https:\/\/jardinsetmaisons.info\/index.php\/wp-json\/wp\/v2\/users\/1"}],"replies":[{"embeddable":true,"href":"https:\/\/jardinsetmaisons.info\/index.php\/wp-json\/wp\/v2\/comments?post=243"}],"version-history":[{"count":6,"href":"https:\/\/jardinsetmaisons.info\/index.php\/wp-json\/wp\/v2\/pages\/243\/revisions"}],"predecessor-version":[{"id":957,"href":"https:\/\/jardinsetmaisons.info\/index.php\/wp-json\/wp\/v2\/pages\/243\/revisions\/957"}],"wp:attachment":[{"href":"https:\/\/jardinsetmaisons.info\/index.php\/wp-json\/wp\/v2\/media?parent=243"}],"curies":[{"name":"wp","href":"https:\/\/api.w.org\/{rel}","templated":true}]}}