{"id":2,"date":"2023-04-12T18:18:46","date_gmt":"2023-04-12T16:18:46","guid":{"rendered":"http:\/\/jardinsetmaisons.info\/?page_id=2"},"modified":"2023-06-08T16:22:07","modified_gmt":"2023-06-08T14:22:07","slug":"page-d-exemple","status":"publish","type":"page","link":"https:\/\/jardinsetmaisons.info\/","title":{"rendered":""},"content":{"rendered":"<div id=\"metaslider-id-86\" style=\"width: 100%;\" class=\"ml-slider-3-104-0 metaslider metaslider-flex metaslider-86 ml-slider has-dots-nav ms-theme-default\" role=\"region\" aria-label=\"Home\" data-height=\"837\" data-width=\"1958\">\n    <div id=\"metaslider_container_86\">\n        <div id=\"metaslider_86\">\n            <ul class='slides'>\n                <li style=\"display: block; width: 100%;\" class=\"slide-1438 ms-image \" aria-roledescription=\"slide\" data-date=\"2026-03-01 16:40:53\" data-filename=\"dia-annuellespersistantes-02.jpg\" data-slide-type=\"image\"><img loading=\"lazy\" decoding=\"async\" src=\"https:\/\/jardinsetmaisons.info\/wp-content\/uploads\/2025\/03\/dia-annuellespersistantes-02.jpg\" height=\"837\" width=\"1958\" alt=\"\" class=\"slider-86 slide-1438 msDefaultImage\" title=\"dia-annuelles&amp;persistantes-02\" \/><\/li>\n            <\/ul>\n        <\/div>\n        \n    <\/div>\n<\/div>\n\n\n\n<p><strong>Jardins et Maisons<\/strong> met \u00e0 profit les comp\u00e9tences plurielles et compl\u00e9mentaires de son \u00e9quipe pour imaginer, r\u00e9aliser et entretenir l\u2019environnement complet d\u2019une maison de ville ou de pleine campagne, d\u2019un moulin, d\u2019un manoir, en fonction des aspirations de ses clients, de leur budget, de la situation de leur habitat et de la prise en compte des variables climatiques en pleine mutation.<\/p>\n","protected":false},"excerpt":{"rendered":"<p>Jardins et Maisons met \u00e0 profit les comp\u00e9tences plurielles et compl\u00e9mentaires de son \u00e9quipe pour imaginer, r\u00e9aliser et entretenir l\u2019environnement complet d\u2019une maison de ville ou de pleine campagne, d\u2019un moulin, d\u2019un manoir, en fonction des aspirations de ses clients, de leur budget, de la situation de leur habitat et de la prise en compte des variables climatiques en pleine mutation.<\/p>\n","protected":false},"author":1,"featured_media":0,"parent":0,"menu_order":0,"comment_status":"closed","ping_status":"open","template":"","meta":{"ngg_post_thumbnail":0,"footnotes":""},"class_list":["post-2","page","type-page","status-publish","hentry","clearfix"],"yoast_head":"<!-- This site is optimized with the Yoast SEO plugin v26.6 - https:\/\/yoast.com\/wordpress\/plugins\/seo\/ -->\n<title>- Jardins et Maisons - Nicolas Berger<\/title>\n<meta name=\"robots\" content=\"index, follow, max-snippet:-1, max-image-preview:large, max-video-preview:-1\" \/>\n<link rel=\"canonical\" href=\"https:\/\/jardinsetmaisons.info\/\" \/>\n<meta property=\"og:locale\" content=\"fr_FR\" \/>\n<meta property=\"og:type\" content=\"article\" \/>\n<meta property=\"og:title\" content=\"- Jardins et Maisons - Nicolas Berger\" \/>\n<meta property=\"og:description\" content=\"Jardins et Maisons met \u00e0 profit les comp\u00e9tences plurielles et compl\u00e9mentaires de son \u00e9quipe pour imaginer, r\u00e9aliser et entretenir l\u2019environnement complet d\u2019une maison de ville ou de pleine campagne, d\u2019un moulin, d\u2019un manoir, en fonction des aspirations de ses clients, de leur budget, de la situation de leur habitat et de la prise en compte des variables climatiques en pleine mutation.\" \/>\n<meta property=\"og:url\" content=\"https:\/\/jardinsetmaisons.info\/\" \/>\n<meta property=\"og:site_name\" content=\"Jardins et Maisons - Nicolas Berger\" \/>\n<meta property=\"article:modified_time\" content=\"2023-06-08T14:22:07+00:00\" \/>\n<meta name=\"twitter:card\" content=\"summary_large_image\" \/>\n<meta name=\"twitter:label1\" content=\"Dur\u00e9e de lecture estim\u00e9e\" \/>\n\t<meta name=\"twitter:data1\" content=\"1 minute\" \/>\n<script type=\"application\/ld+json\" class=\"yoast-schema-graph\">{\"@context\":\"https:\/\/schema.org\",\"@graph\":[{\"@type\":\"WebPage\",\"@id\":\"https:\/\/jardinsetmaisons.info\/\",\"url\":\"https:\/\/jardinsetmaisons.info\/\",\"name\":\"- Jardins et Maisons - Nicolas Berger\",\"isPartOf\":{\"@id\":\"https:\/\/jardinsetmaisons.info\/#website\"},\"datePublished\":\"2023-04-12T16:18:46+00:00\",\"dateModified\":\"2023-06-08T14:22:07+00:00\",\"inLanguage\":\"fr-FR\",\"potentialAction\":[{\"@type\":\"ReadAction\",\"target\":[\"https:\/\/jardinsetmaisons.info\/\"]}]},{\"@type\":\"WebSite\",\"@id\":\"https:\/\/jardinsetmaisons.info\/#website\",\"url\":\"https:\/\/jardinsetmaisons.info\/\",\"name\":\"Jardins et Maisons - Nicolas Berger\",\"description\":\"Jardins et Maisons - Nicolas Berger\",\"potentialAction\":[{\"@type\":\"SearchAction\",\"target\":{\"@type\":\"EntryPoint\",\"urlTemplate\":\"https:\/\/jardinsetmaisons.info\/?s={search_term_string}\"},\"query-input\":{\"@type\":\"PropertyValueSpecification\",\"valueRequired\":true,\"valueName\":\"search_term_string\"}}],\"inLanguage\":\"fr-FR\"}]}<\/script>\n<!-- \/ Yoast SEO plugin. -->","yoast_head_json":{"title":"- Jardins et Maisons - Nicolas Berger","robots":{"index":"index","follow":"follow","max-snippet":"max-snippet:-1","max-image-preview":"max-image-preview:large","max-video-preview":"max-video-preview:-1"},"canonical":"https:\/\/jardinsetmaisons.info\/","og_locale":"fr_FR","og_type":"article","og_title":"- Jardins et Maisons - Nicolas Berger","og_description":"Jardins et Maisons met \u00e0 profit les comp\u00e9tences plurielles et compl\u00e9mentaires de son \u00e9quipe pour imaginer, r\u00e9aliser et entretenir l\u2019environnement complet d\u2019une maison de ville ou de pleine campagne, d\u2019un moulin, d\u2019un manoir, en fonction des aspirations de ses clients, de leur budget, de la situation de leur habitat et de la prise en compte des variables climatiques en pleine mutation.","og_url":"https:\/\/jardinsetmaisons.info\/","og_site_name":"Jardins et Maisons - Nicolas Berger","article_modified_time":"2023-06-08T14:22:07+00:00","twitter_card":"summary_large_image","twitter_misc":{"Dur\u00e9e de lecture estim\u00e9e":"1 minute"},"schema":{"@context":"https:\/\/schema.org","@graph":[{"@type":"WebPage","@id":"https:\/\/jardinsetmaisons.info\/","url":"https:\/\/jardinsetmaisons.info\/","name":"- Jardins et Maisons - Nicolas Berger","isPartOf":{"@id":"https:\/\/jardinsetmaisons.info\/#website"},"datePublished":"2023-04-12T16:18:46+00:00","dateModified":"2023-06-08T14:22:07+00:00","inLanguage":"fr-FR","potentialAction":[{"@type":"ReadAction","target":["https:\/\/jardinsetmaisons.info\/"]}]},{"@type":"WebSite","@id":"https:\/\/jardinsetmaisons.info\/#website","url":"https:\/\/jardinsetmaisons.info\/","name":"Jardins et Maisons - Nicolas Berger","description":"Jardins et Maisons - Nicolas Berger","potentialAction":[{"@type":"SearchAction","target":{"@type":"EntryPoint","urlTemplate":"https:\/\/jardinsetmaisons.info\/?s={search_term_string}"},"query-input":{"@type":"PropertyValueSpecification","valueRequired":true,"valueName":"search_term_string"}}],"inLanguage":"fr-FR"}]}},"_links":{"self":[{"href":"https:\/\/jardinsetmaisons.info\/index.php\/wp-json\/wp\/v2\/pages\/2","targetHints":{"allow":["GET"]}}],"collection":[{"href":"https:\/\/jardinsetmaisons.info\/index.php\/wp-json\/wp\/v2\/pages"}],"about":[{"href":"https:\/\/jardinsetmaisons.info\/index.php\/wp-json\/wp\/v2\/types\/page"}],"author":[{"embeddable":true,"href":"https:\/\/jardinsetmaisons.info\/index.php\/wp-json\/wp\/v2\/users\/1"}],"replies":[{"embeddable":true,"href":"https:\/\/jardinsetmaisons.info\/index.php\/wp-json\/wp\/v2\/comments?post=2"}],"version-history":[{"count":6,"href":"https:\/\/jardinsetmaisons.info\/index.php\/wp-json\/wp\/v2\/pages\/2\/revisions"}],"predecessor-version":[{"id":955,"href":"https:\/\/jardinsetmaisons.info\/index.php\/wp-json\/wp\/v2\/pages\/2\/revisions\/955"}],"wp:attachment":[{"href":"https:\/\/jardinsetmaisons.info\/index.php\/wp-json\/wp\/v2\/media?parent=2"}],"curies":[{"name":"wp","href":"https:\/\/api.w.org\/{rel}","templated":true}]}}