{"id":19,"date":"2023-04-25T14:43:09","date_gmt":"2023-04-25T12:43:09","guid":{"rendered":"http:\/\/jardinsetmaisons.info\/?page_id=19"},"modified":"2023-04-25T16:02:25","modified_gmt":"2023-04-25T14:02:25","slug":"19-2","status":"publish","type":"page","link":"https:\/\/jardinsetmaisons.info\/index.php\/19-2\/","title":{"rendered":"L&rsquo;entreprise"},"content":{"rendered":"\n<p><strong>Jardins et Maisons a pour ambition de mieux mettre en valeur votre environnement ext\u00e9rieur.<\/strong><\/p>\n\n\n<div class=\"wp-block-image\">\n<figure class=\"alignleft size-full\"><img loading=\"lazy\" decoding=\"async\" width=\"220\" height=\"276\" src=\"http:\/\/jardinsetmaisons.info\/wp-content\/uploads\/2023\/04\/nicolas.jpg\" alt=\"\" class=\"wp-image-77\"\/><\/figure>\n<\/div>\n\n\n<p>Si <strong>Jardins et Maison<\/strong>s a connu un d\u00e9veloppement rapide et constant, c\u2019est parce que <strong>Nicolas Berger<\/strong>, jeune cr\u00e9ateur (en 2009) de cette entreprise de paysage, a toujours fond\u00e9 ses r\u00e9alisations sur le respect des attentes et des go\u00fbts de ses clients et sur les exceptionnelles richesses du patrimoine percheron.<\/p>\n\n\n\n<p><strong>Implant\u00e9e \u00e0 Longny au Perche (Orne), son rayon d\u2019action est d\u2019une cinquantaine de kilom\u00e8tres, allant jusqu&rsquo;\u00e0 Nogent le Rotrou, Chartres, Alen\u00e7on ou Dreux.<\/strong><\/p>\n\n\n\n<p><strong>Jardins et Maisons<\/strong> met \u00e0 profit les comp\u00e9tences plurielles et compl\u00e9mentaires de son \u00e9quipe pour imaginer, r\u00e9aliser et entretenir l\u2019environnement complet d\u2019une maison de ville ou de pleine campagne, d\u2019un moulin, d\u2019un manoir, en fonction des aspirations de ses clients, de leur budget, de la situation de leur habitat et de la prise en compte des variables climatiques en pleine mutation.<\/p>\n\n\n\n<p>Assurer l\u2019ensemble des prestations conduisant \u00e0 <a href=\"https:\/\/jardinsetmaisons.info\/index.php\/creation-et-amenagement-de-jardins\/\">mettre en valeur les espaces ext\u00e9rieurs<\/a>, \u00e0 optimiser la beaut\u00e9, la qualit\u00e9 et l\u2019harmonie de l\u2019ensemble \u00ab jardin et maison \u00bb, \u00e0 les maintenir, tout au long de l\u2019ann\u00e9e (<a href=\"https:\/\/jardinsetmaisons.info\/index.php\/elagage\/\">\u00e9lagage<\/a>, broyage en herbe ou forestier, <a href=\"https:\/\/jardinsetmaisons.info\/index.php\/contrat-de-tonte\/\">tonte<\/a>, <a href=\"https:\/\/jardinsetmaisons.info\/index.php\/arrosage-automatique\/\">irrigation<\/a>, etc.), constitue le fil conducteur de <strong>Jardins et Maisons<\/strong>&#8230; et sa sp\u00e9cificit\u00e9.<\/p>\n\n\n\n<p><em><strong>\u00ab Pour y parvenir, la priorit\u00e9 est d\u2019\u00e9tablir une vraie relation de partenariat avec chaque client.&nbsp;<\/strong><\/em>\u00bb<\/p>\n\n\n\n<p><em>Comprendre son mode de vie, ses go\u00fbts, ses envies, ses attentes et l\u2019aider \u00e0 les formaliser pour pouvoir lui proposer les meilleures id\u00e9es en fonction des atouts et des contraintes du milieu.&nbsp;\u00bb<\/em><\/p>\n\n\n<div class=\"wp-block-image\">\n<figure class=\"alignright is-resized\"><img loading=\"lazy\" decoding=\"async\" src=\"http:\/\/jardinsetmaisons.info\/wp-content\/uploads\/2023\/04\/parc-monceaux-10.jpg\" alt=\"\" class=\"wp-image-78\" width=\"404\" height=\"227\" srcset=\"https:\/\/jardinsetmaisons.info\/wp-content\/uploads\/2023\/04\/parc-monceaux-10.jpg 800w, https:\/\/jardinsetmaisons.info\/wp-content\/uploads\/2023\/04\/parc-monceaux-10-300x169.jpg 300w, https:\/\/jardinsetmaisons.info\/wp-content\/uploads\/2023\/04\/parc-monceaux-10-768x432.jpg 768w\" sizes=\"auto, (max-width: 404px) 100vw, 404px\" \/><\/figure>\n<\/div>\n\n\n<p>Que ce soit pour les \u00e9l\u00e9ments structurants (cr\u00e9ation de mares, \u00e9tangs, chutes d\u2019eau, terrassements, construction de murets, d\u2019escaliers, etc.), pour les aspects horticoles (cr\u00e9ation de parterres, potagers, jardins de fleurs) ou les \u00e9quipements (<a href=\"https:\/\/jardinsetmaisons.info\/index.php\/elagage\/\">\u00e9clairage<\/a>, cl\u00f4ture, <a href=\"https:\/\/jardinsetmaisons.info\/index.php\/arrosage-automatique\/\">arrosage<\/a>, drainage&#8230;), <strong>Nicolas Berger <\/strong>accompagne ses clients et g\u00e8re l\u2019int\u00e9gralit\u00e9 du projet.<\/p>\n\n\n\n<p><strong>Au fait des questions climatiques et conscient de la n\u00e9cessit\u00e9 de r\u00e9duire notre impact sur l\u2019environnement, Nicolas propose des solutions d\u2019entretien autonomes qui r\u00e9duisent les besoins \u00e9nerg\u00e9tiques.<\/strong> <br><br>Il privil\u00e9gie des fournisseurs locaux d\u2019arbres et arbustes, acclimat\u00e9s \u00e0 notre r\u00e9gion et travaille en partenariat avec les restaurateurs de demeures anciennes, pour garantir l\u2019homog\u00e9n\u00e9it\u00e9 des r\u00e9alisations.<\/p>\n\n\n\n<p>Il ne n\u00e9glige jamais rien et apporte autant de soin aux projets, qu\u2019ils portent sur du petit habitat de ville ou de campagne ou sur des maisons avec des espaces plus grands, et jusqu\u2019\u00e0 des domaines, publics ou priv\u00e9s, de plusieurs dizaines d\u2019hectares de parc avec rivi\u00e8re ou \u00e9tangs. <\/p>\n\n\n\n<p><\/p>\n","protected":false},"excerpt":{"rendered":"<p>Jardins et Maisons a pour ambition de mieux mettre en valeur votre environnement ext\u00e9rieur. Si Jardins et Maisons a connu un d\u00e9veloppement rapide et constant, c\u2019est parce que Nicolas Berger, jeune cr\u00e9ateur (en 2009) de cette entreprise de paysage, a toujours fond\u00e9 ses r\u00e9alisations sur le respect des attentes et des go\u00fbts de ses clients et sur les exceptionnelles richesses du patrimoine percheron. Implant\u00e9e \u00e0&hellip; <\/p>\n","protected":false},"author":1,"featured_media":0,"parent":0,"menu_order":0,"comment_status":"closed","ping_status":"closed","template":"","meta":{"ngg_post_thumbnail":0,"footnotes":""},"class_list":["post-19","page","type-page","status-publish","hentry","clearfix"],"yoast_head":"<!-- This site is optimized with the Yoast SEO plugin v26.6 - https:\/\/yoast.com\/wordpress\/plugins\/seo\/ -->\n<title>L&#039;entreprise - Jardins et Maisons - Nicolas Berger<\/title>\n<meta name=\"robots\" content=\"index, follow, max-snippet:-1, max-image-preview:large, max-video-preview:-1\" \/>\n<link rel=\"canonical\" href=\"https:\/\/jardinsetmaisons.info\/index.php\/19-2\/\" \/>\n<meta property=\"og:locale\" content=\"fr_FR\" \/>\n<meta property=\"og:type\" content=\"article\" \/>\n<meta property=\"og:title\" content=\"L&#039;entreprise - Jardins et Maisons - Nicolas Berger\" \/>\n<meta property=\"og:description\" content=\"Jardins et Maisons a pour ambition de mieux mettre en valeur votre environnement ext\u00e9rieur. Si Jardins et Maisons a connu un d\u00e9veloppement rapide et constant, c\u2019est parce que Nicolas Berger, jeune cr\u00e9ateur (en 2009) de cette entreprise de paysage, a toujours fond\u00e9 ses r\u00e9alisations sur le respect des attentes et des go\u00fbts de ses clients et sur les exceptionnelles richesses du patrimoine percheron. Implant\u00e9e \u00e0&hellip;\" \/>\n<meta property=\"og:url\" content=\"https:\/\/jardinsetmaisons.info\/index.php\/19-2\/\" \/>\n<meta property=\"og:site_name\" content=\"Jardins et Maisons - Nicolas Berger\" \/>\n<meta property=\"article:modified_time\" content=\"2023-04-25T14:02:25+00:00\" \/>\n<meta property=\"og:image\" content=\"http:\/\/jardinsetmaisons.info\/wp-content\/uploads\/2023\/04\/nicolas.jpg\" \/>\n<meta name=\"twitter:card\" content=\"summary_large_image\" \/>\n<meta name=\"twitter:label1\" content=\"Dur\u00e9e de lecture estim\u00e9e\" \/>\n\t<meta name=\"twitter:data1\" content=\"3 minutes\" \/>\n<script type=\"application\/ld+json\" class=\"yoast-schema-graph\">{\"@context\":\"https:\/\/schema.org\",\"@graph\":[{\"@type\":\"WebPage\",\"@id\":\"https:\/\/jardinsetmaisons.info\/index.php\/19-2\/\",\"url\":\"https:\/\/jardinsetmaisons.info\/index.php\/19-2\/\",\"name\":\"L'entreprise - Jardins et Maisons - Nicolas Berger\",\"isPartOf\":{\"@id\":\"https:\/\/jardinsetmaisons.info\/#website\"},\"primaryImageOfPage\":{\"@id\":\"https:\/\/jardinsetmaisons.info\/index.php\/19-2\/#primaryimage\"},\"image\":{\"@id\":\"https:\/\/jardinsetmaisons.info\/index.php\/19-2\/#primaryimage\"},\"thumbnailUrl\":\"http:\/\/jardinsetmaisons.info\/wp-content\/uploads\/2023\/04\/nicolas.jpg\",\"datePublished\":\"2023-04-25T12:43:09+00:00\",\"dateModified\":\"2023-04-25T14:02:25+00:00\",\"breadcrumb\":{\"@id\":\"https:\/\/jardinsetmaisons.info\/index.php\/19-2\/#breadcrumb\"},\"inLanguage\":\"fr-FR\",\"potentialAction\":[{\"@type\":\"ReadAction\",\"target\":[\"https:\/\/jardinsetmaisons.info\/index.php\/19-2\/\"]}]},{\"@type\":\"ImageObject\",\"inLanguage\":\"fr-FR\",\"@id\":\"https:\/\/jardinsetmaisons.info\/index.php\/19-2\/#primaryimage\",\"url\":\"https:\/\/jardinsetmaisons.info\/wp-content\/uploads\/2023\/04\/nicolas.jpg\",\"contentUrl\":\"https:\/\/jardinsetmaisons.info\/wp-content\/uploads\/2023\/04\/nicolas.jpg\",\"width\":220,\"height\":276},{\"@type\":\"BreadcrumbList\",\"@id\":\"https:\/\/jardinsetmaisons.info\/index.php\/19-2\/#breadcrumb\",\"itemListElement\":[{\"@type\":\"ListItem\",\"position\":1,\"name\":\"Accueil\",\"item\":\"https:\/\/jardinsetmaisons.info\/\"},{\"@type\":\"ListItem\",\"position\":2,\"name\":\"L&rsquo;entreprise\"}]},{\"@type\":\"WebSite\",\"@id\":\"https:\/\/jardinsetmaisons.info\/#website\",\"url\":\"https:\/\/jardinsetmaisons.info\/\",\"name\":\"Jardins et Maisons - Nicolas Berger\",\"description\":\"Jardins et Maisons - Nicolas Berger\",\"potentialAction\":[{\"@type\":\"SearchAction\",\"target\":{\"@type\":\"EntryPoint\",\"urlTemplate\":\"https:\/\/jardinsetmaisons.info\/?s={search_term_string}\"},\"query-input\":{\"@type\":\"PropertyValueSpecification\",\"valueRequired\":true,\"valueName\":\"search_term_string\"}}],\"inLanguage\":\"fr-FR\"}]}<\/script>\n<!-- \/ Yoast SEO plugin. -->","yoast_head_json":{"title":"L'entreprise - Jardins et Maisons - Nicolas Berger","robots":{"index":"index","follow":"follow","max-snippet":"max-snippet:-1","max-image-preview":"max-image-preview:large","max-video-preview":"max-video-preview:-1"},"canonical":"https:\/\/jardinsetmaisons.info\/index.php\/19-2\/","og_locale":"fr_FR","og_type":"article","og_title":"L'entreprise - Jardins et Maisons - Nicolas Berger","og_description":"Jardins et Maisons a pour ambition de mieux mettre en valeur votre environnement ext\u00e9rieur. Si Jardins et Maisons a connu un d\u00e9veloppement rapide et constant, c\u2019est parce que Nicolas Berger, jeune cr\u00e9ateur (en 2009) de cette entreprise de paysage, a toujours fond\u00e9 ses r\u00e9alisations sur le respect des attentes et des go\u00fbts de ses clients et sur les exceptionnelles richesses du patrimoine percheron. Implant\u00e9e \u00e0&hellip;","og_url":"https:\/\/jardinsetmaisons.info\/index.php\/19-2\/","og_site_name":"Jardins et Maisons - Nicolas Berger","article_modified_time":"2023-04-25T14:02:25+00:00","og_image":[{"url":"http:\/\/jardinsetmaisons.info\/wp-content\/uploads\/2023\/04\/nicolas.jpg","type":"","width":"","height":""}],"twitter_card":"summary_large_image","twitter_misc":{"Dur\u00e9e de lecture estim\u00e9e":"3 minutes"},"schema":{"@context":"https:\/\/schema.org","@graph":[{"@type":"WebPage","@id":"https:\/\/jardinsetmaisons.info\/index.php\/19-2\/","url":"https:\/\/jardinsetmaisons.info\/index.php\/19-2\/","name":"L'entreprise - Jardins et Maisons - Nicolas Berger","isPartOf":{"@id":"https:\/\/jardinsetmaisons.info\/#website"},"primaryImageOfPage":{"@id":"https:\/\/jardinsetmaisons.info\/index.php\/19-2\/#primaryimage"},"image":{"@id":"https:\/\/jardinsetmaisons.info\/index.php\/19-2\/#primaryimage"},"thumbnailUrl":"http:\/\/jardinsetmaisons.info\/wp-content\/uploads\/2023\/04\/nicolas.jpg","datePublished":"2023-04-25T12:43:09+00:00","dateModified":"2023-04-25T14:02:25+00:00","breadcrumb":{"@id":"https:\/\/jardinsetmaisons.info\/index.php\/19-2\/#breadcrumb"},"inLanguage":"fr-FR","potentialAction":[{"@type":"ReadAction","target":["https:\/\/jardinsetmaisons.info\/index.php\/19-2\/"]}]},{"@type":"ImageObject","inLanguage":"fr-FR","@id":"https:\/\/jardinsetmaisons.info\/index.php\/19-2\/#primaryimage","url":"https:\/\/jardinsetmaisons.info\/wp-content\/uploads\/2023\/04\/nicolas.jpg","contentUrl":"https:\/\/jardinsetmaisons.info\/wp-content\/uploads\/2023\/04\/nicolas.jpg","width":220,"height":276},{"@type":"BreadcrumbList","@id":"https:\/\/jardinsetmaisons.info\/index.php\/19-2\/#breadcrumb","itemListElement":[{"@type":"ListItem","position":1,"name":"Accueil","item":"https:\/\/jardinsetmaisons.info\/"},{"@type":"ListItem","position":2,"name":"L&rsquo;entreprise"}]},{"@type":"WebSite","@id":"https:\/\/jardinsetmaisons.info\/#website","url":"https:\/\/jardinsetmaisons.info\/","name":"Jardins et Maisons - Nicolas Berger","description":"Jardins et Maisons - Nicolas Berger","potentialAction":[{"@type":"SearchAction","target":{"@type":"EntryPoint","urlTemplate":"https:\/\/jardinsetmaisons.info\/?s={search_term_string}"},"query-input":{"@type":"PropertyValueSpecification","valueRequired":true,"valueName":"search_term_string"}}],"inLanguage":"fr-FR"}]}},"_links":{"self":[{"href":"https:\/\/jardinsetmaisons.info\/index.php\/wp-json\/wp\/v2\/pages\/19","targetHints":{"allow":["GET"]}}],"collection":[{"href":"https:\/\/jardinsetmaisons.info\/index.php\/wp-json\/wp\/v2\/pages"}],"about":[{"href":"https:\/\/jardinsetmaisons.info\/index.php\/wp-json\/wp\/v2\/types\/page"}],"author":[{"embeddable":true,"href":"https:\/\/jardinsetmaisons.info\/index.php\/wp-json\/wp\/v2\/users\/1"}],"replies":[{"embeddable":true,"href":"https:\/\/jardinsetmaisons.info\/index.php\/wp-json\/wp\/v2\/comments?post=19"}],"version-history":[{"count":9,"href":"https:\/\/jardinsetmaisons.info\/index.php\/wp-json\/wp\/v2\/pages\/19\/revisions"}],"predecessor-version":[{"id":94,"href":"https:\/\/jardinsetmaisons.info\/index.php\/wp-json\/wp\/v2\/pages\/19\/revisions\/94"}],"wp:attachment":[{"href":"https:\/\/jardinsetmaisons.info\/index.php\/wp-json\/wp\/v2\/media?parent=19"}],"curies":[{"name":"wp","href":"https:\/\/api.w.org\/{rel}","templated":true}]}}