{"id":172,"date":"2023-04-26T16:56:44","date_gmt":"2023-04-26T14:56:44","guid":{"rendered":"http:\/\/jardinsetmaisons.info\/?page_id=172"},"modified":"2023-04-26T17:01:43","modified_gmt":"2023-04-26T15:01:43","slug":"fauchage-et-le-debroussaillage","status":"publish","type":"page","link":"https:\/\/jardinsetmaisons.info\/index.php\/fauchage-et-le-debroussaillage\/","title":{"rendered":"D\u00e9broussaillage"},"content":{"rendered":"<div class=\"wp-block-image\">\n<figure class=\"alignright size-full is-resized\"><img loading=\"lazy\" decoding=\"async\" src=\"http:\/\/jardinsetmaisons.info\/wp-content\/uploads\/2023\/04\/debroussaillage.jpg\" alt=\"\" class=\"wp-image-173\" width=\"435\" height=\"580\" srcset=\"https:\/\/jardinsetmaisons.info\/wp-content\/uploads\/2023\/04\/debroussaillage.jpg 750w, https:\/\/jardinsetmaisons.info\/wp-content\/uploads\/2023\/04\/debroussaillage-225x300.jpg 225w\" sizes=\"auto, (max-width: 435px) 100vw, 435px\" \/><\/figure>\n<\/div>\n\n\n<p><strong>Le fauchage et le d\u00e9broussaillage<\/strong> sont des op\u00e9rations qui permettent d\u2019obtenir un terrain propre. Mais au-del\u00e0 de \u00e7\u00e0, il s\u2019agit d\u2019une obligation l\u00e9gale visant \u00e0 garantir la s\u00e9curit\u00e9 des biens et des personnes.<\/p>\n\n\n\n<p>Nous ma\u00eetrisons les techniques et disposons du mat\u00e9riel n\u00e9cessaire pour r\u00e9aliser ces op\u00e9rations d\u00e9licates et dangereuses. Nos <strong>mat\u00e9riels adapt\u00e9s<\/strong> vous garantissent un <strong>fauchage et d\u00e9broussaillage rapide<\/strong>, m\u00eame si la v\u00e9g\u00e9tation est dense !<\/p>\n\n\n\n<p><strong>Une fois le travail r\u00e9alis\u00e9, nous ramassons et broyons les d\u00e9chets produits afin de les recycler pour amender les sols.<\/strong><\/p>\n","protected":false},"excerpt":{"rendered":"<p>Le fauchage et le d\u00e9broussaillage sont des op\u00e9rations qui permettent d\u2019obtenir un terrain propre. Mais au-del\u00e0 de \u00e7\u00e0, il s\u2019agit d\u2019une obligation l\u00e9gale visant \u00e0 garantir la s\u00e9curit\u00e9 des biens et des personnes. Nous ma\u00eetrisons les techniques et disposons du mat\u00e9riel n\u00e9cessaire pour r\u00e9aliser ces op\u00e9rations d\u00e9licates et dangereuses. Nos mat\u00e9riels adapt\u00e9s vous garantissent un fauchage et d\u00e9broussaillage rapide, m\u00eame si la v\u00e9g\u00e9tation est dense&hellip; <\/p>\n","protected":false},"author":1,"featured_media":0,"parent":0,"menu_order":0,"comment_status":"closed","ping_status":"closed","template":"","meta":{"ngg_post_thumbnail":0,"footnotes":""},"class_list":["post-172","page","type-page","status-publish","hentry","clearfix"],"yoast_head":"<!-- This site is optimized with the Yoast SEO plugin v26.6 - https:\/\/yoast.com\/wordpress\/plugins\/seo\/ -->\n<title>D\u00e9broussaillage - Jardins et Maisons - Nicolas Berger<\/title>\n<meta name=\"robots\" content=\"index, follow, max-snippet:-1, max-image-preview:large, max-video-preview:-1\" \/>\n<link rel=\"canonical\" href=\"https:\/\/jardinsetmaisons.info\/index.php\/fauchage-et-le-debroussaillage\/\" \/>\n<meta property=\"og:locale\" content=\"fr_FR\" \/>\n<meta property=\"og:type\" content=\"article\" \/>\n<meta property=\"og:title\" content=\"D\u00e9broussaillage - Jardins et Maisons - Nicolas Berger\" \/>\n<meta property=\"og:description\" content=\"Le fauchage et le d\u00e9broussaillage sont des op\u00e9rations qui permettent d\u2019obtenir un terrain propre. Mais au-del\u00e0 de \u00e7\u00e0, il s\u2019agit d\u2019une obligation l\u00e9gale visant \u00e0 garantir la s\u00e9curit\u00e9 des biens et des personnes. Nous ma\u00eetrisons les techniques et disposons du mat\u00e9riel n\u00e9cessaire pour r\u00e9aliser ces op\u00e9rations d\u00e9licates et dangereuses. Nos mat\u00e9riels adapt\u00e9s vous garantissent un fauchage et d\u00e9broussaillage rapide, m\u00eame si la v\u00e9g\u00e9tation est dense&hellip;\" \/>\n<meta property=\"og:url\" content=\"https:\/\/jardinsetmaisons.info\/index.php\/fauchage-et-le-debroussaillage\/\" \/>\n<meta property=\"og:site_name\" content=\"Jardins et Maisons - Nicolas Berger\" \/>\n<meta property=\"article:modified_time\" content=\"2023-04-26T15:01:43+00:00\" \/>\n<meta property=\"og:image\" content=\"http:\/\/jardinsetmaisons.info\/wp-content\/uploads\/2023\/04\/debroussaillage.jpg\" \/>\n<meta name=\"twitter:card\" content=\"summary_large_image\" \/>\n<meta name=\"twitter:label1\" content=\"Dur\u00e9e de lecture estim\u00e9e\" \/>\n\t<meta name=\"twitter:data1\" content=\"1 minute\" \/>\n<script type=\"application\/ld+json\" class=\"yoast-schema-graph\">{\"@context\":\"https:\/\/schema.org\",\"@graph\":[{\"@type\":\"WebPage\",\"@id\":\"https:\/\/jardinsetmaisons.info\/index.php\/fauchage-et-le-debroussaillage\/\",\"url\":\"https:\/\/jardinsetmaisons.info\/index.php\/fauchage-et-le-debroussaillage\/\",\"name\":\"D\u00e9broussaillage - Jardins et Maisons - Nicolas Berger\",\"isPartOf\":{\"@id\":\"https:\/\/jardinsetmaisons.info\/#website\"},\"primaryImageOfPage\":{\"@id\":\"https:\/\/jardinsetmaisons.info\/index.php\/fauchage-et-le-debroussaillage\/#primaryimage\"},\"image\":{\"@id\":\"https:\/\/jardinsetmaisons.info\/index.php\/fauchage-et-le-debroussaillage\/#primaryimage\"},\"thumbnailUrl\":\"http:\/\/jardinsetmaisons.info\/wp-content\/uploads\/2023\/04\/debroussaillage.jpg\",\"datePublished\":\"2023-04-26T14:56:44+00:00\",\"dateModified\":\"2023-04-26T15:01:43+00:00\",\"breadcrumb\":{\"@id\":\"https:\/\/jardinsetmaisons.info\/index.php\/fauchage-et-le-debroussaillage\/#breadcrumb\"},\"inLanguage\":\"fr-FR\",\"potentialAction\":[{\"@type\":\"ReadAction\",\"target\":[\"https:\/\/jardinsetmaisons.info\/index.php\/fauchage-et-le-debroussaillage\/\"]}]},{\"@type\":\"ImageObject\",\"inLanguage\":\"fr-FR\",\"@id\":\"https:\/\/jardinsetmaisons.info\/index.php\/fauchage-et-le-debroussaillage\/#primaryimage\",\"url\":\"https:\/\/jardinsetmaisons.info\/wp-content\/uploads\/2023\/04\/debroussaillage.jpg\",\"contentUrl\":\"https:\/\/jardinsetmaisons.info\/wp-content\/uploads\/2023\/04\/debroussaillage.jpg\",\"width\":750,\"height\":1000},{\"@type\":\"BreadcrumbList\",\"@id\":\"https:\/\/jardinsetmaisons.info\/index.php\/fauchage-et-le-debroussaillage\/#breadcrumb\",\"itemListElement\":[{\"@type\":\"ListItem\",\"position\":1,\"name\":\"Accueil\",\"item\":\"https:\/\/jardinsetmaisons.info\/\"},{\"@type\":\"ListItem\",\"position\":2,\"name\":\"D\u00e9broussaillage\"}]},{\"@type\":\"WebSite\",\"@id\":\"https:\/\/jardinsetmaisons.info\/#website\",\"url\":\"https:\/\/jardinsetmaisons.info\/\",\"name\":\"Jardins et Maisons - Nicolas Berger\",\"description\":\"Jardins et Maisons - Nicolas Berger\",\"potentialAction\":[{\"@type\":\"SearchAction\",\"target\":{\"@type\":\"EntryPoint\",\"urlTemplate\":\"https:\/\/jardinsetmaisons.info\/?s={search_term_string}\"},\"query-input\":{\"@type\":\"PropertyValueSpecification\",\"valueRequired\":true,\"valueName\":\"search_term_string\"}}],\"inLanguage\":\"fr-FR\"}]}<\/script>\n<!-- \/ Yoast SEO plugin. -->","yoast_head_json":{"title":"D\u00e9broussaillage - Jardins et Maisons - Nicolas Berger","robots":{"index":"index","follow":"follow","max-snippet":"max-snippet:-1","max-image-preview":"max-image-preview:large","max-video-preview":"max-video-preview:-1"},"canonical":"https:\/\/jardinsetmaisons.info\/index.php\/fauchage-et-le-debroussaillage\/","og_locale":"fr_FR","og_type":"article","og_title":"D\u00e9broussaillage - Jardins et Maisons - Nicolas Berger","og_description":"Le fauchage et le d\u00e9broussaillage sont des op\u00e9rations qui permettent d\u2019obtenir un terrain propre. Mais au-del\u00e0 de \u00e7\u00e0, il s\u2019agit d\u2019une obligation l\u00e9gale visant \u00e0 garantir la s\u00e9curit\u00e9 des biens et des personnes. Nous ma\u00eetrisons les techniques et disposons du mat\u00e9riel n\u00e9cessaire pour r\u00e9aliser ces op\u00e9rations d\u00e9licates et dangereuses. Nos mat\u00e9riels adapt\u00e9s vous garantissent un fauchage et d\u00e9broussaillage rapide, m\u00eame si la v\u00e9g\u00e9tation est dense&hellip;","og_url":"https:\/\/jardinsetmaisons.info\/index.php\/fauchage-et-le-debroussaillage\/","og_site_name":"Jardins et Maisons - Nicolas Berger","article_modified_time":"2023-04-26T15:01:43+00:00","og_image":[{"url":"http:\/\/jardinsetmaisons.info\/wp-content\/uploads\/2023\/04\/debroussaillage.jpg","type":"","width":"","height":""}],"twitter_card":"summary_large_image","twitter_misc":{"Dur\u00e9e de lecture estim\u00e9e":"1 minute"},"schema":{"@context":"https:\/\/schema.org","@graph":[{"@type":"WebPage","@id":"https:\/\/jardinsetmaisons.info\/index.php\/fauchage-et-le-debroussaillage\/","url":"https:\/\/jardinsetmaisons.info\/index.php\/fauchage-et-le-debroussaillage\/","name":"D\u00e9broussaillage - Jardins et Maisons - Nicolas Berger","isPartOf":{"@id":"https:\/\/jardinsetmaisons.info\/#website"},"primaryImageOfPage":{"@id":"https:\/\/jardinsetmaisons.info\/index.php\/fauchage-et-le-debroussaillage\/#primaryimage"},"image":{"@id":"https:\/\/jardinsetmaisons.info\/index.php\/fauchage-et-le-debroussaillage\/#primaryimage"},"thumbnailUrl":"http:\/\/jardinsetmaisons.info\/wp-content\/uploads\/2023\/04\/debroussaillage.jpg","datePublished":"2023-04-26T14:56:44+00:00","dateModified":"2023-04-26T15:01:43+00:00","breadcrumb":{"@id":"https:\/\/jardinsetmaisons.info\/index.php\/fauchage-et-le-debroussaillage\/#breadcrumb"},"inLanguage":"fr-FR","potentialAction":[{"@type":"ReadAction","target":["https:\/\/jardinsetmaisons.info\/index.php\/fauchage-et-le-debroussaillage\/"]}]},{"@type":"ImageObject","inLanguage":"fr-FR","@id":"https:\/\/jardinsetmaisons.info\/index.php\/fauchage-et-le-debroussaillage\/#primaryimage","url":"https:\/\/jardinsetmaisons.info\/wp-content\/uploads\/2023\/04\/debroussaillage.jpg","contentUrl":"https:\/\/jardinsetmaisons.info\/wp-content\/uploads\/2023\/04\/debroussaillage.jpg","width":750,"height":1000},{"@type":"BreadcrumbList","@id":"https:\/\/jardinsetmaisons.info\/index.php\/fauchage-et-le-debroussaillage\/#breadcrumb","itemListElement":[{"@type":"ListItem","position":1,"name":"Accueil","item":"https:\/\/jardinsetmaisons.info\/"},{"@type":"ListItem","position":2,"name":"D\u00e9broussaillage"}]},{"@type":"WebSite","@id":"https:\/\/jardinsetmaisons.info\/#website","url":"https:\/\/jardinsetmaisons.info\/","name":"Jardins et Maisons - Nicolas Berger","description":"Jardins et Maisons - Nicolas Berger","potentialAction":[{"@type":"SearchAction","target":{"@type":"EntryPoint","urlTemplate":"https:\/\/jardinsetmaisons.info\/?s={search_term_string}"},"query-input":{"@type":"PropertyValueSpecification","valueRequired":true,"valueName":"search_term_string"}}],"inLanguage":"fr-FR"}]}},"_links":{"self":[{"href":"https:\/\/jardinsetmaisons.info\/index.php\/wp-json\/wp\/v2\/pages\/172","targetHints":{"allow":["GET"]}}],"collection":[{"href":"https:\/\/jardinsetmaisons.info\/index.php\/wp-json\/wp\/v2\/pages"}],"about":[{"href":"https:\/\/jardinsetmaisons.info\/index.php\/wp-json\/wp\/v2\/types\/page"}],"author":[{"embeddable":true,"href":"https:\/\/jardinsetmaisons.info\/index.php\/wp-json\/wp\/v2\/users\/1"}],"replies":[{"embeddable":true,"href":"https:\/\/jardinsetmaisons.info\/index.php\/wp-json\/wp\/v2\/comments?post=172"}],"version-history":[{"count":3,"href":"https:\/\/jardinsetmaisons.info\/index.php\/wp-json\/wp\/v2\/pages\/172\/revisions"}],"predecessor-version":[{"id":177,"href":"https:\/\/jardinsetmaisons.info\/index.php\/wp-json\/wp\/v2\/pages\/172\/revisions\/177"}],"wp:attachment":[{"href":"https:\/\/jardinsetmaisons.info\/index.php\/wp-json\/wp\/v2\/media?parent=172"}],"curies":[{"name":"wp","href":"https:\/\/api.w.org\/{rel}","templated":true}]}}