{"id":161,"date":"2023-04-26T16:17:22","date_gmt":"2023-04-26T14:17:22","guid":{"rendered":"http:\/\/jardinsetmaisons.info\/?page_id=161"},"modified":"2023-04-26T16:23:52","modified_gmt":"2023-04-26T14:23:52","slug":"arrachage-et-le-carottage-des-souches","status":"publish","type":"page","link":"https:\/\/jardinsetmaisons.info\/index.php\/arrachage-et-le-carottage-des-souches\/","title":{"rendered":"Suppression des souches"},"content":{"rendered":"\n<p><strong>Apr\u00e8s l\u2019abattage d\u2019un arbre, il faudra certainement supprimer la souche. <\/strong><br><br><\/p>\n\n\n<div class=\"wp-block-image\">\n<figure class=\"alignright size-full is-resized\"><img loading=\"lazy\" decoding=\"async\" src=\"http:\/\/jardinsetmaisons.info\/wp-content\/uploads\/2023\/04\/entretien-rognage-entreprises.jpg\" alt=\"\" class=\"wp-image-167\" width=\"425\" height=\"425\" srcset=\"https:\/\/jardinsetmaisons.info\/wp-content\/uploads\/2023\/04\/entretien-rognage-entreprises.jpg 768w, https:\/\/jardinsetmaisons.info\/wp-content\/uploads\/2023\/04\/entretien-rognage-entreprises-300x300.jpg 300w, https:\/\/jardinsetmaisons.info\/wp-content\/uploads\/2023\/04\/entretien-rognage-entreprises-150x150.jpg 150w\" sizes=\"auto, (max-width: 425px) 100vw, 425px\" \/><\/figure>\n<\/div>\n\n\n<p>Cette op\u00e9ration laborieuse n\u00e9cessite une entreprise qui prendra en charge l\u2019ensemble du chantier. <br>M\u00eame si l\u2019arbre est abattu, nombreuses sont les souches qui continuent \u00e0 pousser, ce qui provoque des rejets dans vos espaces verts ou soul\u00e8ve les enrob\u00e9s ou bordures avoisinantes.\u00a0<\/p>\n\n\n\n<p><strong>Le carottage<\/strong> consiste \u00e0 <strong>d\u00e9truire la souche <\/strong>en y introduisant une carotteuse.<strong> <\/strong>Cette technique permet de <strong>limiter les d\u00e9g\u00e2ts sur le milieu environnant celui de la souche<\/strong>.<br><br>Le trou cr\u00e9\u00e9 par le <strong>dessouchage<\/strong> pourra \u00eatre combl\u00e9 par un apport de terre, puis engazonn\u00e9.<\/p>\n","protected":false},"excerpt":{"rendered":"<p>Apr\u00e8s l\u2019abattage d\u2019un arbre, il faudra certainement supprimer la souche. Cette op\u00e9ration laborieuse n\u00e9cessite une entreprise qui prendra en charge l\u2019ensemble du chantier. M\u00eame si l\u2019arbre est abattu, nombreuses sont les souches qui continuent \u00e0 pousser, ce qui provoque des rejets dans vos espaces verts ou soul\u00e8ve les enrob\u00e9s ou bordures avoisinantes.\u00a0 Le carottage consiste \u00e0 d\u00e9truire la souche en y introduisant une carotteuse. Cette&hellip; <\/p>\n","protected":false},"author":1,"featured_media":0,"parent":0,"menu_order":0,"comment_status":"closed","ping_status":"closed","template":"","meta":{"ngg_post_thumbnail":0,"footnotes":""},"class_list":["post-161","page","type-page","status-publish","hentry","clearfix"],"yoast_head":"<!-- This site is optimized with the Yoast SEO plugin v26.6 - https:\/\/yoast.com\/wordpress\/plugins\/seo\/ -->\n<title>Suppression des souches - Jardins et Maisons - Nicolas Berger<\/title>\n<meta name=\"robots\" content=\"index, follow, max-snippet:-1, max-image-preview:large, max-video-preview:-1\" \/>\n<link rel=\"canonical\" href=\"https:\/\/jardinsetmaisons.info\/index.php\/arrachage-et-le-carottage-des-souches\/\" \/>\n<meta property=\"og:locale\" content=\"fr_FR\" \/>\n<meta property=\"og:type\" content=\"article\" \/>\n<meta property=\"og:title\" content=\"Suppression des souches - Jardins et Maisons - Nicolas Berger\" \/>\n<meta property=\"og:description\" content=\"Apr\u00e8s l\u2019abattage d\u2019un arbre, il faudra certainement supprimer la souche. Cette op\u00e9ration laborieuse n\u00e9cessite une entreprise qui prendra en charge l\u2019ensemble du chantier. M\u00eame si l\u2019arbre est abattu, nombreuses sont les souches qui continuent \u00e0 pousser, ce qui provoque des rejets dans vos espaces verts ou soul\u00e8ve les enrob\u00e9s ou bordures avoisinantes.\u00a0 Le carottage consiste \u00e0 d\u00e9truire la souche en y introduisant une carotteuse. Cette&hellip;\" \/>\n<meta property=\"og:url\" content=\"https:\/\/jardinsetmaisons.info\/index.php\/arrachage-et-le-carottage-des-souches\/\" \/>\n<meta property=\"og:site_name\" content=\"Jardins et Maisons - Nicolas Berger\" \/>\n<meta property=\"article:modified_time\" content=\"2023-04-26T14:23:52+00:00\" \/>\n<meta property=\"og:image\" content=\"http:\/\/jardinsetmaisons.info\/wp-content\/uploads\/2023\/04\/entretien-rognage-entreprises.jpg\" \/>\n<meta name=\"twitter:card\" content=\"summary_large_image\" \/>\n<meta name=\"twitter:label1\" content=\"Dur\u00e9e de lecture estim\u00e9e\" \/>\n\t<meta name=\"twitter:data1\" content=\"1 minute\" \/>\n<script type=\"application\/ld+json\" class=\"yoast-schema-graph\">{\"@context\":\"https:\/\/schema.org\",\"@graph\":[{\"@type\":\"WebPage\",\"@id\":\"https:\/\/jardinsetmaisons.info\/index.php\/arrachage-et-le-carottage-des-souches\/\",\"url\":\"https:\/\/jardinsetmaisons.info\/index.php\/arrachage-et-le-carottage-des-souches\/\",\"name\":\"Suppression des souches - Jardins et Maisons - Nicolas Berger\",\"isPartOf\":{\"@id\":\"https:\/\/jardinsetmaisons.info\/#website\"},\"primaryImageOfPage\":{\"@id\":\"https:\/\/jardinsetmaisons.info\/index.php\/arrachage-et-le-carottage-des-souches\/#primaryimage\"},\"image\":{\"@id\":\"https:\/\/jardinsetmaisons.info\/index.php\/arrachage-et-le-carottage-des-souches\/#primaryimage\"},\"thumbnailUrl\":\"http:\/\/jardinsetmaisons.info\/wp-content\/uploads\/2023\/04\/entretien-rognage-entreprises.jpg\",\"datePublished\":\"2023-04-26T14:17:22+00:00\",\"dateModified\":\"2023-04-26T14:23:52+00:00\",\"breadcrumb\":{\"@id\":\"https:\/\/jardinsetmaisons.info\/index.php\/arrachage-et-le-carottage-des-souches\/#breadcrumb\"},\"inLanguage\":\"fr-FR\",\"potentialAction\":[{\"@type\":\"ReadAction\",\"target\":[\"https:\/\/jardinsetmaisons.info\/index.php\/arrachage-et-le-carottage-des-souches\/\"]}]},{\"@type\":\"ImageObject\",\"inLanguage\":\"fr-FR\",\"@id\":\"https:\/\/jardinsetmaisons.info\/index.php\/arrachage-et-le-carottage-des-souches\/#primaryimage\",\"url\":\"https:\/\/jardinsetmaisons.info\/wp-content\/uploads\/2023\/04\/entretien-rognage-entreprises.jpg\",\"contentUrl\":\"https:\/\/jardinsetmaisons.info\/wp-content\/uploads\/2023\/04\/entretien-rognage-entreprises.jpg\",\"width\":768,\"height\":768},{\"@type\":\"BreadcrumbList\",\"@id\":\"https:\/\/jardinsetmaisons.info\/index.php\/arrachage-et-le-carottage-des-souches\/#breadcrumb\",\"itemListElement\":[{\"@type\":\"ListItem\",\"position\":1,\"name\":\"Accueil\",\"item\":\"https:\/\/jardinsetmaisons.info\/\"},{\"@type\":\"ListItem\",\"position\":2,\"name\":\"Suppression des souches\"}]},{\"@type\":\"WebSite\",\"@id\":\"https:\/\/jardinsetmaisons.info\/#website\",\"url\":\"https:\/\/jardinsetmaisons.info\/\",\"name\":\"Jardins et Maisons - Nicolas Berger\",\"description\":\"Jardins et Maisons - Nicolas Berger\",\"potentialAction\":[{\"@type\":\"SearchAction\",\"target\":{\"@type\":\"EntryPoint\",\"urlTemplate\":\"https:\/\/jardinsetmaisons.info\/?s={search_term_string}\"},\"query-input\":{\"@type\":\"PropertyValueSpecification\",\"valueRequired\":true,\"valueName\":\"search_term_string\"}}],\"inLanguage\":\"fr-FR\"}]}<\/script>\n<!-- \/ Yoast SEO plugin. -->","yoast_head_json":{"title":"Suppression des souches - Jardins et Maisons - Nicolas Berger","robots":{"index":"index","follow":"follow","max-snippet":"max-snippet:-1","max-image-preview":"max-image-preview:large","max-video-preview":"max-video-preview:-1"},"canonical":"https:\/\/jardinsetmaisons.info\/index.php\/arrachage-et-le-carottage-des-souches\/","og_locale":"fr_FR","og_type":"article","og_title":"Suppression des souches - Jardins et Maisons - Nicolas Berger","og_description":"Apr\u00e8s l\u2019abattage d\u2019un arbre, il faudra certainement supprimer la souche. Cette op\u00e9ration laborieuse n\u00e9cessite une entreprise qui prendra en charge l\u2019ensemble du chantier. M\u00eame si l\u2019arbre est abattu, nombreuses sont les souches qui continuent \u00e0 pousser, ce qui provoque des rejets dans vos espaces verts ou soul\u00e8ve les enrob\u00e9s ou bordures avoisinantes.\u00a0 Le carottage consiste \u00e0 d\u00e9truire la souche en y introduisant une carotteuse. Cette&hellip;","og_url":"https:\/\/jardinsetmaisons.info\/index.php\/arrachage-et-le-carottage-des-souches\/","og_site_name":"Jardins et Maisons - Nicolas Berger","article_modified_time":"2023-04-26T14:23:52+00:00","og_image":[{"url":"http:\/\/jardinsetmaisons.info\/wp-content\/uploads\/2023\/04\/entretien-rognage-entreprises.jpg","type":"","width":"","height":""}],"twitter_card":"summary_large_image","twitter_misc":{"Dur\u00e9e de lecture estim\u00e9e":"1 minute"},"schema":{"@context":"https:\/\/schema.org","@graph":[{"@type":"WebPage","@id":"https:\/\/jardinsetmaisons.info\/index.php\/arrachage-et-le-carottage-des-souches\/","url":"https:\/\/jardinsetmaisons.info\/index.php\/arrachage-et-le-carottage-des-souches\/","name":"Suppression des souches - Jardins et Maisons - Nicolas Berger","isPartOf":{"@id":"https:\/\/jardinsetmaisons.info\/#website"},"primaryImageOfPage":{"@id":"https:\/\/jardinsetmaisons.info\/index.php\/arrachage-et-le-carottage-des-souches\/#primaryimage"},"image":{"@id":"https:\/\/jardinsetmaisons.info\/index.php\/arrachage-et-le-carottage-des-souches\/#primaryimage"},"thumbnailUrl":"http:\/\/jardinsetmaisons.info\/wp-content\/uploads\/2023\/04\/entretien-rognage-entreprises.jpg","datePublished":"2023-04-26T14:17:22+00:00","dateModified":"2023-04-26T14:23:52+00:00","breadcrumb":{"@id":"https:\/\/jardinsetmaisons.info\/index.php\/arrachage-et-le-carottage-des-souches\/#breadcrumb"},"inLanguage":"fr-FR","potentialAction":[{"@type":"ReadAction","target":["https:\/\/jardinsetmaisons.info\/index.php\/arrachage-et-le-carottage-des-souches\/"]}]},{"@type":"ImageObject","inLanguage":"fr-FR","@id":"https:\/\/jardinsetmaisons.info\/index.php\/arrachage-et-le-carottage-des-souches\/#primaryimage","url":"https:\/\/jardinsetmaisons.info\/wp-content\/uploads\/2023\/04\/entretien-rognage-entreprises.jpg","contentUrl":"https:\/\/jardinsetmaisons.info\/wp-content\/uploads\/2023\/04\/entretien-rognage-entreprises.jpg","width":768,"height":768},{"@type":"BreadcrumbList","@id":"https:\/\/jardinsetmaisons.info\/index.php\/arrachage-et-le-carottage-des-souches\/#breadcrumb","itemListElement":[{"@type":"ListItem","position":1,"name":"Accueil","item":"https:\/\/jardinsetmaisons.info\/"},{"@type":"ListItem","position":2,"name":"Suppression des souches"}]},{"@type":"WebSite","@id":"https:\/\/jardinsetmaisons.info\/#website","url":"https:\/\/jardinsetmaisons.info\/","name":"Jardins et Maisons - Nicolas Berger","description":"Jardins et Maisons - Nicolas Berger","potentialAction":[{"@type":"SearchAction","target":{"@type":"EntryPoint","urlTemplate":"https:\/\/jardinsetmaisons.info\/?s={search_term_string}"},"query-input":{"@type":"PropertyValueSpecification","valueRequired":true,"valueName":"search_term_string"}}],"inLanguage":"fr-FR"}]}},"_links":{"self":[{"href":"https:\/\/jardinsetmaisons.info\/index.php\/wp-json\/wp\/v2\/pages\/161","targetHints":{"allow":["GET"]}}],"collection":[{"href":"https:\/\/jardinsetmaisons.info\/index.php\/wp-json\/wp\/v2\/pages"}],"about":[{"href":"https:\/\/jardinsetmaisons.info\/index.php\/wp-json\/wp\/v2\/types\/page"}],"author":[{"embeddable":true,"href":"https:\/\/jardinsetmaisons.info\/index.php\/wp-json\/wp\/v2\/users\/1"}],"replies":[{"embeddable":true,"href":"https:\/\/jardinsetmaisons.info\/index.php\/wp-json\/wp\/v2\/comments?post=161"}],"version-history":[{"count":6,"href":"https:\/\/jardinsetmaisons.info\/index.php\/wp-json\/wp\/v2\/pages\/161\/revisions"}],"predecessor-version":[{"id":171,"href":"https:\/\/jardinsetmaisons.info\/index.php\/wp-json\/wp\/v2\/pages\/161\/revisions\/171"}],"wp:attachment":[{"href":"https:\/\/jardinsetmaisons.info\/index.php\/wp-json\/wp\/v2\/media?parent=161"}],"curies":[{"name":"wp","href":"https:\/\/api.w.org\/{rel}","templated":true}]}}