{"id":1196,"date":"2024-03-17T19:23:22","date_gmt":"2024-03-17T18:23:22","guid":{"rendered":"https:\/\/jardinsetmaisons.info\/?page_id=1196"},"modified":"2024-03-28T17:29:40","modified_gmt":"2024-03-28T16:29:40","slug":"robots-de-tonte","status":"publish","type":"page","link":"https:\/\/jardinsetmaisons.info\/index.php\/robots-de-tonte\/","title":{"rendered":"Robots de tonte"},"content":{"rendered":"<div class=\"wp-block-image\">\n<figure class=\"aligncenter size-large\"><img loading=\"lazy\" decoding=\"async\" width=\"1200\" height=\"473\" src=\"https:\/\/jardinsetmaisons.info\/wp-content\/uploads\/2024\/03\/robot-tonte.jpg\" alt=\"\" class=\"wp-image-1197\" srcset=\"https:\/\/jardinsetmaisons.info\/wp-content\/uploads\/2024\/03\/robot-tonte.jpg 1200w, https:\/\/jardinsetmaisons.info\/wp-content\/uploads\/2024\/03\/robot-tonte-300x118.jpg 300w, https:\/\/jardinsetmaisons.info\/wp-content\/uploads\/2024\/03\/robot-tonte-1024x404.jpg 1024w, https:\/\/jardinsetmaisons.info\/wp-content\/uploads\/2024\/03\/robot-tonte-768x303.jpg 768w\" sizes=\"auto, (max-width: 1200px) 100vw, 1200px\" \/><\/figure>\n<\/div>\n\n\n<p><\/p>\n\n\n\n<h2 class=\"wp-block-heading\"><strong>Maintenir une pelouse bien entretenue et en parfait \u00e9tat dans laquelle passer d&rsquo;agr\u00e9ables heures est possible gr\u00e2ce \u00e0 notre nouvelle g\u00e9n\u00e9ration de robots tondeuses.<\/strong><\/h2>\n\n\n\n<p><\/p>\n\n\n\n<p>Les robots que nous avons s\u00e9lectionn\u00e9s sont les parfaits alli\u00e9s du quotidien pour la gestion de tout espace vert. Avec la <strong>coupe Mulching du robot<\/strong>, la pelouse devient saine, \u00e9paisse et moins gourmande en engrais et, surtout, il n&rsquo;est pas n\u00e9cessaire de penser \u00e0 ramasser l&rsquo;herbe.<br><br><strong>Nous proposons 2 types de services : <br>&#8211; Le contrat de tonte qui comprend l&rsquo;installation, la mise en route, l&rsquo;entretien, la maintenance et l&rsquo;hivernage de votre robot.<br>&#8211; La vente d&rsquo;un robot, assortie d&rsquo;une garantie pi\u00e8ce et main d&rsquo;oeuvre pouvant aller de 3 \u00e0 6 ans en fonction du mod\u00e8le choisi.<\/strong><\/p>\n\n\n\n<p>Nous avons choisi les robots tondeuses de la ligne TECH pour leur fiabilit\u00e9 et leur efficacit\u00e9. Equip\u00e9s  de moteurs sans balais, batteries au lithium, lames en acier inoxydable, mat\u00e9riaux solides et fiables pour durer dans le temps et avec un design beau et soign\u00e9, pour offrir des performances \u00e9lev\u00e9es sur tous types d&rsquo;espaces verts.<\/p>\n\n\n\n<p><strong>Le robot est associ\u00e9 \u00e0 une application<\/strong> qui permet de configurer et de g\u00e9rer le robot en quelques clics simples. Cette application permet de se connecter et d&rsquo;interagir avec le robot \u00e0 tout moment et en tout lieu avec son smartphone.<\/p>\n\n\n\n<p><strong>Cette nouvelle g\u00e9n\u00e9ration de robots est \u00e9quip\u00e9e d&rsquo;une intelligence artificielle avec des capteurs intelligents<\/strong> et un radar qui lui permet de reconna\u00eetre la zone \u00e0 tondre et les \u00e9ventuels obstacles fixes ou mobiles dans le jardin, <strong>sans avoir besoin de c\u00e2ble p\u00e9riph\u00e9rique<\/strong>.<\/p>\n\n\n\n<p><strong>Ces robots sont respectueux de l&rsquo;environnement et des animaux<\/strong>. Ils travaillent \u00e0 une distance s\u00fbre de l&rsquo;animal jusqu&rsquo;\u00e0 ce que la lame soit \u00e9teinte. <br><br><strong>Le syst\u00e8me de navigation par satellite<\/strong> permet \u00e0 un ou plusieurs robots de g\u00e9rer une grande zone de travail, jusqu&rsquo;\u00e0 10 000 m2, avec une pr\u00e9cision de navigation au centim\u00e8tre et sans avoir besoin de c\u00e2ble p\u00e9riph\u00e9rique. Il utilise la technologie satellite combin\u00e9e au cloud, pour communiquer en permanence au robot la position \u00e0 maintenir, via l&rsquo;antenne GPS appropri\u00e9e dans un rayon de 15 km de celui-ci. Tout cela se traduit par une <strong>extr\u00eame pr\u00e9cision de navigation et de d\u00e9coupe<\/strong>, jusqu&rsquo;\u00e0 5 cm du bord de la zone et dans des espaces \u00e9troits, difficiles d&rsquo;acc\u00e8s. Les avantages sont nombreux et se traduisent par une <strong>absence d&rsquo;installation n\u00e9cessaire<\/strong>, une <strong>efficacit\u00e9 de travail et une polyvalence d&rsquo;utilisation<\/strong>.<br><br><strong>Nos robots sont garantis de 3 \u00e0 6 ans suivant les mod\u00e8les.<\/strong><br><\/p>\n\n\n\n<h2 class=\"wp-block-heading\"><br><strong>A chaque type de terrain son mod\u00e8le de robot.<\/strong><\/h2>\n\n\n\n<h3 class=\"wp-block-heading\"><strong>De 1400 \u00e0 2200 m2<\/strong><\/h3>\n\n\n\n<figure class=\"wp-block-image size-large\"><img loading=\"lazy\" decoding=\"async\" width=\"1024\" height=\"954\" src=\"https:\/\/jardinsetmaisons.info\/wp-content\/uploads\/2024\/03\/robot-1400-2200-1-1024x954.jpg\" alt=\"\" class=\"wp-image-1214\" srcset=\"https:\/\/jardinsetmaisons.info\/wp-content\/uploads\/2024\/03\/robot-1400-2200-1-1024x954.jpg 1024w, https:\/\/jardinsetmaisons.info\/wp-content\/uploads\/2024\/03\/robot-1400-2200-1-300x280.jpg 300w, https:\/\/jardinsetmaisons.info\/wp-content\/uploads\/2024\/03\/robot-1400-2200-1-768x716.jpg 768w, https:\/\/jardinsetmaisons.info\/wp-content\/uploads\/2024\/03\/robot-1400-2200-1.jpg 1193w\" sizes=\"auto, (max-width: 1024px) 100vw, 1024px\" \/><\/figure>\n\n\n\n<p><br><\/p>\n\n\n\n<h3 class=\"wp-block-heading\"><br><strong>De 2200 \u00e0 3500 m2<\/strong><\/h3>\n\n\n\n<figure class=\"wp-block-image size-large\"><img loading=\"lazy\" decoding=\"async\" width=\"1024\" height=\"957\" src=\"https:\/\/jardinsetmaisons.info\/wp-content\/uploads\/2024\/03\/robot-2200-3500-1-1024x957.jpg\" alt=\"\" class=\"wp-image-1208\" srcset=\"https:\/\/jardinsetmaisons.info\/wp-content\/uploads\/2024\/03\/robot-2200-3500-1-1024x957.jpg 1024w, https:\/\/jardinsetmaisons.info\/wp-content\/uploads\/2024\/03\/robot-2200-3500-1-300x280.jpg 300w, https:\/\/jardinsetmaisons.info\/wp-content\/uploads\/2024\/03\/robot-2200-3500-1-768x718.jpg 768w, https:\/\/jardinsetmaisons.info\/wp-content\/uploads\/2024\/03\/robot-2200-3500-1.jpg 1196w\" sizes=\"auto, (max-width: 1024px) 100vw, 1024px\" \/><\/figure>\n\n\n\n<h3 class=\"wp-block-heading\"><br><br><strong>Jusqu&rsquo;\u00e0 6000 m2<\/strong><\/h3>\n\n\n\n<figure class=\"wp-block-image size-large\"><img loading=\"lazy\" decoding=\"async\" width=\"1024\" height=\"975\" src=\"https:\/\/jardinsetmaisons.info\/wp-content\/uploads\/2024\/03\/robot-6000-1-1024x975.jpg\" alt=\"\" class=\"wp-image-1209\" srcset=\"https:\/\/jardinsetmaisons.info\/wp-content\/uploads\/2024\/03\/robot-6000-1-1024x975.jpg 1024w, https:\/\/jardinsetmaisons.info\/wp-content\/uploads\/2024\/03\/robot-6000-1-300x286.jpg 300w, https:\/\/jardinsetmaisons.info\/wp-content\/uploads\/2024\/03\/robot-6000-1-768x731.jpg 768w, https:\/\/jardinsetmaisons.info\/wp-content\/uploads\/2024\/03\/robot-6000-1-1536x1463.jpg 1536w, https:\/\/jardinsetmaisons.info\/wp-content\/uploads\/2024\/03\/robot-6000-1-1320x1257.jpg 1320w, https:\/\/jardinsetmaisons.info\/wp-content\/uploads\/2024\/03\/robot-6000-1.jpg 1577w\" sizes=\"auto, (max-width: 1024px) 100vw, 1024px\" \/><\/figure>\n\n\n\n<h3 class=\"wp-block-heading\"><br><br><strong>Jusqu&rsquo;\u00e0 10000 m2<\/strong><\/h3>\n\n\n\n<figure class=\"wp-block-image size-large\"><img loading=\"lazy\" decoding=\"async\" width=\"1024\" height=\"963\" src=\"https:\/\/jardinsetmaisons.info\/wp-content\/uploads\/2024\/03\/robot-10000-2-1024x963.jpg\" alt=\"\" class=\"wp-image-1210\" srcset=\"https:\/\/jardinsetmaisons.info\/wp-content\/uploads\/2024\/03\/robot-10000-2-1024x963.jpg 1024w, https:\/\/jardinsetmaisons.info\/wp-content\/uploads\/2024\/03\/robot-10000-2-300x282.jpg 300w, https:\/\/jardinsetmaisons.info\/wp-content\/uploads\/2024\/03\/robot-10000-2-768x722.jpg 768w, https:\/\/jardinsetmaisons.info\/wp-content\/uploads\/2024\/03\/robot-10000-2.jpg 1196w\" sizes=\"auto, (max-width: 1024px) 100vw, 1024px\" \/><\/figure>\n","protected":false},"excerpt":{"rendered":"<p>Maintenir une pelouse bien entretenue et en parfait \u00e9tat dans laquelle passer d&rsquo;agr\u00e9ables heures est possible gr\u00e2ce \u00e0 notre nouvelle g\u00e9n\u00e9ration de robots tondeuses. Les robots que nous avons s\u00e9lectionn\u00e9s sont les parfaits alli\u00e9s du quotidien pour la gestion de tout espace vert. Avec la coupe Mulching du robot, la pelouse devient saine, \u00e9paisse et moins gourmande en engrais et, surtout, il n&rsquo;est pas n\u00e9cessaire&hellip; <\/p>\n","protected":false},"author":1,"featured_media":0,"parent":0,"menu_order":0,"comment_status":"closed","ping_status":"closed","template":"","meta":{"ngg_post_thumbnail":0,"footnotes":""},"class_list":["post-1196","page","type-page","status-publish","hentry","clearfix"],"yoast_head":"<!-- This site is optimized with the Yoast SEO plugin v26.6 - https:\/\/yoast.com\/wordpress\/plugins\/seo\/ -->\n<title>Robots de tonte - Jardins et Maisons - Nicolas Berger<\/title>\n<meta name=\"robots\" content=\"index, follow, max-snippet:-1, max-image-preview:large, max-video-preview:-1\" \/>\n<link rel=\"canonical\" href=\"https:\/\/jardinsetmaisons.info\/index.php\/robots-de-tonte\/\" \/>\n<meta property=\"og:locale\" content=\"fr_FR\" \/>\n<meta property=\"og:type\" content=\"article\" \/>\n<meta property=\"og:title\" content=\"Robots de tonte - Jardins et Maisons - Nicolas Berger\" \/>\n<meta property=\"og:description\" content=\"Maintenir une pelouse bien entretenue et en parfait \u00e9tat dans laquelle passer d&rsquo;agr\u00e9ables heures est possible gr\u00e2ce \u00e0 notre nouvelle g\u00e9n\u00e9ration de robots tondeuses. Les robots que nous avons s\u00e9lectionn\u00e9s sont les parfaits alli\u00e9s du quotidien pour la gestion de tout espace vert. Avec la coupe Mulching du robot, la pelouse devient saine, \u00e9paisse et moins gourmande en engrais et, surtout, il n&rsquo;est pas n\u00e9cessaire&hellip;\" \/>\n<meta property=\"og:url\" content=\"https:\/\/jardinsetmaisons.info\/index.php\/robots-de-tonte\/\" \/>\n<meta property=\"og:site_name\" content=\"Jardins et Maisons - Nicolas Berger\" \/>\n<meta property=\"article:modified_time\" content=\"2024-03-28T16:29:40+00:00\" \/>\n<meta property=\"og:image\" content=\"https:\/\/jardinsetmaisons.info\/wp-content\/uploads\/2024\/03\/robot-tonte.jpg\" \/>\n<meta name=\"twitter:card\" content=\"summary_large_image\" \/>\n<meta name=\"twitter:label1\" content=\"Dur\u00e9e de lecture estim\u00e9e\" \/>\n\t<meta name=\"twitter:data1\" content=\"4 minutes\" \/>\n<script type=\"application\/ld+json\" class=\"yoast-schema-graph\">{\"@context\":\"https:\/\/schema.org\",\"@graph\":[{\"@type\":\"WebPage\",\"@id\":\"https:\/\/jardinsetmaisons.info\/index.php\/robots-de-tonte\/\",\"url\":\"https:\/\/jardinsetmaisons.info\/index.php\/robots-de-tonte\/\",\"name\":\"Robots de tonte - Jardins et Maisons - Nicolas Berger\",\"isPartOf\":{\"@id\":\"https:\/\/jardinsetmaisons.info\/#website\"},\"primaryImageOfPage\":{\"@id\":\"https:\/\/jardinsetmaisons.info\/index.php\/robots-de-tonte\/#primaryimage\"},\"image\":{\"@id\":\"https:\/\/jardinsetmaisons.info\/index.php\/robots-de-tonte\/#primaryimage\"},\"thumbnailUrl\":\"https:\/\/jardinsetmaisons.info\/wp-content\/uploads\/2024\/03\/robot-tonte.jpg\",\"datePublished\":\"2024-03-17T18:23:22+00:00\",\"dateModified\":\"2024-03-28T16:29:40+00:00\",\"breadcrumb\":{\"@id\":\"https:\/\/jardinsetmaisons.info\/index.php\/robots-de-tonte\/#breadcrumb\"},\"inLanguage\":\"fr-FR\",\"potentialAction\":[{\"@type\":\"ReadAction\",\"target\":[\"https:\/\/jardinsetmaisons.info\/index.php\/robots-de-tonte\/\"]}]},{\"@type\":\"ImageObject\",\"inLanguage\":\"fr-FR\",\"@id\":\"https:\/\/jardinsetmaisons.info\/index.php\/robots-de-tonte\/#primaryimage\",\"url\":\"https:\/\/jardinsetmaisons.info\/wp-content\/uploads\/2024\/03\/robot-tonte.jpg\",\"contentUrl\":\"https:\/\/jardinsetmaisons.info\/wp-content\/uploads\/2024\/03\/robot-tonte.jpg\",\"width\":1200,\"height\":473,\"caption\":\"Nos Robots de tonte\"},{\"@type\":\"BreadcrumbList\",\"@id\":\"https:\/\/jardinsetmaisons.info\/index.php\/robots-de-tonte\/#breadcrumb\",\"itemListElement\":[{\"@type\":\"ListItem\",\"position\":1,\"name\":\"Accueil\",\"item\":\"https:\/\/jardinsetmaisons.info\/\"},{\"@type\":\"ListItem\",\"position\":2,\"name\":\"Robots de tonte\"}]},{\"@type\":\"WebSite\",\"@id\":\"https:\/\/jardinsetmaisons.info\/#website\",\"url\":\"https:\/\/jardinsetmaisons.info\/\",\"name\":\"Jardins et Maisons - Nicolas Berger\",\"description\":\"Jardins et Maisons - Nicolas Berger\",\"potentialAction\":[{\"@type\":\"SearchAction\",\"target\":{\"@type\":\"EntryPoint\",\"urlTemplate\":\"https:\/\/jardinsetmaisons.info\/?s={search_term_string}\"},\"query-input\":{\"@type\":\"PropertyValueSpecification\",\"valueRequired\":true,\"valueName\":\"search_term_string\"}}],\"inLanguage\":\"fr-FR\"}]}<\/script>\n<!-- \/ Yoast SEO plugin. -->","yoast_head_json":{"title":"Robots de tonte - Jardins et Maisons - Nicolas Berger","robots":{"index":"index","follow":"follow","max-snippet":"max-snippet:-1","max-image-preview":"max-image-preview:large","max-video-preview":"max-video-preview:-1"},"canonical":"https:\/\/jardinsetmaisons.info\/index.php\/robots-de-tonte\/","og_locale":"fr_FR","og_type":"article","og_title":"Robots de tonte - Jardins et Maisons - Nicolas Berger","og_description":"Maintenir une pelouse bien entretenue et en parfait \u00e9tat dans laquelle passer d&rsquo;agr\u00e9ables heures est possible gr\u00e2ce \u00e0 notre nouvelle g\u00e9n\u00e9ration de robots tondeuses. Les robots que nous avons s\u00e9lectionn\u00e9s sont les parfaits alli\u00e9s du quotidien pour la gestion de tout espace vert. Avec la coupe Mulching du robot, la pelouse devient saine, \u00e9paisse et moins gourmande en engrais et, surtout, il n&rsquo;est pas n\u00e9cessaire&hellip;","og_url":"https:\/\/jardinsetmaisons.info\/index.php\/robots-de-tonte\/","og_site_name":"Jardins et Maisons - Nicolas Berger","article_modified_time":"2024-03-28T16:29:40+00:00","og_image":[{"url":"https:\/\/jardinsetmaisons.info\/wp-content\/uploads\/2024\/03\/robot-tonte.jpg","type":"","width":"","height":""}],"twitter_card":"summary_large_image","twitter_misc":{"Dur\u00e9e de lecture estim\u00e9e":"4 minutes"},"schema":{"@context":"https:\/\/schema.org","@graph":[{"@type":"WebPage","@id":"https:\/\/jardinsetmaisons.info\/index.php\/robots-de-tonte\/","url":"https:\/\/jardinsetmaisons.info\/index.php\/robots-de-tonte\/","name":"Robots de tonte - Jardins et Maisons - Nicolas Berger","isPartOf":{"@id":"https:\/\/jardinsetmaisons.info\/#website"},"primaryImageOfPage":{"@id":"https:\/\/jardinsetmaisons.info\/index.php\/robots-de-tonte\/#primaryimage"},"image":{"@id":"https:\/\/jardinsetmaisons.info\/index.php\/robots-de-tonte\/#primaryimage"},"thumbnailUrl":"https:\/\/jardinsetmaisons.info\/wp-content\/uploads\/2024\/03\/robot-tonte.jpg","datePublished":"2024-03-17T18:23:22+00:00","dateModified":"2024-03-28T16:29:40+00:00","breadcrumb":{"@id":"https:\/\/jardinsetmaisons.info\/index.php\/robots-de-tonte\/#breadcrumb"},"inLanguage":"fr-FR","potentialAction":[{"@type":"ReadAction","target":["https:\/\/jardinsetmaisons.info\/index.php\/robots-de-tonte\/"]}]},{"@type":"ImageObject","inLanguage":"fr-FR","@id":"https:\/\/jardinsetmaisons.info\/index.php\/robots-de-tonte\/#primaryimage","url":"https:\/\/jardinsetmaisons.info\/wp-content\/uploads\/2024\/03\/robot-tonte.jpg","contentUrl":"https:\/\/jardinsetmaisons.info\/wp-content\/uploads\/2024\/03\/robot-tonte.jpg","width":1200,"height":473,"caption":"Nos Robots de tonte"},{"@type":"BreadcrumbList","@id":"https:\/\/jardinsetmaisons.info\/index.php\/robots-de-tonte\/#breadcrumb","itemListElement":[{"@type":"ListItem","position":1,"name":"Accueil","item":"https:\/\/jardinsetmaisons.info\/"},{"@type":"ListItem","position":2,"name":"Robots de tonte"}]},{"@type":"WebSite","@id":"https:\/\/jardinsetmaisons.info\/#website","url":"https:\/\/jardinsetmaisons.info\/","name":"Jardins et Maisons - Nicolas Berger","description":"Jardins et Maisons - Nicolas Berger","potentialAction":[{"@type":"SearchAction","target":{"@type":"EntryPoint","urlTemplate":"https:\/\/jardinsetmaisons.info\/?s={search_term_string}"},"query-input":{"@type":"PropertyValueSpecification","valueRequired":true,"valueName":"search_term_string"}}],"inLanguage":"fr-FR"}]}},"_links":{"self":[{"href":"https:\/\/jardinsetmaisons.info\/index.php\/wp-json\/wp\/v2\/pages\/1196","targetHints":{"allow":["GET"]}}],"collection":[{"href":"https:\/\/jardinsetmaisons.info\/index.php\/wp-json\/wp\/v2\/pages"}],"about":[{"href":"https:\/\/jardinsetmaisons.info\/index.php\/wp-json\/wp\/v2\/types\/page"}],"author":[{"embeddable":true,"href":"https:\/\/jardinsetmaisons.info\/index.php\/wp-json\/wp\/v2\/users\/1"}],"replies":[{"embeddable":true,"href":"https:\/\/jardinsetmaisons.info\/index.php\/wp-json\/wp\/v2\/comments?post=1196"}],"version-history":[{"count":16,"href":"https:\/\/jardinsetmaisons.info\/index.php\/wp-json\/wp\/v2\/pages\/1196\/revisions"}],"predecessor-version":[{"id":1229,"href":"https:\/\/jardinsetmaisons.info\/index.php\/wp-json\/wp\/v2\/pages\/1196\/revisions\/1229"}],"wp:attachment":[{"href":"https:\/\/jardinsetmaisons.info\/index.php\/wp-json\/wp\/v2\/media?parent=1196"}],"curies":[{"name":"wp","href":"https:\/\/api.w.org\/{rel}","templated":true}]}}