{"id":1007,"date":"2023-12-06T17:15:30","date_gmt":"2023-12-06T16:15:30","guid":{"rendered":"https:\/\/jardinsetmaisons.info\/?page_id=1007"},"modified":"2024-02-17T21:15:10","modified_gmt":"2024-02-17T20:15:10","slug":"faire-construire-une-piscine","status":"publish","type":"page","link":"https:\/\/jardinsetmaisons.info\/index.php\/faire-construire-une-piscine\/","title":{"rendered":"Piscines"},"content":{"rendered":"\n<p><strong>POURQUOI PROPOSER LA CONSTRUCTION DE PISCINE ?<\/strong><\/p>\n\n\n\n<figure class=\"wp-block-image size-full\"><img loading=\"lazy\" decoding=\"async\" width=\"2868\" height=\"426\" src=\"https:\/\/jardinsetmaisons.info\/wp-content\/uploads\/2024\/01\/picto-piscine.png\" alt=\"\" class=\"wp-image-1156\" srcset=\"https:\/\/jardinsetmaisons.info\/wp-content\/uploads\/2024\/01\/picto-piscine.png 2868w, https:\/\/jardinsetmaisons.info\/wp-content\/uploads\/2024\/01\/picto-piscine-300x45.png 300w, https:\/\/jardinsetmaisons.info\/wp-content\/uploads\/2024\/01\/picto-piscine-1024x152.png 1024w, https:\/\/jardinsetmaisons.info\/wp-content\/uploads\/2024\/01\/picto-piscine-768x114.png 768w, https:\/\/jardinsetmaisons.info\/wp-content\/uploads\/2024\/01\/picto-piscine-1536x228.png 1536w, https:\/\/jardinsetmaisons.info\/wp-content\/uploads\/2024\/01\/picto-piscine-2048x304.png 2048w, https:\/\/jardinsetmaisons.info\/wp-content\/uploads\/2024\/01\/picto-piscine-1320x196.png 1320w\" sizes=\"auto, (max-width: 2868px) 100vw, 2868px\" \/><\/figure>\n\n\n\n<p><br><br>L&rsquo;installation de piscines s&rsquo;\u00e9tant largement d\u00e9mocratis\u00e9e au cours de ces derni\u00e8res ann\u00e9es, <strong><em>Jardins et Maisons<\/em><\/strong> est confront\u00e9 r\u00e9guli\u00e8rement \u00e0 la n\u00e9cessit\u00e9 de prendre en compte cet \u00e9l\u00e9ment lors de la conception et l&rsquo;am\u00e9nagement de jardins. <br>Aussi, apr\u00e8s mure r\u00e9flexion, avons nous d\u00e9cid\u00e9 de proposer des projets de piscines paysag\u00e9es dans cet environnement si important pour les passionn\u00e9s de jardins et de nature et avec un impact climatique limit\u00e9. <br>Nous avons opt\u00e9 pour des solutions durables et vous pr\u00e9sentons ci-dessous les diff\u00e9rentes \u00e9tapes de l&rsquo;\u00e9laboration d&rsquo;un projet r\u00e9ussit.<br><br><br><\/p>\n\n\n<div class=\"wp-block-image\">\n<figure class=\"aligncenter size-large\"><img loading=\"lazy\" decoding=\"async\" width=\"1024\" height=\"724\" src=\"https:\/\/jardinsetmaisons.info\/wp-content\/uploads\/2024\/01\/fiche_concept_unibeo-1024x724.jpg\" alt=\"\" class=\"wp-image-1158\" srcset=\"https:\/\/jardinsetmaisons.info\/wp-content\/uploads\/2024\/01\/fiche_concept_unibeo-1024x724.jpg 1024w, https:\/\/jardinsetmaisons.info\/wp-content\/uploads\/2024\/01\/fiche_concept_unibeo-300x212.jpg 300w, https:\/\/jardinsetmaisons.info\/wp-content\/uploads\/2024\/01\/fiche_concept_unibeo-768x543.jpg 768w, https:\/\/jardinsetmaisons.info\/wp-content\/uploads\/2024\/01\/fiche_concept_unibeo.jpg 1200w\" sizes=\"auto, (max-width: 1024px) 100vw, 1024px\" \/><\/figure>\n<\/div>\n\n\n<p><br><strong>L&rsquo;ETUDE DU PROJET<\/strong><br>Nous nous effor\u00e7ons d&rsquo;\u00e9viter les co\u00fbts cach\u00e9s et proposons une solution globale et fonctionnelle, avec des options modulables en fonction de vos souhaits et de votre budget. Dans le cadre de notre intervention, nous vous proposons de d\u00e9poser le permis de construire et d&rsquo;\u00e9tablir la d\u00e9claration de travaux.<br><\/p>\n\n\n\n<p><strong>LES COMPETENCES REQUISES<\/strong><br>Terrassement, ma\u00e7onnerie et coulage du b\u00e9ton, plomberie (syst\u00e8me de filtration et raccords pour le traitement de l&rsquo;eau), \u00e9lectricit\u00e9 (tableau \u00e9lectrique, spots immerg\u00e9s, volet roulant), chauffage (pompe \u00e0 chaleur), pose du liner, am\u00e9nagement de l&rsquo;environnement de la piscine. La r\u00e9alisation d&rsquo;une piscine, tout comme une maison, fait appel \u00e0 de nombreuses comp\u00e9tences que <strong><em>Jardins &amp; Maisons<\/em><\/strong> est \u00e0 m\u00eame de mettre en oeuvre. Gr\u00e2ce \u00e0 sa garantie d\u00e9cennale, vous \u00eates assur\u00e9s de la bonne r\u00e9alisation du chantier.<\/p>\n\n\n\n<p><strong>LA CONSTRUCTION D&rsquo;UNE PISCINE PASSE PAR UN CERTAIN NOMBRE D&rsquo;ETAPES<\/strong><\/p>\n\n\n\n<p>L&rsquo;\u00e9laboration du plan et l&rsquo;int\u00e9gration dans l&rsquo;environnement. Le terrassement, le montage de la structure, le ferraillage, mur de s\u00e9paration pour volet roulant immerg\u00e9, passage des tuyaux de trop plein et de filtration, coulage du b\u00e9ton de l&rsquo;entourage et de l&rsquo;escalier, remblaiement apr\u00e8s s\u00e9chage du b\u00e9ton, habillage int\u00e9rieur de la piscine (liner qui peut \u00eatre de diff\u00e9rentes couleurs et de diff\u00e9rente \u00e9paisseur, arm\u00e9 ou non (donc r\u00e9sistance dans le temps). Installation du syst\u00e8me de filtration et du chauffage, am\u00e9nagement de l&rsquo;environnement ext\u00e9rieur, installation du volet roulant.<\/p>\n\n\n\n<p><strong>LE PLAN<\/strong><br>Dans l&rsquo;\u00e9tude du jardin, viennent <strong>l&rsquo;implantation de la piscine dans l&rsquo;espace paysag\u00e9<\/strong>, la r\u00e9alisation de plans et le positionnement fait sur une photo a\u00e9rienne .<\/p>\n\n\n\n<p><strong>TERRASSEMENT<\/strong><br>Les <strong>travaux de terrassement&nbsp;<\/strong>sont indispensables. Ils permettent en effet de neutraliser les d\u00e9fauts \u00e9ventuels du sol et de le mettre \u00e0 niveau.&nbsp;Ils servent \u00e9galement \u00e0 d\u00e9limiter l\u2019emplacement et la profondeur de la piscine enterr\u00e9e et \u00e0 tracer tous les chemins qui relieront le bassin au local technique ou \u00e0 la maison.<br><br><\/p>\n\n\n\nngg_shortcode_0_placeholder\n\n\n\n<p><br><strong>MONTAGE DE LA PISCINE<\/strong><br>Nous r\u00e9alisons nos piscines avec une&nbsp;<strong>structure en b\u00e9ton arm\u00e9<\/strong>. Les murs, le fond et les escaliers forment un ensemble monobloc ind\u00e9formable respectant les r\u00e8gles de&nbsp;<strong>calcul BAEL&nbsp;<\/strong>applicables aux ch\u00e2teaux d\u2019eau et ponts. Aucun risque d\u2019affaissement ni de fuite au fil du temps. La solidit\u00e9 et la tenue de votre piscine est ainsi garantie.<\/p>\n\n\n\nngg_shortcode_1_placeholder\n\n\n\n<p><br><strong>COULAGE DU BETON<\/strong><br>Apr\u00e8s avoir v\u00e9rifi\u00e9 et r\u00e9gl\u00e9 le positionnement de la structure , on coule un b\u00e9ton de type C25\/30 XF1 dans la structure, l\u2019escalier en terminant par le fond pour ne former qu\u2019un ensemble monobloc&nbsp;<strong>conforme aux normes BAEL 83.<\/strong><\/p>\n\n\n\nngg_shortcode_2_placeholder\n\n\n\n<p><br><strong>REMBLAIEMENT<\/strong><br>Le remblaiement est un passage obligatoire pour tous les bassins creus\u00e9s ou enterr\u00e9s qui ont une structure en dur. Le but est de stabiliser au maximum la structure dans le sol avant sa mise en eau, tout en neutralisant les risques possibles li\u00e9s \u00e0 un mouvement de terrain.<br><br><strong>POSE DU LINER<\/strong><br><\/p>\n\n\n\nngg_shortcode_3_placeholder\n\n\n\n<p><br><strong>REALISATION DE LA TERRASSE<\/strong><br><br><strong>INSTALLATION DE LA FILTRATION ET DU SYSTEME DE CHAUFFAGE DE L&rsquo;EAU (si besoin)<\/strong><\/p>\n\n\n\n<p><br><br><strong>MISE EN ROUTE<\/strong><br>Remplissage de la piscine, activation de la filtration et du traitement de l&rsquo;eau.<\/p>\n\n\n\n\n\nngg_shortcode_4_placeholder\n\n\n\n<p><br><strong>TECHNOLOGIE CHOISIE PAR JARDINS ET MAISONS<\/strong><br>Une piscine en kit modulaire de panneaux de polypropylene issus de mat\u00e9riaux recycl\u00e9s.<\/p>\n\n\n\n<ul class=\"wp-block-list\">\n<li>la p\u00e9rennit\u00e9<\/li>\n\n\n\n<li>L&rsquo;\u00e9cologie<\/li>\n\n\n\n<li>la solidit\u00e9 aux glissements de terrains et \u00e0 la variation de temp\u00e9rature<\/li>\n\n\n\n<li>la bonne isolation thermique<\/li>\n\n\n\n<li>Une infinit\u00e9 de formes possibles<\/li>\n\n\n\n<li>Une mise en oeuvre plus rapide<\/li>\n<\/ul>\n\n\n\n<p><strong>CO\u00dbT<\/strong><br>Le co\u00fbt d\u2019une&nbsp;piscine enterr\u00e9e&nbsp;varie en fonction des dimensions, des mat\u00e9riaux utilis\u00e9s, du syst\u00e8me de filtration, du syst\u00e8me de chauffage, du type de liner, du mod\u00e8le d\u2019escalier et des accessoires mais aussi de l&rsquo;environement (plage et v\u00e9g\u00e9talisation de l&rsquo;environnement).<\/p>\n\n\n\n<p><strong>ENTRETIEN<\/strong><br>Parall\u00e8lement \u00e0 la construction de piscines, nous proposons une gamme compl\u00e8te de produits et services en permettant l&rsquo;entretien. Nous disposons du mat\u00e9riel d&rsquo;analyse de l&rsquo;eau et de fa\u00e7on \u00e0 en am\u00e9liorer l&rsquo;\u00e9quilibre si besoin, y compris pour les piscines en fonctionnement depuis plusieurs ann\u00e9es.<\/p>\n\n\n\n<figure class=\"wp-block-image size-full\"><img loading=\"lazy\" decoding=\"async\" width=\"482\" height=\"556\" src=\"https:\/\/jardinsetmaisons.info\/wp-content\/uploads\/2024\/02\/balance-de-Taylor.jpg\" alt=\"\" class=\"wp-image-1194\" srcset=\"https:\/\/jardinsetmaisons.info\/wp-content\/uploads\/2024\/02\/balance-de-Taylor.jpg 482w, https:\/\/jardinsetmaisons.info\/wp-content\/uploads\/2024\/02\/balance-de-Taylor-260x300.jpg 260w\" sizes=\"auto, (max-width: 482px) 100vw, 482px\" \/><\/figure>\n\n\n\n<p><br><br><strong>NOS PARTENAIRES<\/strong><\/p>\n\n\n\n<figure class=\"wp-block-image size-full\"><a href=\"https:\/\/www.piscines-unibeo.com\/\" target=\"_blank\" rel=\"noreferrer noopener\"><img loading=\"lazy\" decoding=\"async\" width=\"200\" height=\"143\" src=\"https:\/\/jardinsetmaisons.info\/wp-content\/uploads\/2024\/01\/logo_unibeo.png\" alt=\"\" class=\"wp-image-1162\"\/><\/a><\/figure>\n\n\n\n<p><\/p>\n\n\n\n<figure class=\"wp-block-image size-full\"><a href=\"https:\/\/www.bio-uv.com\/\" target=\"_blank\" rel=\"noreferrer noopener\"><img loading=\"lazy\" decoding=\"async\" width=\"200\" height=\"69\" src=\"https:\/\/jardinsetmaisons.info\/wp-content\/uploads\/2024\/01\/akeron-bio-uv-group-3.jpg\" alt=\"\" class=\"wp-image-1146\"\/><\/a><\/figure>\n\n\n\n<p><\/p>\n\n\n\n<p><\/p>\n\n\n\n<figure class=\"wp-block-image size-full\"><a href=\"https:\/\/liner-couverture-equipement-piscine.fr\/\" target=\"_blank\" rel=\"noreferrer noopener\"><img loading=\"lazy\" decoding=\"async\" width=\"200\" height=\"46\" src=\"https:\/\/jardinsetmaisons.info\/wp-content\/uploads\/2024\/01\/apf-pool-design-3.jpg\" alt=\"\" class=\"wp-image-1148\"\/><\/a><\/figure>\n\n\n\n<p><\/p>\n\n\n\n<figure class=\"wp-block-image size-full is-resized\"><a href=\"https:\/\/sorodist.com\/\" target=\"_blank\" rel=\"noreferrer noopener\"><img loading=\"lazy\" decoding=\"async\" width=\"200\" height=\"53\" src=\"https:\/\/jardinsetmaisons.info\/wp-content\/uploads\/2024\/01\/sorodist-1.jpg\" alt=\"\" class=\"wp-image-1150\" style=\"width:204px;height:auto\"\/><\/a><\/figure>\n\n\n\n<p><\/p>\n\n\n\n<figure class=\"wp-block-image size-full\"><a href=\"https:\/\/www.wl-liners.com\/index.php\" target=\"_blank\" rel=\"noreferrer noopener\"><img loading=\"lazy\" decoding=\"async\" width=\"383\" height=\"80\" src=\"https:\/\/jardinsetmaisons.info\/wp-content\/uploads\/2024\/01\/logo-wl-liner.png\" alt=\"\" class=\"wp-image-1167\" srcset=\"https:\/\/jardinsetmaisons.info\/wp-content\/uploads\/2024\/01\/logo-wl-liner.png 383w, https:\/\/jardinsetmaisons.info\/wp-content\/uploads\/2024\/01\/logo-wl-liner-300x63.png 300w\" sizes=\"auto, (max-width: 383px) 100vw, 383px\" \/><\/a><\/figure>\n\n\n\n<p><\/p>\n\n\n\n<figure class=\"wp-block-image size-full is-resized\"><a href=\"https:\/\/www.warmpac.fr\/\" target=\"_blank\" rel=\"noreferrer noopener\"><img loading=\"lazy\" decoding=\"async\" width=\"341\" height=\"73\" src=\"https:\/\/jardinsetmaisons.info\/wp-content\/uploads\/2024\/01\/logo-warm-pac.png\" alt=\"\" class=\"wp-image-1168\" style=\"width:224px;height:auto\" srcset=\"https:\/\/jardinsetmaisons.info\/wp-content\/uploads\/2024\/01\/logo-warm-pac.png 341w, https:\/\/jardinsetmaisons.info\/wp-content\/uploads\/2024\/01\/logo-warm-pac-300x64.png 300w\" sizes=\"auto, (max-width: 341px) 100vw, 341px\" \/><\/a><\/figure>\n\n\n\n<p><\/p>\n\n\n\n<figure class=\"wp-block-image size-full is-resized\"><a href=\"https:\/\/www.hydrapro.fr\/\" target=\"_blank\" rel=\"noreferrer noopener\"><img loading=\"lazy\" decoding=\"async\" width=\"282\" height=\"95\" src=\"https:\/\/jardinsetmaisons.info\/wp-content\/uploads\/2024\/01\/hydrapro.png\" alt=\"\" class=\"wp-image-1171\" style=\"width:190px;height:auto\"\/><\/a><\/figure>\n\n\n\n<p><\/p>\n\n\n\n<figure class=\"wp-block-image size-full is-resized\"><a href=\"https:\/\/www.maytronics.com\/fr-fr\/\" target=\"_blank\" rel=\"noreferrer noopener\"><img loading=\"lazy\" decoding=\"async\" width=\"379\" height=\"100\" src=\"https:\/\/jardinsetmaisons.info\/wp-content\/uploads\/2024\/02\/logo-maytronics.png\" alt=\"\" class=\"wp-image-1190\" style=\"width:223px;height:auto\" srcset=\"https:\/\/jardinsetmaisons.info\/wp-content\/uploads\/2024\/02\/logo-maytronics.png 379w, https:\/\/jardinsetmaisons.info\/wp-content\/uploads\/2024\/02\/logo-maytronics-300x79.png 300w\" sizes=\"auto, (max-width: 379px) 100vw, 379px\" \/><\/a><\/figure>\n","protected":false},"excerpt":{"rendered":"<p>POURQUOI PROPOSER LA CONSTRUCTION DE PISCINE ? L&rsquo;installation de piscines s&rsquo;\u00e9tant largement d\u00e9mocratis\u00e9e au cours de ces derni\u00e8res ann\u00e9es, Jardins et Maisons est confront\u00e9 r\u00e9guli\u00e8rement \u00e0 la n\u00e9cessit\u00e9 de prendre en compte cet \u00e9l\u00e9ment lors de la conception et l&rsquo;am\u00e9nagement de jardins. Aussi, apr\u00e8s mure r\u00e9flexion, avons nous d\u00e9cid\u00e9 de proposer des projets de piscines paysag\u00e9es dans cet environnement si important pour les passionn\u00e9s de&hellip; <\/p>\n","protected":false},"author":1,"featured_media":0,"parent":0,"menu_order":0,"comment_status":"closed","ping_status":"closed","template":"","meta":{"ngg_post_thumbnail":0,"footnotes":""},"class_list":["post-1007","page","type-page","status-publish","hentry","clearfix"],"yoast_head":"<!-- This site is optimized with the Yoast SEO plugin v26.6 - https:\/\/yoast.com\/wordpress\/plugins\/seo\/ -->\n<title>Piscines - Jardins et Maisons - Nicolas Berger<\/title>\n<meta name=\"robots\" content=\"index, follow, max-snippet:-1, max-image-preview:large, max-video-preview:-1\" \/>\n<link rel=\"canonical\" href=\"https:\/\/jardinsetmaisons.info\/index.php\/faire-construire-une-piscine\/\" \/>\n<meta property=\"og:locale\" content=\"fr_FR\" \/>\n<meta property=\"og:type\" content=\"article\" \/>\n<meta property=\"og:title\" content=\"Piscines - Jardins et Maisons - Nicolas Berger\" \/>\n<meta property=\"og:description\" content=\"POURQUOI PROPOSER LA CONSTRUCTION DE PISCINE ? L&rsquo;installation de piscines s&rsquo;\u00e9tant largement d\u00e9mocratis\u00e9e au cours de ces derni\u00e8res ann\u00e9es, Jardins et Maisons est confront\u00e9 r\u00e9guli\u00e8rement \u00e0 la n\u00e9cessit\u00e9 de prendre en compte cet \u00e9l\u00e9ment lors de la conception et l&rsquo;am\u00e9nagement de jardins. Aussi, apr\u00e8s mure r\u00e9flexion, avons nous d\u00e9cid\u00e9 de proposer des projets de piscines paysag\u00e9es dans cet environnement si important pour les passionn\u00e9s de&hellip;\" \/>\n<meta property=\"og:url\" content=\"https:\/\/jardinsetmaisons.info\/index.php\/faire-construire-une-piscine\/\" \/>\n<meta property=\"og:site_name\" content=\"Jardins et Maisons - Nicolas Berger\" \/>\n<meta property=\"article:modified_time\" content=\"2024-02-17T20:15:10+00:00\" \/>\n<meta property=\"og:image\" content=\"https:\/\/jardinsetmaisons.info\/wp-content\/uploads\/2024\/01\/picto-piscine.png\" \/>\n<meta name=\"twitter:card\" content=\"summary_large_image\" \/>\n<meta name=\"twitter:label1\" content=\"Dur\u00e9e de lecture estim\u00e9e\" \/>\n\t<meta name=\"twitter:data1\" content=\"6 minutes\" \/>\n<script type=\"application\/ld+json\" class=\"yoast-schema-graph\">{\"@context\":\"https:\/\/schema.org\",\"@graph\":[{\"@type\":\"WebPage\",\"@id\":\"https:\/\/jardinsetmaisons.info\/index.php\/faire-construire-une-piscine\/\",\"url\":\"https:\/\/jardinsetmaisons.info\/index.php\/faire-construire-une-piscine\/\",\"name\":\"Piscines - Jardins et Maisons - Nicolas Berger\",\"isPartOf\":{\"@id\":\"https:\/\/jardinsetmaisons.info\/#website\"},\"primaryImageOfPage\":{\"@id\":\"https:\/\/jardinsetmaisons.info\/index.php\/faire-construire-une-piscine\/#primaryimage\"},\"image\":{\"@id\":\"https:\/\/jardinsetmaisons.info\/index.php\/faire-construire-une-piscine\/#primaryimage\"},\"thumbnailUrl\":\"https:\/\/jardinsetmaisons.info\/wp-content\/uploads\/2024\/01\/picto-piscine.png\",\"datePublished\":\"2023-12-06T16:15:30+00:00\",\"dateModified\":\"2024-02-17T20:15:10+00:00\",\"breadcrumb\":{\"@id\":\"https:\/\/jardinsetmaisons.info\/index.php\/faire-construire-une-piscine\/#breadcrumb\"},\"inLanguage\":\"fr-FR\",\"potentialAction\":[{\"@type\":\"ReadAction\",\"target\":[\"https:\/\/jardinsetmaisons.info\/index.php\/faire-construire-une-piscine\/\"]}]},{\"@type\":\"ImageObject\",\"inLanguage\":\"fr-FR\",\"@id\":\"https:\/\/jardinsetmaisons.info\/index.php\/faire-construire-une-piscine\/#primaryimage\",\"url\":\"https:\/\/jardinsetmaisons.info\/wp-content\/uploads\/2024\/01\/picto-piscine.png\",\"contentUrl\":\"https:\/\/jardinsetmaisons.info\/wp-content\/uploads\/2024\/01\/picto-piscine.png\",\"width\":2868,\"height\":426},{\"@type\":\"BreadcrumbList\",\"@id\":\"https:\/\/jardinsetmaisons.info\/index.php\/faire-construire-une-piscine\/#breadcrumb\",\"itemListElement\":[{\"@type\":\"ListItem\",\"position\":1,\"name\":\"Accueil\",\"item\":\"https:\/\/jardinsetmaisons.info\/\"},{\"@type\":\"ListItem\",\"position\":2,\"name\":\"Piscines\"}]},{\"@type\":\"WebSite\",\"@id\":\"https:\/\/jardinsetmaisons.info\/#website\",\"url\":\"https:\/\/jardinsetmaisons.info\/\",\"name\":\"Jardins et Maisons - Nicolas Berger\",\"description\":\"Jardins et Maisons - Nicolas Berger\",\"potentialAction\":[{\"@type\":\"SearchAction\",\"target\":{\"@type\":\"EntryPoint\",\"urlTemplate\":\"https:\/\/jardinsetmaisons.info\/?s={search_term_string}\"},\"query-input\":{\"@type\":\"PropertyValueSpecification\",\"valueRequired\":true,\"valueName\":\"search_term_string\"}}],\"inLanguage\":\"fr-FR\"}]}<\/script>\n<!-- \/ Yoast SEO plugin. -->","yoast_head_json":{"title":"Piscines - Jardins et Maisons - Nicolas Berger","robots":{"index":"index","follow":"follow","max-snippet":"max-snippet:-1","max-image-preview":"max-image-preview:large","max-video-preview":"max-video-preview:-1"},"canonical":"https:\/\/jardinsetmaisons.info\/index.php\/faire-construire-une-piscine\/","og_locale":"fr_FR","og_type":"article","og_title":"Piscines - Jardins et Maisons - Nicolas Berger","og_description":"POURQUOI PROPOSER LA CONSTRUCTION DE PISCINE ? L&rsquo;installation de piscines s&rsquo;\u00e9tant largement d\u00e9mocratis\u00e9e au cours de ces derni\u00e8res ann\u00e9es, Jardins et Maisons est confront\u00e9 r\u00e9guli\u00e8rement \u00e0 la n\u00e9cessit\u00e9 de prendre en compte cet \u00e9l\u00e9ment lors de la conception et l&rsquo;am\u00e9nagement de jardins. Aussi, apr\u00e8s mure r\u00e9flexion, avons nous d\u00e9cid\u00e9 de proposer des projets de piscines paysag\u00e9es dans cet environnement si important pour les passionn\u00e9s de&hellip;","og_url":"https:\/\/jardinsetmaisons.info\/index.php\/faire-construire-une-piscine\/","og_site_name":"Jardins et Maisons - Nicolas Berger","article_modified_time":"2024-02-17T20:15:10+00:00","og_image":[{"url":"https:\/\/jardinsetmaisons.info\/wp-content\/uploads\/2024\/01\/picto-piscine.png","type":"","width":"","height":""}],"twitter_card":"summary_large_image","twitter_misc":{"Dur\u00e9e de lecture estim\u00e9e":"6 minutes"},"schema":{"@context":"https:\/\/schema.org","@graph":[{"@type":"WebPage","@id":"https:\/\/jardinsetmaisons.info\/index.php\/faire-construire-une-piscine\/","url":"https:\/\/jardinsetmaisons.info\/index.php\/faire-construire-une-piscine\/","name":"Piscines - Jardins et Maisons - Nicolas Berger","isPartOf":{"@id":"https:\/\/jardinsetmaisons.info\/#website"},"primaryImageOfPage":{"@id":"https:\/\/jardinsetmaisons.info\/index.php\/faire-construire-une-piscine\/#primaryimage"},"image":{"@id":"https:\/\/jardinsetmaisons.info\/index.php\/faire-construire-une-piscine\/#primaryimage"},"thumbnailUrl":"https:\/\/jardinsetmaisons.info\/wp-content\/uploads\/2024\/01\/picto-piscine.png","datePublished":"2023-12-06T16:15:30+00:00","dateModified":"2024-02-17T20:15:10+00:00","breadcrumb":{"@id":"https:\/\/jardinsetmaisons.info\/index.php\/faire-construire-une-piscine\/#breadcrumb"},"inLanguage":"fr-FR","potentialAction":[{"@type":"ReadAction","target":["https:\/\/jardinsetmaisons.info\/index.php\/faire-construire-une-piscine\/"]}]},{"@type":"ImageObject","inLanguage":"fr-FR","@id":"https:\/\/jardinsetmaisons.info\/index.php\/faire-construire-une-piscine\/#primaryimage","url":"https:\/\/jardinsetmaisons.info\/wp-content\/uploads\/2024\/01\/picto-piscine.png","contentUrl":"https:\/\/jardinsetmaisons.info\/wp-content\/uploads\/2024\/01\/picto-piscine.png","width":2868,"height":426},{"@type":"BreadcrumbList","@id":"https:\/\/jardinsetmaisons.info\/index.php\/faire-construire-une-piscine\/#breadcrumb","itemListElement":[{"@type":"ListItem","position":1,"name":"Accueil","item":"https:\/\/jardinsetmaisons.info\/"},{"@type":"ListItem","position":2,"name":"Piscines"}]},{"@type":"WebSite","@id":"https:\/\/jardinsetmaisons.info\/#website","url":"https:\/\/jardinsetmaisons.info\/","name":"Jardins et Maisons - Nicolas Berger","description":"Jardins et Maisons - Nicolas Berger","potentialAction":[{"@type":"SearchAction","target":{"@type":"EntryPoint","urlTemplate":"https:\/\/jardinsetmaisons.info\/?s={search_term_string}"},"query-input":{"@type":"PropertyValueSpecification","valueRequired":true,"valueName":"search_term_string"}}],"inLanguage":"fr-FR"}]}},"_links":{"self":[{"href":"https:\/\/jardinsetmaisons.info\/index.php\/wp-json\/wp\/v2\/pages\/1007","targetHints":{"allow":["GET"]}}],"collection":[{"href":"https:\/\/jardinsetmaisons.info\/index.php\/wp-json\/wp\/v2\/pages"}],"about":[{"href":"https:\/\/jardinsetmaisons.info\/index.php\/wp-json\/wp\/v2\/types\/page"}],"author":[{"embeddable":true,"href":"https:\/\/jardinsetmaisons.info\/index.php\/wp-json\/wp\/v2\/users\/1"}],"replies":[{"embeddable":true,"href":"https:\/\/jardinsetmaisons.info\/index.php\/wp-json\/wp\/v2\/comments?post=1007"}],"version-history":[{"count":51,"href":"https:\/\/jardinsetmaisons.info\/index.php\/wp-json\/wp\/v2\/pages\/1007\/revisions"}],"predecessor-version":[{"id":1195,"href":"https:\/\/jardinsetmaisons.info\/index.php\/wp-json\/wp\/v2\/pages\/1007\/revisions\/1195"}],"wp:attachment":[{"href":"https:\/\/jardinsetmaisons.info\/index.php\/wp-json\/wp\/v2\/media?parent=1007"}],"curies":[{"name":"wp","href":"https:\/\/api.w.org\/{rel}","templated":true}]}}